{"id":65,"date":"2021-03-22T09:08:05","date_gmt":"2021-03-22T09:08:05","guid":{"rendered":"https:\/\/ayto3.accesia.info\/?page_id=65"},"modified":"2024-09-18T04:54:58","modified_gmt":"2024-09-18T04:54:58","slug":"ayuntamiento","status":"publish","type":"page","link":"https:\/\/ayto3.accesia.info\/ca\/ayuntamiento\/","title":{"rendered":"Ajuntament"},"content":{"rendered":"<!--themify_builder_content-->\n<div id=\"themify_builder_content-65\" data-postid=\"65\" class=\"themify_builder_content themify_builder_content-65 themify_builder tf_clear\">\n                    <div  data-lazy=\"1\" class=\"module_row themify_builder_row tb_1xmy906 tb_first tf_w\">\n                        <div class=\"row_inner col_align_top tb_col_count_1 tf_box tf_rel\">\n                        <div  data-lazy=\"1\" class=\"module_column tb-column col-full tb_nw75906 first\">\n                    <!-- module text -->\n<div  class=\"module module-text tb_5ve3906\" data-lazy=\"1\">\n        <div  class=\"tb_text_wrap\">\n        <h1><span>Ajuntament<\/span><\/h1>\n    <\/div>\n<\/div>\n<!-- \/module text -->        <div  data-lazy=\"1\" class=\"module_subrow themify_builder_sub_row tf_w col_align_top tb_col_count_3 tb_rqtz906\">\n                <div  data-lazy=\"1\" class=\"module_column sub_column col3-1 tb_t815906 first\">\n                    <!-- module image -->\n<div  class=\"module module-image tb_x1zr906 image-top   tf_mw\" data-lazy=\"1\">\n        <div class=\"image-wrap tf_rel tf_mw\">\n            <a href=\"\/ca\/saluda-del-alcalde\/\">\n                   <img loading=\"lazy\" decoding=\"async\" src=\"https:\/\/ayto3.accesia.info\/wp-content\/uploads\/2024\/09\/saludx.svg\" width=\"80\" height=\"80\" class=\"wp-post-image wp-image-604\" title=\"Salutaci\u00f3 de l&#039;alcalde\" alt=\"Mensaje de bienvenida del alcalde dirigido a los ciudadanos y visitantes, destacando los valores, objetivos y compromisos de su mandato.\">        <\/a>\n    \n        <\/div>\n    <!-- \/image-wrap -->\n    \n        <div class=\"image-content\">\n                    <h3 class=\"image-title\">\n                                    <a href=\"\/ca\/saluda-del-alcalde\/\">\n                        Salutaci\u00f3 de l&#039;alcalde                    <\/a>\n                            <\/h3>\n                        <div class=\"image-caption tb_text_wrap\">\n            Missatge de benvinguda de l&#039;alcalde dirigit als ciutadans i visitants, destacant els valors, els objectius i els compromisos del seu mandat.        <\/div>\n        <!-- \/image-caption -->\n            <\/div>\n    <!-- \/image-content -->\n        <\/div>\n<!-- \/module image -->        <\/div>\n                    <div  data-lazy=\"1\" class=\"module_column sub_column col3-1 tb_a7yb906\">\n                    <!-- module image -->\n<div  class=\"module module-image tb_f0vh594 image-top   tf_mw\" data-lazy=\"1\">\n        <div class=\"image-wrap tf_rel tf_mw\">\n            <a href=\"\/ca\/corporacion-municipal\/\">\n                   <img loading=\"lazy\" decoding=\"async\" src=\"https:\/\/ayto3.accesia.info\/wp-content\/uploads\/2024\/09\/corp-muni.svg\" width=\"80\" height=\"80\" class=\"wp-post-image wp-image-1126\" title=\"Corporaci\u00f3 municipal\" alt=\"Informaci\u00f3n sobre los miembros que componen el gobierno local, incluyendo los concejales, sus funciones y responsabilidades dentro del ayuntamiento.\">        <\/a>\n    \n        <\/div>\n    <!-- \/image-wrap -->\n    \n        <div class=\"image-content\">\n                    <h3 class=\"image-title\">\n                                    <a href=\"\/ca\/corporacion-municipal\/\">\n                        Corporaci\u00f3 municipal                    <\/a>\n                            <\/h3>\n                        <div class=\"image-caption tb_text_wrap\">\n            Informaci\u00f3 sobre els membres que componen el govern local, incloent-hi els regidors, les seves funcions i responsabilitats dins de l&#039;ajuntament.        <\/div>\n        <!-- \/image-caption -->\n            <\/div>\n    <!-- \/image-content -->\n        <\/div>\n<!-- \/module image -->        <\/div>\n                    <div  data-lazy=\"1\" class=\"module_column sub_column col3-1 tb_424h906 last\">\n                    <!-- module image -->\n<div  class=\"module module-image tb_s93v906 image-top   tf_mw\" data-lazy=\"1\">\n        <div class=\"image-wrap tf_rel tf_mw\">\n            <a href=\"\/ca\/agenda-de-alcaldia\/\">\n                   <img loading=\"lazy\" decoding=\"async\" src=\"https:\/\/ayto3.accesia.info\/wp-content\/uploads\/2024\/09\/agenda11.svg\" width=\"80\" height=\"80\" class=\"wp-post-image wp-image-1130\" title=\"Agenda de l&#039;Alcaldia\" alt=\"Calendario oficial de eventos, reuniones y actividades del alcalde, donde los ciudadanos pueden consultar su participaci\u00f3n en actos p\u00fablicos.\">        <\/a>\n    \n        <\/div>\n    <!-- \/image-wrap -->\n    \n        <div class=\"image-content\">\n                    <h3 class=\"image-title\">\n                                    <a href=\"\/ca\/agenda-de-alcaldia\/\">\n                        Agenda de l&#039;Alcaldia                    <\/a>\n                            <\/h3>\n                        <div class=\"image-caption tb_text_wrap\">\n            Calendari oficial d&#039;esdeveniments, reunions i activitats de l&#039;alcalde, on els ciutadans poden consultar la participaci\u00f3 en actes p\u00fablics.        <\/div>\n        <!-- \/image-caption -->\n            <\/div>\n    <!-- \/image-content -->\n        <\/div>\n<!-- \/module image -->        <\/div>\n                    <\/div>\n                <div  data-lazy=\"1\" class=\"module_subrow themify_builder_sub_row tf_w col_align_top tb_col_count_3 tb_2kis87\">\n                <div  data-lazy=\"1\" class=\"module_column sub_column col3-1 tb_6shq87 first\">\n                    <!-- module image -->\n<div  class=\"module module-image tb_0sxd87 image-top   tf_mw\" data-lazy=\"1\">\n        <div class=\"image-wrap tf_rel tf_mw\">\n            <a href=\"\/ca\/grupos-politicos\/\">\n                   <img loading=\"lazy\" decoding=\"async\" src=\"https:\/\/ayto3.accesia.info\/wp-content\/uploads\/2024\/09\/partidos.svg\" width=\"80\" height=\"80\" class=\"wp-post-image wp-image-1123\" title=\"Grups pol\u00edtics\" alt=\"Listado de los diferentes partidos o agrupaciones pol\u00edticas representadas en el ayuntamiento, junto con sus portavoces y representantes.\">        <\/a>\n    \n        <\/div>\n    <!-- \/image-wrap -->\n    \n        <div class=\"image-content\">\n                    <h3 class=\"image-title\">\n                                    <a href=\"\/ca\/grupos-politicos\/\">\n                        Grups pol\u00edtics                    <\/a>\n                            <\/h3>\n                        <div class=\"image-caption tb_text_wrap\">\n            Llistat dels diferents partits o agrupacions pol\u00edtiques representades a l&#039;ajuntament, juntament amb els seus portaveus i representants.        <\/div>\n        <!-- \/image-caption -->\n            <\/div>\n    <!-- \/image-content -->\n        <\/div>\n<!-- \/module image -->        <\/div>\n                    <div  data-lazy=\"1\" class=\"module_column sub_column col3-1 tb_8cqc87\">\n                    <!-- module image -->\n<div  class=\"module module-image tb_58k087 image-top   tf_mw\" data-lazy=\"1\">\n        <div class=\"image-wrap tf_rel tf_mw\">\n            <a href=\"\/ca\/normativa\/\">\n                   <img loading=\"lazy\" decoding=\"async\" src=\"https:\/\/ayto3.accesia.info\/wp-content\/uploads\/2024\/09\/aiaiai.svg\" width=\"80\" height=\"80\" class=\"wp-post-image wp-image-1135\" title=\"Normativa\" alt=\"Recopilaci\u00f3n de leyes, ordenanzas y reglamentos locales que rigen la vida en el municipio y el funcionamiento de la administraci\u00f3n.\">        <\/a>\n    \n        <\/div>\n    <!-- \/image-wrap -->\n    \n        <div class=\"image-content\">\n                    <h3 class=\"image-title\">\n                                    <a href=\"\/ca\/normativa\/\">\n                        Normativa                    <\/a>\n                            <\/h3>\n                        <div class=\"image-caption tb_text_wrap\">\n            Recull de lleis, ordenances i reglaments locals que regeixen la vida al municipi i el funcionament de l&#039;administraci\u00f3.        <\/div>\n        <!-- \/image-caption -->\n            <\/div>\n    <!-- \/image-content -->\n        <\/div>\n<!-- \/module image -->        <\/div>\n                    <div  data-lazy=\"1\" class=\"module_column sub_column col3-1 tb_9mpy87 last\">\n                    <!-- module image -->\n<div  class=\"module module-image tb_mzmw973 image-top   tf_mw\" data-lazy=\"1\">\n        <div class=\"image-wrap tf_rel tf_mw\">\n            <a href=\"\/ca\/documentacion\/\">\n                   <img loading=\"lazy\" decoding=\"async\" src=\"https:\/\/ayto3.accesia.info\/wp-content\/uploads\/2024\/09\/docu.svg\" width=\"80\" height=\"80\" class=\"wp-post-image wp-image-1132\" title=\"Documentaci\u00f3\" alt=\"Secci\u00f3n dedicada a la descarga de documentos p\u00fablicos, como actas, informes, planes y estudios relacionados con la gesti\u00f3n municipal.\">        <\/a>\n    \n        <\/div>\n    <!-- \/image-wrap -->\n    \n        <div class=\"image-content\">\n                    <h3 class=\"image-title\">\n                                    <a href=\"\/ca\/documentacion\/\">\n                        Documentaci\u00f3                    <\/a>\n                            <\/h3>\n                        <div class=\"image-caption tb_text_wrap\">\n            Secci\u00f3 dedicada a la desc\u00e0rrega de documents p\u00fablics, com ara actes, informes, plans i estudis relacionats amb la gesti\u00f3 municipal.        <\/div>\n        <!-- \/image-caption -->\n            <\/div>\n    <!-- \/image-content -->\n        <\/div>\n<!-- \/module image -->        <\/div>\n                    <\/div>\n                <div  data-lazy=\"1\" class=\"module_subrow themify_builder_sub_row tf_w col_align_top tb_col_count_3 tb_pbfe581\">\n                <div  data-lazy=\"1\" class=\"module_column sub_column col3-1 tb_98ja581 first\">\n                    <!-- module image -->\n<div  class=\"module module-image tb_w565581 image-top   tf_mw\" data-lazy=\"1\">\n        <div class=\"image-wrap tf_rel tf_mw\">\n            <a href=\"https:\/\/xilxes.sedelectronica.es\/board\/\" rel=\"noopener\" target=\"_blank\">\n                                   <span class=\"zoom\">\n                <svg  aria-label=\"Open\" class=\"tf_fa tf-ti-new-window\" role=\"img\"><use href=\"#tf-ti-new-window\"><\/use><\/svg>            <\/span>\n                    <img loading=\"lazy\" decoding=\"async\" src=\"https:\/\/ayto3.accesia.info\/wp-content\/uploads\/2024\/09\/tablon-anuncios.svg\" width=\"80\" height=\"80\" class=\"wp-post-image wp-image-1125\" title=\"Taul\u00f3 d&#039;anuncis\" alt=\"Espacio para la publicaci\u00f3n de avisos oficiales, convocatorias, licitaciones y otros comunicados de inter\u00e9s general para los ciudadanos.\">        <\/a>\n    \n        <\/div>\n    <!-- \/image-wrap -->\n    \n        <div class=\"image-content\">\n                    <h3 class=\"image-title\">\n                                    <a href=\"https:\/\/xilxes.sedelectronica.es\/board\/\" rel=\"noopener\" target=\"_blank\">\n                        Taul\u00f3 d&#039;anuncis                    <\/a>\n                            <\/h3>\n                        <div class=\"image-caption tb_text_wrap\">\n            Espai per publicar avisos oficials, convocat\u00f2ries, licitacions i altres comunicats d&#039;inter\u00e8s general per als ciutadans.        <\/div>\n        <!-- \/image-caption -->\n            <\/div>\n    <!-- \/image-content -->\n        <\/div>\n<!-- \/module image -->        <\/div>\n                    <div  data-lazy=\"1\" class=\"module_column sub_column col3-1 tb_4a7j581\">\n                    <!-- module image -->\n<div  class=\"module module-image tb_sh3u623 image-top   tf_mw\" data-lazy=\"1\">\n        <div class=\"image-wrap tf_rel tf_mw\">\n            <a href=\"https:\/\/xilxes.sedelectronica.es\/info.0\" rel=\"noopener\" target=\"_blank\">\n                                   <span class=\"zoom\">\n                <svg  aria-label=\"Open\" class=\"tf_fa tf-ti-new-window\" role=\"img\"><use href=\"#tf-ti-new-window\"><\/use><\/svg>            <\/span>\n                    <img loading=\"lazy\" decoding=\"async\" src=\"https:\/\/ayto3.accesia.info\/wp-content\/uploads\/2024\/09\/sede-bl.svg\" width=\"80\" height=\"80\" class=\"wp-post-image wp-image-1134\" title=\"Seu electr\u00f2nica\" alt=\"Plataforma digital que permite a los ciudadanos realizar tr\u00e1mites y gestiones con el ayuntamiento de manera online, como solicitudes, pagos o consultas, garantizando la seguridad y accesibilidad.\">        <\/a>\n    \n        <\/div>\n    <!-- \/image-wrap -->\n    \n        <div class=\"image-content\">\n                    <h3 class=\"image-title\">\n                                    <a href=\"https:\/\/xilxes.sedelectronica.es\/info.0\" rel=\"noopener\" target=\"_blank\">\n                        Seu electr\u00f2nica                    <\/a>\n                            <\/h3>\n                        <div class=\"image-caption tb_text_wrap\">\n            Plataforma digital que permet als ciutadans realitzar tr\u00e0mits i gestions amb l&#039;ajuntament de manera online, com ara sol\u00b7licituds, pagaments o consultes, garantint la seguretat i l&#039;accessibilitat.        <\/div>\n        <!-- \/image-caption -->\n            <\/div>\n    <!-- \/image-content -->\n        <\/div>\n<!-- \/module image -->        <\/div>\n                    <div  data-lazy=\"1\" class=\"module_column sub_column col3-1 tb_7tnf581 last\">\n                    <!-- module image -->\n<div  class=\"module module-image tb_7fsq581 image-top   tf_mw\" data-lazy=\"1\">\n        <div class=\"image-wrap tf_rel tf_mw\">\n            <a href=\"https:\/\/xilxes.sedelectronica.es\/transparency\" rel=\"noopener\" target=\"_blank\">\n                                   <span class=\"zoom\">\n                <svg  aria-label=\"Open\" class=\"tf_fa tf-ti-new-window\" role=\"img\"><use href=\"#tf-ti-new-window\"><\/use><\/svg>            <\/span>\n                    <img loading=\"lazy\" decoding=\"async\" src=\"https:\/\/ayto3.accesia.info\/wp-content\/uploads\/2024\/09\/transparencia-b-b.svg\" width=\"80\" height=\"80\" class=\"wp-post-image wp-image-1136\" title=\"Portal de transpar\u00e8ncia\" alt=\"Secci\u00f3n dedicada a la publicaci\u00f3n de informaci\u00f3n sobre la gesti\u00f3n municipal, incluyendo presupuestos, contratos y datos de inter\u00e9s para garantizar la transparencia del ayuntamiento.\">        <\/a>\n    \n        <\/div>\n    <!-- \/image-wrap -->\n    \n        <div class=\"image-content\">\n                    <h3 class=\"image-title\">\n                                    <a href=\"https:\/\/xilxes.sedelectronica.es\/transparency\" rel=\"noopener\" target=\"_blank\">\n                        Portal de transpar\u00e8ncia                    <\/a>\n                            <\/h3>\n                        <div class=\"image-caption tb_text_wrap\">\n            Secci\u00f3 dedicada a la publicaci\u00f3 dinformaci\u00f3 sobre la gesti\u00f3 municipal, incloent pressupostos, contractes i dades dinter\u00e8s per garantir la transpar\u00e8ncia de lajuntament.        <\/div>\n        <!-- \/image-caption -->\n            <\/div>\n    <!-- \/image-content -->\n        <\/div>\n<!-- \/module image -->        <\/div>\n                    <\/div>\n                <\/div>\n                        <\/div>\n        <\/div>\n        <\/div>\n<!--\/themify_builder_content-->","protected":false},"excerpt":{"rendered":"<p>Ajuntament<\/p>","protected":false},"author":1,"featured_media":0,"parent":0,"menu_order":0,"comment_status":"closed","ping_status":"closed","template":"","meta":{"footnotes":""},"class_list":["post-65","page","type-page","status-publish","hentry","has-post-title","has-post-date","has-post-category","has-post-tag","has-post-comment","has-post-author",""],"builder_content":"<h1>Ayuntamiento<\/h1>\n<a href=\"\/saluda-del-alcalde\/\"> <img src=\"https:\/\/ayto3.accesia.info\/wp-content\/uploads\/2024\/09\/saludx.svg\" width=\"80\" height=\"80\" title=\"Saludo del Alcalde\" alt=\"Mensaje de bienvenida del alcalde dirigido a los ciudadanos y visitantes, destacando los valores, objetivos y compromisos de su mandato.\"> <\/a> <h3> <a href=\"\/saluda-del-alcalde\/\"> Saludo del Alcalde <\/a> <\/h3> Mensaje de bienvenida del alcalde dirigido a los ciudadanos y visitantes, destacando los valores, objetivos y compromisos de su mandato.\n<a href=\"\/corporacion-municipal\/\"> <img src=\"https:\/\/ayto3.accesia.info\/wp-content\/uploads\/2024\/09\/corp-muni.svg\" width=\"80\" height=\"80\" title=\"Corporaci\u00f3n municipal\" alt=\"Informaci\u00f3n sobre los miembros que componen el gobierno local, incluyendo los concejales, sus funciones y responsabilidades dentro del ayuntamiento.\"> <\/a> <h3> <a href=\"\/corporacion-municipal\/\"> Corporaci\u00f3n municipal <\/a> <\/h3> Informaci\u00f3n sobre los miembros que componen el gobierno local, incluyendo los concejales, sus funciones y responsabilidades dentro del ayuntamiento.\n<a href=\"\/agenda-de-alcaldia\/\"> <img src=\"https:\/\/ayto3.accesia.info\/wp-content\/uploads\/2024\/09\/agenda11.svg\" width=\"80\" height=\"80\" title=\"Agenda de la Alcald\u00eda\" alt=\"Calendario oficial de eventos, reuniones y actividades del alcalde, donde los ciudadanos pueden consultar su participaci\u00f3n en actos p\u00fablicos.\"> <\/a> <h3> <a href=\"\/agenda-de-alcaldia\/\"> Agenda de la Alcald\u00eda <\/a> <\/h3> Calendario oficial de eventos, reuniones y actividades del alcalde, donde los ciudadanos pueden consultar su participaci\u00f3n en actos p\u00fablicos.\n<a href=\"\/grupos-politicos\/\"> <img src=\"https:\/\/ayto3.accesia.info\/wp-content\/uploads\/2024\/09\/partidos.svg\" width=\"80\" height=\"80\" title=\"Grupos pol\u00edticos\" alt=\"Listado de los diferentes partidos o agrupaciones pol\u00edticas representadas en el ayuntamiento, junto con sus portavoces y representantes.\"> <\/a> <h3> <a href=\"\/grupos-politicos\/\"> Grupos pol\u00edticos <\/a> <\/h3> Listado de los diferentes partidos o agrupaciones pol\u00edticas representadas en el ayuntamiento, junto con sus portavoces y representantes.\n<a href=\"\/normativa\/\"> <img src=\"https:\/\/ayto3.accesia.info\/wp-content\/uploads\/2024\/09\/aiaiai.svg\" width=\"80\" height=\"80\" title=\"Normativa\" alt=\"Recopilaci\u00f3n de leyes, ordenanzas y reglamentos locales que rigen la vida en el municipio y el funcionamiento de la administraci\u00f3n.\"> <\/a> <h3> <a href=\"\/normativa\/\"> Normativa <\/a> <\/h3> Recopilaci\u00f3n de leyes, ordenanzas y reglamentos locales que rigen la vida en el municipio y el funcionamiento de la administraci\u00f3n.\n<a href=\"\/documentacion\/\"> <img src=\"https:\/\/ayto3.accesia.info\/wp-content\/uploads\/2024\/09\/docu.svg\" width=\"80\" height=\"80\" title=\"Documentaci\u00f3n\" alt=\"Secci\u00f3n dedicada a la descarga de documentos p\u00fablicos, como actas, informes, planes y estudios relacionados con la gesti\u00f3n municipal.\"> <\/a> <h3> <a href=\"\/documentacion\/\"> Documentaci\u00f3n <\/a> <\/h3> Secci\u00f3n dedicada a la descarga de documentos p\u00fablicos, como actas, informes, planes y estudios relacionados con la gesti\u00f3n municipal.\n<a href=\"https:\/\/xilxes.sedelectronica.es\/board\/\" rel=\"noopener\" target=\"_blank\"> <svg aria-label=\"Open\" role=\"img\"><use href=\"#tf-ti-new-window\"><\/use><\/svg> <img src=\"https:\/\/ayto3.accesia.info\/wp-content\/uploads\/2024\/09\/tablon-anuncios.svg\" width=\"80\" height=\"80\" title=\"Tabl\u00f3n de anuncios\" alt=\"Espacio para la publicaci\u00f3n de avisos oficiales, convocatorias, licitaciones y otros comunicados de inter\u00e9s general para los ciudadanos.\"> <\/a> <h3> <a href=\"https:\/\/xilxes.sedelectronica.es\/board\/\" rel=\"noopener\" target=\"_blank\"> Tabl\u00f3n de anuncios <\/a> <\/h3> Espacio para la publicaci\u00f3n de avisos oficiales, convocatorias, licitaciones y otros comunicados de inter\u00e9s general para los ciudadanos.\n<a href=\"https:\/\/xilxes.sedelectronica.es\/info.0\" rel=\"noopener\" target=\"_blank\"> <svg aria-label=\"Open\" role=\"img\"><use href=\"#tf-ti-new-window\"><\/use><\/svg> <img src=\"https:\/\/ayto3.accesia.info\/wp-content\/uploads\/2024\/09\/sede-bl.svg\" width=\"80\" height=\"80\" title=\"Sede electr\u00f3nica\" alt=\"Plataforma digital que permite a los ciudadanos realizar tr\u00e1mites y gestiones con el ayuntamiento de manera online, como solicitudes, pagos o consultas, garantizando la seguridad y accesibilidad.\"> <\/a> <h3> <a href=\"https:\/\/xilxes.sedelectronica.es\/info.0\" rel=\"noopener\" target=\"_blank\"> Sede electr\u00f3nica <\/a> <\/h3> Plataforma digital que permite a los ciudadanos realizar tr\u00e1mites y gestiones con el ayuntamiento de manera online, como solicitudes, pagos o consultas, garantizando la seguridad y accesibilidad.\n<a href=\"https:\/\/xilxes.sedelectronica.es\/transparency\" rel=\"noopener\" target=\"_blank\"> <svg aria-label=\"Open\" role=\"img\"><use href=\"#tf-ti-new-window\"><\/use><\/svg> <img src=\"https:\/\/ayto3.accesia.info\/wp-content\/uploads\/2024\/09\/transparencia-b-b.svg\" width=\"80\" height=\"80\" title=\"Portal de transparencia\" alt=\"Secci\u00f3n dedicada a la publicaci\u00f3n de informaci\u00f3n sobre la gesti\u00f3n municipal, incluyendo presupuestos, contratos y datos de inter\u00e9s para garantizar la transparencia del ayuntamiento.\"> <\/a> <h3> <a href=\"https:\/\/xilxes.sedelectronica.es\/transparency\" rel=\"noopener\" target=\"_blank\"> Portal de transparencia <\/a> <\/h3> Secci\u00f3n dedicada a la publicaci\u00f3n de informaci\u00f3n sobre la gesti\u00f3n municipal, incluyendo presupuestos, contratos y datos de inter\u00e9s para garantizar la transparencia del ayuntamiento.","_links":{"self":[{"href":"https:\/\/ayto3.accesia.info\/ca\/wp-json\/wp\/v2\/pages\/65","targetHints":{"allow":["GET"]}}],"collection":[{"href":"https:\/\/ayto3.accesia.info\/ca\/wp-json\/wp\/v2\/pages"}],"about":[{"href":"https:\/\/ayto3.accesia.info\/ca\/wp-json\/wp\/v2\/types\/page"}],"author":[{"embeddable":true,"href":"https:\/\/ayto3.accesia.info\/ca\/wp-json\/wp\/v2\/users\/1"}],"replies":[{"embeddable":true,"href":"https:\/\/ayto3.accesia.info\/ca\/wp-json\/wp\/v2\/comments?post=65"}],"version-history":[{"count":39,"href":"https:\/\/ayto3.accesia.info\/ca\/wp-json\/wp\/v2\/pages\/65\/revisions"}],"predecessor-version":[{"id":1156,"href":"https:\/\/ayto3.accesia.info\/ca\/wp-json\/wp\/v2\/pages\/65\/revisions\/1156"}],"wp:attachment":[{"href":"https:\/\/ayto3.accesia.info\/ca\/wp-json\/wp\/v2\/media?parent=65"}],"curies":[{"name":"wp","href":"https:\/\/api.w.org\/{rel}","templated":true}]}}