{"id":63,"date":"2021-03-23T05:54:29","date_gmt":"2021-03-23T05:54:29","guid":{"rendered":"https:\/\/ayto3.accesia.info\/?page_id=63"},"modified":"2024-09-11T04:12:32","modified_gmt":"2024-09-11T04:12:32","slug":"contacto","status":"publish","type":"page","link":"https:\/\/ayto3.accesia.info\/ca\/contacto\/","title":{"rendered":"Contacte"},"content":{"rendered":"<!--themify_builder_content-->\n<div id=\"themify_builder_content-63\" data-postid=\"63\" class=\"themify_builder_content themify_builder_content-63 themify_builder tf_clear\">\n                    <div  data-css_id=\"ee7r466\" data-lazy=\"1\" class=\"module_row themify_builder_row fullwidth tb_ee7r466 tb_first tf_w\">\n                        <div class=\"row_inner col_align_middle gutter-none tb_col_count_2 tf_box tf_rel\">\n                        <div  data-lazy=\"1\" class=\"module_column tb-column col4-2 tb_8m6p468 first\">\n                    <!-- module text -->\n<div  class=\"module module-text tb_gfvu878\" data-lazy=\"1\">\n        <div  class=\"tb_text_wrap\">\n        <h3>Contacta amb nosaltres<\/h3>\n<div>Si tens alguna consulta, suggeriment o necessites m\u00e9s informaci\u00f3, som aqu\u00ed per ajudar-te. Pots posar-te en contacte mitjan\u00e7ant el nostre formulari, per tel\u00e8fon o correu electr\u00f2nic.<\/div>    <\/div>\n<\/div>\n<!-- \/module text --><!-- module buttons -->\n<div  class=\"module module-buttons tb_66ld564 buttons-horizontal solid   rounded buttons-fullwidth\" data-lazy=\"1\">\n        <div class=\"module-buttons-item tf_in_flx\">\n                        <a href=\"tel:964590002\" class=\"ui builder_button tf_in_flx black\" target=\"_blank\" rel=\"noopener\" id=\"Boton1\">\n                                    <em><svg  class=\"tf_fa tf-la-phone-solid\" aria-hidden=\"true\"><use href=\"#tf-la-phone-solid\"><\/use><\/svg><\/em>                                        Tel\u00e8fon                                        <\/a>\n                <\/div>\n            <\/div>\n<!-- \/module buttons -->\n<!-- module buttons -->\n<div  class=\"module module-buttons tb_ffct612 buttons-horizontal solid   rounded buttons-fullwidth\" data-lazy=\"1\">\n        <div class=\"module-buttons-item tf_in_flx\">\n                        <a href=\"mailto:ajuntament@xilxes.es\" class=\"ui builder_button tf_in_flx black\" target=\"_blank\" rel=\"noopener\" id=\"Boton2\">\n                                    <em><svg  class=\"tf_fa tf-la-mail-bulk-solid\" aria-hidden=\"true\"><use href=\"#tf-la-mail-bulk-solid\"><\/use><\/svg><\/em>                                        Correu electr\u00f2nic                                        <\/a>\n                <\/div>\n            <\/div>\n<!-- \/module buttons -->\n        <\/div>\n                    <div  data-lazy=\"1\" class=\"module_column tb-column col4-2 tb_079m100 last\">\n                    <!-- module text -->\n<div  class=\"module module-text tb_wlqi274\" data-lazy=\"1\">\n        <div  class=\"tb_text_wrap\">\n        <h3>Formulari de contacte<\/h3>    <\/div>\n<\/div>\n<!-- \/module text --><!-- module plain text -->\n<div  class=\"module module-plain-text tb_ex6c568\" data-lazy=\"1\">\n        <div class=\"tb_text_wrap\">\n    <div class=\"frm_forms  with_frm_style frm_style_estilo-de-formidable\" id=\"frm_form_2_container\" data-token=\"121d0068e920c7a36d265f56e75df1c4\">\n<form enctype=\"multipart\/form-data\" method=\"post\" class=\"frm-show-form\" id=\"form_formulario-de-contacto\" data-token=\"121d0068e920c7a36d265f56e75df1c4\" action=\"\">\n<div class=\"frm_form_fields\">\n<fieldset>\n<legend class=\"frm_screen_reader\">Formulari de contacte<\/legend>\r\n\r\n<div class=\"frm_fields_container\">\n<input type=\"hidden\" name=\"frm_action\" value=\"create\" \/>\n<input type=\"hidden\" name=\"form_id\" value=\"2\" \/>\n<input type=\"hidden\" name=\"frm_hide_fields_2\" id=\"frm_hide_fields_2\" value=\"\" \/>\n<input type=\"hidden\" name=\"form_key\" value=\"formulario-de-contacto\" \/>\n<input type=\"hidden\" name=\"item_meta[0]\" value=\"\" \/>\n<input type=\"hidden\" id=\"frm_submit_entry_2\" name=\"frm_submit_entry_2\" value=\"c2309d1af7\" \/><input type=\"hidden\" name=\"_wp_http_referer\" value=\"\/ca\/wp-json\/wp\/v2\/pages\/63\" \/><div id=\"frm_field_6_container\" class=\"frm_form_field form-field  frm_required_field frm_top_container frm12 frm_first\">\r\n    <label for=\"field_qh4icy2\" id=\"field_qh4icy2_label\" class=\"frm_primary_label\">Nom\r\n        <span class=\"frm_required\" aria-hidden=\"true\">*<\/span>\r\n    <\/label>\r\n    <input type=\"text\" id=\"field_qh4icy2\" name=\"item_meta[6]\" value=\"\"  data-reqmsg=\"Este campo no puede estar en blanco.\" aria-required=\"true\" data-invmsg=\"Name no es v\u00e1lido\" aria-invalid=\"false\"   aria-describedby=\"frm_desc_field_qh4icy2\"\/>\r\n    <div class=\"frm_description\" id=\"frm_desc_field_qh4icy2\">Nom complet\r\n<\/div>\r\n    \r\n<\/div>\n<div id=\"frm_field_7_container\" class=\"frm_form_field form-field  frm_required_field frm_top_container frm_full\">\r\n    <label for=\"field_29yf4d2\" id=\"field_29yf4d2_label\" class=\"frm_primary_label\">Correu electr\u00f2nic\r\n        <span class=\"frm_required\" aria-hidden=\"true\">*<\/span>\r\n    <\/label>\r\n    <input type=\"email\" id=\"field_29yf4d2\" name=\"item_meta[7]\" value=\"\"  data-reqmsg=\"Este campo no puede estar en blanco.\" aria-required=\"true\" data-invmsg=\"Please enter a valid email address\" aria-invalid=\"false\"  \/>\r\n    \r\n    \r\n<\/div>\n<div id=\"frm_field_8_container\" class=\"frm_form_field form-field  frm_required_field frm_top_container frm_full\">\r\n    <label for=\"field_e6lis62\" id=\"field_e6lis62_label\" class=\"frm_primary_label\">Assumpte\r\n        <span class=\"frm_required\" aria-hidden=\"true\">*<\/span>\r\n    <\/label>\r\n    <input type=\"text\" id=\"field_e6lis62\" name=\"item_meta[8]\" value=\"\"  data-reqmsg=\"Este campo no puede estar en blanco.\" aria-required=\"true\" data-invmsg=\"Subject no es v\u00e1lido\" aria-invalid=\"false\"  \/>\r\n    \r\n    \r\n<\/div>\n<div id=\"frm_field_9_container\" class=\"frm_form_field form-field  frm_required_field frm_top_container frm_full\">\r\n    <label for=\"field_9jv0r12\" id=\"field_9jv0r12_label\" class=\"frm_primary_label\">Missatge\r\n        <span class=\"frm_required\" aria-hidden=\"true\">*<\/span>\r\n    <\/label>\r\n    <textarea name=\"item_meta[9]\" id=\"field_9jv0r12\" rows=\"5\"  data-reqmsg=\"Este campo no puede estar en blanco.\" aria-required=\"true\" data-invmsg=\"Mensaje is invalid\" aria-invalid=\"false\"  ><\/textarea>\r\n    \r\n    \r\n<\/div>\n<div id=\"frm_field_10_container\" class=\"frm_form_field form-field  frm_required_field frm_top_container vertical_radio\">\r\n    <div  id=\"field_ik8qt_label\" class=\"frm_primary_label\">\r\n        <span class=\"frm_required\" aria-hidden=\"true\">*<\/span>\r\n    <\/div>\r\n    <div class=\"frm_opt_container\" aria-labelledby=\"field_ik8qt_label\" role=\"group\">\t\t<div class=\"frm_checkbox\" id=\"frm_checkbox_10-0\">\t\t\t<label  for=\"field_ik8qt-0\">\n\t\t\t<input type=\"checkbox\" name=\"item_meta[10][]\" id=\"field_ik8qt-0\" value=\"He le\u00eddo y acepto los t\u00e9rminos de privacidad del sitio\"  data-reqmsg=\"This field no puede estar en blanco.\" data-invmsg=\"This field is invalid\" aria-invalid=\"false\"   aria-required=\"true\"  \/> He llegit i accepto els termes de privadesa del lloc<\/label><\/div>\n<\/div>\r\n    \r\n    \r\n<\/div>\n<div id=\"frm_field_11_container\" class=\"frm_form_field form-field\">\n\t<div class=\"frm_submit\">\r\n\r\n<button class=\"frm_button_submit\" type=\"submit\"  >Enviar<\/button>\r\n\r\n<\/div>\n<\/div>\n\t<input type=\"hidden\" name=\"item_key\" value=\"\" \/>\n\t\t\t<div id=\"frm_field_12_container\">\n\t\t\t<label for=\"field_lc6qv\" >\n\t\t\t\tIf you are human, leave this field blank.\t\t\t<\/label>\n\t\t\t<input  id=\"field_lc6qv\" type=\"text\" class=\"frm_form_field form-field frm_verify\" name=\"item_meta[12]\" value=\"\"  \/>\n\t\t<\/div>\n\t\t<input name=\"frm_state\" type=\"hidden\" value=\"1epJit2gFTHM1DB10aDCMJYnHCNOHMksQXYwxnCBpYI=\" \/><\/div>\n<\/fieldset>\n<\/div>\n\n<input type=\"hidden\" name=\"trp-form-language\" value=\"ca\"\/><\/form>\n<\/div>\n    <\/div>\n<\/div>\n<!-- \/module plain text -->        <\/div>\n                        <\/div>\n        <\/div>\n        <\/div>\n<!--\/themify_builder_content-->","protected":false},"excerpt":{"rendered":"<p>Contacta con nosotros Si tienes alguna consulta, sugerencia o necesitas m\u00e1s informaci\u00f3n, estamos aqu\u00ed para ayudarte. Puedes ponerte en contacto a trav\u00e9s de nuestro formulario, por tel\u00e9fono o correo electr\u00f3nico.<\/p>","protected":false},"author":1,"featured_media":0,"parent":0,"menu_order":0,"comment_status":"closed","ping_status":"closed","template":"","meta":{"footnotes":""},"class_list":["post-63","page","type-page","status-publish","hentry","has-post-title","has-post-date","has-post-category","has-post-tag","has-post-comment","has-post-author",""],"builder_content":"<h3>Contacta con nosotros<\/h3> Si tienes alguna consulta, sugerencia o necesitas m\u00e1s informaci\u00f3n, estamos aqu\u00ed para ayudarte. Puedes ponerte en contacto a trav\u00e9s de nuestro formulario, por tel\u00e9fono o correo electr\u00f3nico.\n<a href=\"tel:964590002\" target=\"_blank\" rel=\"noopener\" id=\"Boton1\"> <em><svg aria-hidden=\"true\"><use href=\"#tf-la-phone-solid\"><\/use><\/svg><\/em> Tel\u00e9fono <\/a>\n<a href=\"mailto:ajuntament@xilxes.es\" target=\"_blank\" rel=\"noopener\" id=\"Boton2\"> <em><svg aria-hidden=\"true\"><use href=\"#tf-la-mail-bulk-solid\"><\/use><\/svg><\/em> Correu electr\u00f2nic <\/a>\n<h3>Formulario de contacto<\/h3>\n[formidable id=2]","_links":{"self":[{"href":"https:\/\/ayto3.accesia.info\/ca\/wp-json\/wp\/v2\/pages\/63","targetHints":{"allow":["GET"]}}],"collection":[{"href":"https:\/\/ayto3.accesia.info\/ca\/wp-json\/wp\/v2\/pages"}],"about":[{"href":"https:\/\/ayto3.accesia.info\/ca\/wp-json\/wp\/v2\/types\/page"}],"author":[{"embeddable":true,"href":"https:\/\/ayto3.accesia.info\/ca\/wp-json\/wp\/v2\/users\/1"}],"replies":[{"embeddable":true,"href":"https:\/\/ayto3.accesia.info\/ca\/wp-json\/wp\/v2\/comments?post=63"}],"version-history":[{"count":21,"href":"https:\/\/ayto3.accesia.info\/ca\/wp-json\/wp\/v2\/pages\/63\/revisions"}],"predecessor-version":[{"id":1013,"href":"https:\/\/ayto3.accesia.info\/ca\/wp-json\/wp\/v2\/pages\/63\/revisions\/1013"}],"wp:attachment":[{"href":"https:\/\/ayto3.accesia.info\/ca\/wp-json\/wp\/v2\/media?parent=63"}],"curies":[{"name":"wp","href":"https:\/\/api.w.org\/{rel}","templated":true}]}}