{"id":59,"date":"2021-03-26T05:55:11","date_gmt":"2021-03-26T05:55:11","guid":{"rendered":"https:\/\/ayto3.accesia.info\/?page_id=59"},"modified":"2024-09-19T17:28:44","modified_gmt":"2024-09-19T17:28:44","slug":"areas-municipales","status":"publish","type":"page","link":"https:\/\/ayto3.accesia.info\/ca\/areas-municipales\/","title":{"rendered":"\u00c0rees municipals"},"content":{"rendered":"<!--themify_builder_content-->\n<div id=\"themify_builder_content-59\" data-postid=\"59\" class=\"themify_builder_content themify_builder_content-59 themify_builder tf_clear\">\n                    <div  data-lazy=\"1\" class=\"module_row themify_builder_row tb_p9e3138 tb_first tf_w\">\n                        <div class=\"row_inner col_align_top tb_col_count_1 tf_box tf_rel\">\n                        <div  data-lazy=\"1\" class=\"module_column tb-column col-full tb_9gi5138 first\">\n                    <!-- module text -->\n<div  class=\"module module-text tb_mqqr138\" data-lazy=\"1\">\n        <div  class=\"tb_text_wrap\">\n        <h1><span>\u00c0rees municipals<\/span><\/h1>\n    <\/div>\n<\/div>\n<!-- \/module text -->        <div  data-lazy=\"1\" class=\"module_subrow themify_builder_sub_row tf_w col_align_top tb_col_count_5 tb_hxvf138\">\n                <div  data-lazy=\"1\" class=\"module_column sub_column col5-1 tb_1l4m138 first\">\n                    <!-- module image -->\n<div  class=\"module module-image tb_0pg5138 image-top   tf_mw\" data-lazy=\"1\">\n        <div class=\"image-wrap tf_rel tf_mw\">\n            <a href=\"\/ca\/atencion-ciudadana\/\">\n                   <img loading=\"lazy\" decoding=\"async\" src=\"https:\/\/ayto3.accesia.info\/wp-content\/uploads\/2024\/09\/atencion-ciudadanabl.svg\" width=\"80\" height=\"80\" class=\"wp-post-image wp-image-1571\" title=\"Atenci\u00f3 ciutadana\" alt=\"Ofrecemos informaci\u00f3n y asistencia en tr\u00e1mites municipales.\">        <\/a>\n    \n        <\/div>\n    <!-- \/image-wrap -->\n    \n        <div class=\"image-content\">\n                    <h3 class=\"image-title\">\n                                    <a href=\"\/ca\/atencion-ciudadana\/\">\n                        Atenci\u00f3 ciutadana                    <\/a>\n                            <\/h3>\n                        <div class=\"image-caption tb_text_wrap\">\n            Oferim informaci\u00f3 i assist\u00e8ncia a tr\u00e0mits municipals.        <\/div>\n        <!-- \/image-caption -->\n            <\/div>\n    <!-- \/image-content -->\n        <\/div>\n<!-- \/module image -->        <\/div>\n                    <div  data-lazy=\"1\" class=\"module_column sub_column col5-1 tb_05b9138\">\n                    <!-- module image -->\n<div  class=\"module module-image tb_rax0138 image-top   tf_mw\" data-lazy=\"1\">\n        <div class=\"image-wrap tf_rel tf_mw\">\n            <a href=\"\/ca\/hacienda-y-area-economica\/\">\n                   <img loading=\"lazy\" decoding=\"async\" src=\"https:\/\/ayto3.accesia.info\/wp-content\/uploads\/2024\/09\/hacienda.svg\" width=\"80\" height=\"80\" class=\"wp-post-image wp-image-1570\" title=\"Hisenda i \u00e0rea econ\u00f2mica\" alt=\"Gesti\u00f3n de impuestos y finanzas municipales.\">        <\/a>\n    \n        <\/div>\n    <!-- \/image-wrap -->\n    \n        <div class=\"image-content\">\n                    <h3 class=\"image-title\">\n                                    <a href=\"\/ca\/hacienda-y-area-economica\/\">\n                        Hisenda i \u00e0rea econ\u00f2mica                    <\/a>\n                            <\/h3>\n                        <div class=\"image-caption tb_text_wrap\">\n            Gesti\u00f3 dimpostos i finances municipals.        <\/div>\n        <!-- \/image-caption -->\n            <\/div>\n    <!-- \/image-content -->\n        <\/div>\n<!-- \/module image -->        <\/div>\n                    <div  data-lazy=\"1\" class=\"module_column sub_column col5-1 tb_i9e2138\">\n                    <!-- module image -->\n<div  class=\"module module-image tb_t5fl138 image-top   tf_mw\" data-lazy=\"1\">\n        <div class=\"image-wrap tf_rel tf_mw\">\n            <a href=\"\/ca\/servicios-tecnicos\/\">\n                   <img loading=\"lazy\" decoding=\"async\" src=\"https:\/\/ayto3.accesia.info\/wp-content\/uploads\/2024\/09\/servicios-s.svg\" width=\"80\" height=\"80\" class=\"wp-post-image wp-image-1579\" title=\"Serveis t\u00e8cnics\" alt=\"Mantenimiento de infraestructuras y urbanismo.\">        <\/a>\n    \n        <\/div>\n    <!-- \/image-wrap -->\n    \n        <div class=\"image-content\">\n                    <h3 class=\"image-title\">\n                                    <a href=\"\/ca\/servicios-tecnicos\/\">\n                        Serveis t\u00e8cnics                    <\/a>\n                            <\/h3>\n                        <div class=\"image-caption tb_text_wrap\">\n            Manteniment d&#039;infraestructures i urbanisme.        <\/div>\n        <!-- \/image-caption -->\n            <\/div>\n    <!-- \/image-content -->\n        <\/div>\n<!-- \/module image -->        <\/div>\n                    <div  data-lazy=\"1\" class=\"module_column sub_column col5-1 tb_v3eq994\">\n                    <!-- module image -->\n<div  class=\"module module-image tb_x6d6131 image-top   tf_mw\" data-lazy=\"1\">\n        <div class=\"image-wrap tf_rel tf_mw\">\n            <a href=\"\/ca\/servicios-sociales\/\">\n                   <img loading=\"lazy\" decoding=\"async\" src=\"https:\/\/ayto3.accesia.info\/wp-content\/uploads\/2024\/09\/servicio-soci.svg\" width=\"80\" height=\"80\" class=\"wp-post-image wp-image-1577\" title=\"Serveis socials\" alt=\"Apoyo a personas en situaci\u00f3n de vulnerabilidad.\">        <\/a>\n    \n        <\/div>\n    <!-- \/image-wrap -->\n    \n        <div class=\"image-content\">\n                    <h3 class=\"image-title\">\n                                    <a href=\"\/ca\/servicios-sociales\/\">\n                        Serveis socials                    <\/a>\n                            <\/h3>\n                        <div class=\"image-caption tb_text_wrap\">\n            Suport a persones en situaci\u00f3 de vulnerabilitat.        <\/div>\n        <!-- \/image-caption -->\n            <\/div>\n    <!-- \/image-content -->\n        <\/div>\n<!-- \/module image -->        <\/div>\n                    <div  data-lazy=\"1\" class=\"module_column sub_column col5-1 tb_ij8o994 last\">\n                    <!-- module image -->\n<div  class=\"module module-image tb_i444484 image-top   tf_mw\" data-lazy=\"1\">\n        <div class=\"image-wrap tf_rel tf_mw\">\n            <a href=\"\/ca\/agricultura\/\">\n                   <img loading=\"lazy\" decoding=\"async\" src=\"https:\/\/ayto3.accesia.info\/wp-content\/uploads\/2024\/09\/agric.svg\" width=\"80\" height=\"80\" class=\"wp-post-image wp-image-1578\" title=\"Agricultura\" alt=\"Promoci\u00f3n del desarrollo agrario y sostenible.\">        <\/a>\n    \n        <\/div>\n    <!-- \/image-wrap -->\n    \n        <div class=\"image-content\">\n                    <h3 class=\"image-title\">\n                                    <a href=\"\/ca\/agricultura\/\">\n                        Agricultura                    <\/a>\n                            <\/h3>\n                        <div class=\"image-caption tb_text_wrap\">\n            Promoci\u00f3 del desenvolupament agrari i sostenible.        <\/div>\n        <!-- \/image-caption -->\n            <\/div>\n    <!-- \/image-content -->\n        <\/div>\n<!-- \/module image -->        <\/div>\n                    <\/div>\n                <div  data-lazy=\"1\" class=\"module_subrow themify_builder_sub_row tf_w col_align_top tb_col_count_5 tb_6fnr138\">\n                <div  data-lazy=\"1\" class=\"module_column sub_column col5-1 tb_7y8a138 first\">\n                    <!-- module image -->\n<div  class=\"module module-image tb_iogv138 image-top   tf_mw\" data-lazy=\"1\">\n        <div class=\"image-wrap tf_rel tf_mw\">\n            <a href=\"\/ca\/cultura\/\">\n                   <img loading=\"lazy\" decoding=\"async\" src=\"https:\/\/ayto3.accesia.info\/wp-content\/uploads\/2024\/09\/cult.svg\" width=\"80\" height=\"80\" class=\"wp-post-image wp-image-1576\" title=\"Cultura\" alt=\"Fomento de actividades culturales y eventos locales.\">        <\/a>\n    \n        <\/div>\n    <!-- \/image-wrap -->\n    \n        <div class=\"image-content\">\n                    <h3 class=\"image-title\">\n                                    <a href=\"\/ca\/cultura\/\">\n                        Cultura                    <\/a>\n                            <\/h3>\n                        <div class=\"image-caption tb_text_wrap\">\n            Foment dactivitats culturals i esdeveniments locals.        <\/div>\n        <!-- \/image-caption -->\n            <\/div>\n    <!-- \/image-content -->\n        <\/div>\n<!-- \/module image -->        <\/div>\n                    <div  data-lazy=\"1\" class=\"module_column sub_column col5-1 tb_b6c4138\">\n                    <!-- module image -->\n<div  class=\"module module-image tb_9qy4151 image-top   tf_mw\" data-lazy=\"1\">\n        <div class=\"image-wrap tf_rel tf_mw\">\n            <a href=\"https:\/\/www.instagram.com\/regidoriadefestesxilxes\/\" rel=\"noopener\" target=\"_blank\">\n                                   <span class=\"zoom\">\n                <svg  aria-label=\"Open\" class=\"tf_fa tf-ti-new-window\" role=\"img\"><use href=\"#tf-ti-new-window\"><\/use><\/svg>            <\/span>\n                    <img loading=\"lazy\" decoding=\"async\" src=\"https:\/\/ayto3.accesia.info\/wp-content\/uploads\/2024\/09\/fiest.svg\" width=\"80\" height=\"80\" class=\"wp-post-image wp-image-1575\" title=\"Festes\" alt=\"P\u00e1gina de instagram de organizaci\u00f3n de celebraciones tradicionales.\">        <\/a>\n    \n        <\/div>\n    <!-- \/image-wrap -->\n    \n        <div class=\"image-content\">\n                    <h3 class=\"image-title\">\n                                    <a href=\"https:\/\/www.instagram.com\/regidoriadefestesxilxes\/\" rel=\"noopener\" target=\"_blank\">\n                        Festes                    <\/a>\n                            <\/h3>\n                        <div class=\"image-caption tb_text_wrap\">\n            P\u00e0gina d\u00b4instagram d\u00b4organitzaci\u00f3 de celebracions tradicionals.        <\/div>\n        <!-- \/image-caption -->\n            <\/div>\n    <!-- \/image-content -->\n        <\/div>\n<!-- \/module image -->        <\/div>\n                    <div  data-lazy=\"1\" class=\"module_column sub_column col5-1 tb_ane3138\">\n                    <!-- module image -->\n<div  class=\"module module-image tb_4i9x138 image-top   tf_mw\" data-lazy=\"1\">\n        <div class=\"image-wrap tf_rel tf_mw\">\n            <a href=\"\/ca\/deporte\/\">\n                   <img loading=\"lazy\" decoding=\"async\" src=\"https:\/\/ayto3.accesia.info\/wp-content\/uploads\/2024\/09\/deport.svg\" width=\"80\" height=\"80\" class=\"wp-post-image wp-image-1574\" title=\"Esport\" alt=\"Promoci\u00f3n del deporte y actividades para todas las edades.\">        <\/a>\n    \n        <\/div>\n    <!-- \/image-wrap -->\n    \n        <div class=\"image-content\">\n                    <h3 class=\"image-title\">\n                                    <a href=\"\/ca\/deporte\/\">\n                        Esport                    <\/a>\n                            <\/h3>\n                        <div class=\"image-caption tb_text_wrap\">\n            Promoci\u00f3 de lesport i activitats per a totes les edats.        <\/div>\n        <!-- \/image-caption -->\n            <\/div>\n    <!-- \/image-content -->\n        <\/div>\n<!-- \/module image -->        <\/div>\n                    <div  data-lazy=\"1\" class=\"module_column sub_column col5-1 tb_cy5p744\">\n                    <!-- module image -->\n<div  class=\"module module-image tb_b8tw146 image-top   tf_mw\" data-lazy=\"1\">\n        <div class=\"image-wrap tf_rel tf_mw\">\n            <a href=\"\/ca\/nuevas-tecnologias\/\">\n                   <img loading=\"lazy\" decoding=\"async\" src=\"https:\/\/ayto3.accesia.info\/wp-content\/uploads\/2024\/09\/nuevas-tec.svg\" width=\"80\" height=\"80\" class=\"wp-post-image wp-image-1573\" title=\"Noves tecnologies\" alt=\"Digitalizaci\u00f3n de servicios municipales.\">        <\/a>\n    \n        <\/div>\n    <!-- \/image-wrap -->\n    \n        <div class=\"image-content\">\n                    <h3 class=\"image-title\">\n                                    <a href=\"\/ca\/nuevas-tecnologias\/\">\n                        Noves tecnologies                    <\/a>\n                            <\/h3>\n                        <div class=\"image-caption tb_text_wrap\">\n            Digitalitzaci\u00f3 de serveis municipals.        <\/div>\n        <!-- \/image-caption -->\n            <\/div>\n    <!-- \/image-content -->\n        <\/div>\n<!-- \/module image -->        <\/div>\n                    <div  data-lazy=\"1\" class=\"module_column sub_column col5-1 tb_xtvb744 last\">\n                    <!-- module image -->\n<div  class=\"module module-image tb_rz6r138 image-top   tf_mw\" data-lazy=\"1\">\n        <div class=\"image-wrap tf_rel tf_mw\">\n            <a href=\"\/ca\/educacion\/\">\n                   <img loading=\"lazy\" decoding=\"async\" src=\"https:\/\/ayto3.accesia.info\/wp-content\/uploads\/2024\/09\/coleg.svg\" width=\"80\" height=\"80\" class=\"wp-post-image wp-image-1572\" title=\"Educaci\u00f3\" alt=\"Nuestros centros de educaci\u00f3n.\">        <\/a>\n    \n        <\/div>\n    <!-- \/image-wrap -->\n    \n        <div class=\"image-content\">\n                    <h3 class=\"image-title\">\n                                    <a href=\"\/ca\/educacion\/\">\n                        Educaci\u00f3                    <\/a>\n                            <\/h3>\n                        <div class=\"image-caption tb_text_wrap\">\n            Els nostres centres deducaci\u00f3.        <\/div>\n        <!-- \/image-caption -->\n            <\/div>\n    <!-- \/image-content -->\n        <\/div>\n<!-- \/module image -->        <\/div>\n                    <\/div>\n                <\/div>\n                        <\/div>\n        <\/div>\n        <\/div>\n<!--\/themify_builder_content-->","protected":false},"excerpt":{"rendered":"<p>\u00c0rees municipals<\/p>","protected":false},"author":1,"featured_media":0,"parent":0,"menu_order":0,"comment_status":"closed","ping_status":"closed","template":"","meta":{"footnotes":""},"class_list":["post-59","page","type-page","status-publish","hentry","has-post-title","has-post-date","has-post-category","has-post-tag","has-post-comment","has-post-author",""],"builder_content":"<h1>\u00c1reas municipales<\/h1>\n<a href=\"\/atencion-ciudadana\/\"> <img src=\"https:\/\/ayto3.accesia.info\/wp-content\/uploads\/2024\/09\/atencion-ciudadanabl.svg\" width=\"80\" height=\"80\" title=\"Atenci\u00f3n ciudadana\" alt=\"Ofrecemos informaci\u00f3n y asistencia en tr\u00e1mites municipales.\"> <\/a> <h3> <a href=\"\/atencion-ciudadana\/\"> Atenci\u00f3n ciudadana <\/a> <\/h3> Ofrecemos informaci\u00f3n y asistencia en tr\u00e1mites municipales.\n<a href=\"\/hacienda-y-area-economica\/\"> <img src=\"https:\/\/ayto3.accesia.info\/wp-content\/uploads\/2024\/09\/hacienda.svg\" width=\"80\" height=\"80\" title=\"Hacienda y \u00e1rea econ\u00f3mica\" alt=\"Gesti\u00f3n de impuestos y finanzas municipales.\"> <\/a> <h3> <a href=\"\/hacienda-y-area-economica\/\"> Hacienda y \u00e1rea econ\u00f3mica <\/a> <\/h3> Gesti\u00f3n de impuestos y finanzas municipales.\n<a href=\"\/servicios-tecnicos\/\"> <img src=\"https:\/\/ayto3.accesia.info\/wp-content\/uploads\/2024\/09\/servicios-s.svg\" width=\"80\" height=\"80\" title=\"Servicios t\u00e9cnicos\" alt=\"Mantenimiento de infraestructuras y urbanismo.\"> <\/a> <h3> <a href=\"\/servicios-tecnicos\/\"> Servicios t\u00e9cnicos <\/a> <\/h3> Mantenimiento de infraestructuras y urbanismo.\n<a href=\"\/servicios-sociales\/\"> <img src=\"https:\/\/ayto3.accesia.info\/wp-content\/uploads\/2024\/09\/servicio-soci.svg\" width=\"80\" height=\"80\" title=\"Servicios sociales\" alt=\"Apoyo a personas en situaci\u00f3n de vulnerabilidad.\"> <\/a> <h3> <a href=\"\/servicios-sociales\/\"> Servicios sociales <\/a> <\/h3> Apoyo a personas en situaci\u00f3n de vulnerabilidad.\n<a href=\"\/agricultura\/\"> <img src=\"https:\/\/ayto3.accesia.info\/wp-content\/uploads\/2024\/09\/agric.svg\" width=\"80\" height=\"80\" title=\"Agricultura\" alt=\"Promoci\u00f3n del desarrollo agrario y sostenible.\"> <\/a> <h3> <a href=\"\/agricultura\/\"> Agricultura <\/a> <\/h3> Promoci\u00f3n del desarrollo agrario y sostenible.\n<a href=\"\/cultura\/\"> <img src=\"https:\/\/ayto3.accesia.info\/wp-content\/uploads\/2024\/09\/cult.svg\" width=\"80\" height=\"80\" title=\"Cultura\" alt=\"Fomento de actividades culturales y eventos locales.\"> <\/a> <h3> <a href=\"\/cultura\/\"> Cultura <\/a> <\/h3> Fomento de actividades culturales y eventos locales.\n<a href=\"https:\/\/www.instagram.com\/regidoriadefestesxilxes\/\" rel=\"noopener\" target=\"_blank\"> <svg aria-label=\"Open\" role=\"img\"><use href=\"#tf-ti-new-window\"><\/use><\/svg> <img src=\"https:\/\/ayto3.accesia.info\/wp-content\/uploads\/2024\/09\/fiest.svg\" width=\"80\" height=\"80\" title=\"Fiestas\" alt=\"P\u00e1gina de instagram de organizaci\u00f3n de celebraciones tradicionales.\"> <\/a> <h3> <a href=\"https:\/\/www.instagram.com\/regidoriadefestesxilxes\/\" rel=\"noopener\" target=\"_blank\"> Fiestas <\/a> <\/h3> P\u00e1gina de instagram de organizaci\u00f3n de celebraciones tradicionales.\n<a href=\"\/deporte\/\"> <img src=\"https:\/\/ayto3.accesia.info\/wp-content\/uploads\/2024\/09\/deport.svg\" width=\"80\" height=\"80\" title=\"Deporte\" alt=\"Promoci\u00f3n del deporte y actividades para todas las edades.\"> <\/a> <h3> <a href=\"\/deporte\/\"> Deporte <\/a> <\/h3> Promoci\u00f3n del deporte y actividades para todas las edades.\n<a href=\"\/nuevas-tecnologias\/\"> <img src=\"https:\/\/ayto3.accesia.info\/wp-content\/uploads\/2024\/09\/nuevas-tec.svg\" width=\"80\" height=\"80\" title=\"Nuevas tecnolog\u00edas\" alt=\"Digitalizaci\u00f3n de servicios municipales.\"> <\/a> <h3> <a href=\"\/nuevas-tecnologias\/\"> Nuevas tecnolog\u00edas <\/a> <\/h3> Digitalizaci\u00f3n de servicios municipales.\n<a href=\"\/educacion\/\"> <img src=\"https:\/\/ayto3.accesia.info\/wp-content\/uploads\/2024\/09\/coleg.svg\" width=\"80\" height=\"80\" title=\"Educaci\u00f3n\" alt=\"Nuestros centros de educaci\u00f3n.\"> <\/a> <h3> <a href=\"\/educacion\/\"> Educaci\u00f3n <\/a> <\/h3> Nuestros centros de educaci\u00f3n.","_links":{"self":[{"href":"https:\/\/ayto3.accesia.info\/ca\/wp-json\/wp\/v2\/pages\/59","targetHints":{"allow":["GET"]}}],"collection":[{"href":"https:\/\/ayto3.accesia.info\/ca\/wp-json\/wp\/v2\/pages"}],"about":[{"href":"https:\/\/ayto3.accesia.info\/ca\/wp-json\/wp\/v2\/types\/page"}],"author":[{"embeddable":true,"href":"https:\/\/ayto3.accesia.info\/ca\/wp-json\/wp\/v2\/users\/1"}],"replies":[{"embeddable":true,"href":"https:\/\/ayto3.accesia.info\/ca\/wp-json\/wp\/v2\/comments?post=59"}],"version-history":[{"count":48,"href":"https:\/\/ayto3.accesia.info\/ca\/wp-json\/wp\/v2\/pages\/59\/revisions"}],"predecessor-version":[{"id":1581,"href":"https:\/\/ayto3.accesia.info\/ca\/wp-json\/wp\/v2\/pages\/59\/revisions\/1581"}],"wp:attachment":[{"href":"https:\/\/ayto3.accesia.info\/ca\/wp-json\/wp\/v2\/media?parent=59"}],"curies":[{"name":"wp","href":"https:\/\/api.w.org\/{rel}","templated":true}]}}