{"id":441,"date":"2024-09-03T18:05:45","date_gmt":"2024-09-03T18:05:45","guid":{"rendered":"https:\/\/ayto3.accesia.info\/politica-de-privacidad-copy\/"},"modified":"2024-09-03T18:08:19","modified_gmt":"2024-09-03T18:08:19","slug":"declaracion-de-accesibilidad","status":"publish","type":"page","link":"https:\/\/ayto3.accesia.info\/ca\/declaracion-de-accesibilidad\/","title":{"rendered":"Declaracion de accesibilidad"},"content":{"rendered":"<!--themify_builder_content-->\n<div id=\"themify_builder_content-441\" data-postid=\"441\" class=\"themify_builder_content themify_builder_content-441 themify_builder tf_clear\">\n                    <div  data-lazy=\"1\" class=\"module_row themify_builder_row tb_l68d090 tb_first tf_w\">\n                        <div class=\"row_inner col_align_top tb_col_count_1 tf_box tf_rel\">\n                        <div  data-lazy=\"1\" class=\"module_column tb-column col-full tb_irmm979 first\">\n                    <!-- module text -->\n<div  class=\"module module-text tb_6u2j785\" data-lazy=\"1\">\n        <div  class=\"tb_text_wrap\">\n        <h1>Declaraci\u00f3 d&#039;accessibilitat<\/h1>    <\/div>\n<\/div>\n<!-- \/module text --><!-- module text -->\n<div  class=\"module module-text tb_2l8u000\" data-lazy=\"1\">\n        <div  class=\"tb_text_wrap\">\n        <p><strong>Data d&#039;\u00faltima actualitzaci\u00f3: 05\/09\/2024<\/strong><\/p>\n<p>L&#039;Ajuntament de Chilches, en endavant \u201cel responsable del lloc\u201d, s&#039;ha comprom\u00e8s a fer accessible aquest lloc web que esteu visitant, de conformitat amb el Reial Decret 1112\/2018, de 7 de setembre, sobre accessibilitat dels llocs web i aplicacions per a dispositius m\u00f2bils del sector p\u00fablic que trasposa la Directiva (UE) 2016\/2102 del Parlament Europeu i del Consell.<\/p>\n<p>Aquesta declaraci\u00f3 d&#039;accessibilitat s&#039;aplica al web de <a href=\"http:\/\/www.xilxes.es\" target=\"_new\" rel=\"noopener\">www.xilxes.es<\/a>.<\/p>\n<p>Tot i que l&#039;article 15 del Reial decret 1112\/2018 obliga a fer aquesta declaraci\u00f3 d&#039;accessibilitat, la intenci\u00f3 d&#039;aquest document \u00e9s molt m\u00e9s ambiciosa i intenta oferir una informaci\u00f3 clara, detallada i exhaustiva sobre l&#039;accessibilitat del lloc. Per aix\u00f2 t&#039;explicarem:<\/p>\n<ul>\n<li>Quines parts del lloc tenen mesures d&#039;accessibilitat implementades i quines no.<\/li>\n<li>Com podeu comunicar amb el responsable d&#039;aquesta web.<\/li>\n<li>Com podeu presentar una reclamaci\u00f3 relacionada amb l&#039;accessibilitat d&#039;aquest lloc.<br><br><\/li>\n<\/ul>\n<p><strong>Compatibilitat<\/strong><\/p>\n<p>El responsable del lloc web ha plasmat el vostre comprom\u00eds amb l&#039;accessibilitat web a trav\u00e9s de la declaraci\u00f3 institucional de data 12\/07\/2024 que podeu consultar en aquest enlla\u00e7.<br><br><\/p>\n<p><strong>Quines parts del lloc tenen mesures d&#039;accessibilitat implementades i quines no<\/strong><\/p>\n<p>El lloc web que visites t\u00e9 continguts que s\u00f3n parcialment accessibles i conformes amb el Reial decret 1112\/2018. Aquest lloc web aplica els requisits de la Norma UNE-EN 301549:2022 considerant les excepcions del RD 1112\/2018. Tot i aix\u00f2, el responsable del lloc ha volgut assumir un comprom\u00eds m\u00e9s profund amb l&#039;accessibilitat d&#039;aquell que s&#039;exigeix legalment.<\/p>\n<p>El lloc web que visites t\u00e9 implementat un assistent d&#039;accessibilitat que assegura que totes les persones, incloses les persones amb discapacitats, puguin accedir a la informaci\u00f3 i navegar sense dificultats. Aquest programari ha estat desenvolupat per ACCESIA SOLUCIONES SL (<a href=\"https:\/\/accesia.info\/\" target=\"_new\" rel=\"noopener\">https:\/\/accesia.info\/<\/a>).<\/p>\n<p>D&#039;altra banda, s&#039;han detectat alguns continguts que per la seva naturalesa no s\u00f3n conformes amb l&#039;accessibilitat. En concret t&#039;informem que:<\/p>\n<ul>\n<li>Hi ha continguts no textuals que no tenen una alternativa textual, o que tenen una alternativa que no \u00e9s adequada [requisit n\u00famero 9.1.1.1 de la UNE-EN 301549:2022].<\/li>\n<li>Podrien donar-se errors relacionats amb els v\u00eddeos, subt\u00edtols i audiodescripcions i el seu acc\u00e9s per a tots els usuaris [requisits n\u00famero 9.1.2.3 de la UNE-EN 301549:2022].<br><br><\/li>\n<\/ul>\n<p><strong>Com facilita l&#039;assistent d&#039;accessibilitat la navegaci\u00f3?<\/strong><\/p>\n<p>Les funcions de <strong>AJUDA VISUAL<\/strong> ofereixen aquestes eines:<\/p>\n<ul>\n<li>Activar Locucions<\/li>\n<li>Mode Blanc i Negre<\/li>\n<li>Mode Contrast<\/li>\n<li>Destacar Focus<\/li>\n<li>Augmentar mida de la font<\/li>\n<li>Mode Legible<\/li>\n<li>Augmentar mida de la p\u00e0gina<\/li>\n<li>Cursor gran<\/li>\n<li>So en fer clic<\/li>\n<li>Destacar enlla\u00e7os<\/li>\n<li>Descripci\u00f3 d&#039;imatges<\/li>\n<\/ul>\n<p>Les funcions de <strong>AJUDA AUDITIVA<\/strong> ofereixen aquestes eines:<\/p>\n<ul>\n<li>Activar o desactivar els v\u00eddeos en llengua de signes espanyola<\/li>\n<\/ul>\n<p>Les funcions de <strong>AJUDA COGNITIVA<\/strong> ofereixen aquestes eines:<\/p>\n<ul>\n<li>Activar pictogrames<\/li>\n<li>Activar o desactivar v\u00eddeos de llengua de signes espanyola<\/li>\n<li>Cursor gran<\/li>\n<li>Destacar enlla\u00e7os<\/li>\n<li>Mode llegible<\/li>\n<li>Mode disl\u00e8xia<\/li>\n<li>So en fer clic<\/li>\n<li>Descripci\u00f3 d&#039;imatges<\/li>\n<\/ul>\n<p>Totes aquestes dades te&#039;ls presentem d&#039;acord amb l&#039;AUTOAVALUACI\u00d3 que ha dut a terme el responsable del lloc web. Aquesta declaraci\u00f3 ha estat preparada el 12\/07\/2024 i ser\u00e0 revisada i actualitzada peri\u00f2dicament, com a m\u00ednim una vegada a l&#039;any tal com obliga l&#039;article 15 del Reial decret 1112\/2018.<\/p>\n<p>Podeu consultar l&#039;avaluaci\u00f3 realitzada sobre l&#039;accessibilitat de la web en aquest enlla\u00e7.<br><br><\/p>\n<p><strong>Com podeu comunicar amb el responsable d&#039;aquesta web<\/strong><\/p>\n<p>El responsable de la web et facilita els seg\u00fcents mitjans de contacte:<\/p>\n<ul>\n<li>Email: <a rel=\"noopener\">ajuntament@xilxes.es<\/a><\/li>\n<li>Tel\u00e8fon: 964 59 00 02<\/li>\n<\/ul>\n<p>A trav\u00e9s de qualsevol d&#039;aquests mitjans ens podeu informar de qualsevol incompliment dels requisits d&#039;accessibilitat o sol\u00b7licitar la informaci\u00f3 en mat\u00e8ria d&#039;accessibilitat de la nostra web que necessiteu.<\/p>\n<p>L&#039;Ajuntament de Chilches ha donat compet\u00e8ncies en mat\u00e8ria d&#039;accessibilitat a [Nom del Responsable]. Qualsevol sol\u00b7licitud enviada a trav\u00e9s dels mecanismes de comunicaci\u00f3 que us hem indicat seran conegudes i estudiades amb detall.<br><br><\/p>\n<p><strong>Com podeu presentar una reclamaci\u00f3 relacionada amb l&#039;accessibilitat d&#039;aquest lloc<\/strong><\/p>\n<p>En cas que hagis notificat qualsevol incid\u00e8ncia o incompliment dels requisits d&#039;accessibilitat o que hagis sol\u00b7licitat la informaci\u00f3 en mat\u00e8ria d&#039;accessibilitat de la nostra web i la resposta no hagi resultat satisfact\u00f2ria, pots fer una reclamaci\u00f3 a trav\u00e9s d&#039;aquest enlla\u00e7.<\/p>\n<p>La reclamaci\u00f3 ser\u00e0 resolta per l&#039;Ajuntament de Chilches i us ser\u00e0 notificada. La resoluci\u00f3 tindr\u00e0 lloc abans de 20 dies h\u00e0bils.<br><br><\/p>\n<p><strong>Compatibilitat<\/strong><\/p>\n<p>Aquest lloc s&#039;ha dissenyat adaptant-se als est\u00e0ndards i normatives vigents en relaci\u00f3 amb l&#039;accessibilitat, complint amb els punts de verificaci\u00f3 de prioritat 2 (AA) definits a l&#039;especificaci\u00f3 de Pautes d&#039;Accessibilitat al Contingut a la Web (WCAG 2.1). Est\u00e0 optimitzat per a les darreres versions vigents de Chrome, Edge, Firefox, Safari i Opera. Est\u00e0 dissenyat per a la correcta visualitzaci\u00f3 en qualsevol resoluci\u00f3 i dispositiu d&#039;escriptori, tauletes o m\u00f2bils (disseny responsive). S&#039;ha realitzat utilitzant HTML5 com a llenguatge de marcatge i fulls d&#039;estil CSS 3 pel disseny. A m\u00e9s, es fa un treball continu d&#039;auditoria i revisi\u00f3 de continguts per facilitar-ne la interpretaci\u00f3 i millorar la navegaci\u00f3 pel portal web.<\/p>\n<p>El lloc va ser publicat el 14 de gener del 2023.<\/p>\n<p>Text legal redactat per BUFETE ADVOCAT AMIC (<a href=\"https:\/\/www.abogadoamigo.com\/\" target=\"_new\" rel=\"noopener\">https:\/\/www.abogadoamigo.com\/<\/a>).<\/p>    <\/div>\n<\/div>\n<!-- \/module text -->        <\/div>\n                        <\/div>\n        <\/div>\n        <\/div>\n<!--\/themify_builder_content-->","protected":false},"excerpt":{"rendered":"<p>Declaraci\u00f3 d&#039;accessibilitat<\/p>","protected":false},"author":1,"featured_media":0,"parent":0,"menu_order":0,"comment_status":"closed","ping_status":"closed","template":"","meta":{"footnotes":""},"class_list":["post-441","page","type-page","status-publish","hentry","has-post-title","has-post-date","has-post-category","has-post-tag","has-post-comment","has-post-author",""],"builder_content":"<h1>Declaraci\u00f3n de accesibilidad<\/h1>\n<p><strong>Fecha de \u00faltima actualizaci\u00f3n: 05\/09\/2024<\/strong><\/p> <p>El Ayuntamiento de Chilches, en adelante \u201cel responsable del sitio\u201d, se ha comprometido a hacer accesible este sitio web que est\u00e1s visitando, de conformidad con el Real Decreto 1112\/2018, de 7 de septiembre, sobre accesibilidad de los sitios web y aplicaciones para dispositivos m\u00f3viles del sector p\u00fablico que traspone la Directiva (UE) 2016\/2102 del Parlamento Europeo y del Consejo.<\/p> <p>La presente declaraci\u00f3n de accesibilidad se aplica a la web de <a href=\"http:\/\/www.xilxes.es\" target=\"_new\" rel=\"noopener\">www.xilxes.es<\/a>.<\/p> <p>Aunque el art\u00edculo 15 del Real Decreto 1112\/2018 obliga a realizar esta declaraci\u00f3n de accesibilidad, la intenci\u00f3n de este documento es mucho m\u00e1s ambiciosa e intenta ofrecer una informaci\u00f3n clara, detallada y exhaustiva sobre la accesibilidad del sitio. Para ello vamos a explicarte:<\/p> <ul> <li>Qu\u00e9 partes del sitio tienen implementadas medidas de accesibilidad y cu\u00e1les no.<\/li> <li>C\u00f3mo puedes comunicar con el responsable de esta web.<\/li> <li>C\u00f3mo puedes presentar una reclamaci\u00f3n relacionada con la accesibilidad de este sitio.<br><br><\/li> <\/ul> <p><strong>Compatibilidad<\/strong><\/p> <p>El responsable del sitio ha plasmado su compromiso con la accesibilidad web a trav\u00e9s de la declaraci\u00f3n institucional de fecha 12\/07\/2024 que puedes consultar en este enlace.<br><br><\/p> <p><strong>Qu\u00e9 partes del sitio tienen implementadas medidas de accesibilidad y cu\u00e1les no<\/strong><\/p> <p>El sitio web que visitas tiene contenidos que son parcialmente accesibles y conformes con el Real Decreto 1112\/2018. Este sitio web aplica los requisitos de la Norma UNE-EN 301549:2022 considerando las excepciones del RD 1112\/2018. No obstante, el responsable del sitio ha querido asumir un compromiso m\u00e1s profundo con la accesibilidad de aquel que se exige legalmente.<\/p> <p>El sitio web que visitas tiene implementado un asistente de accesibilidad que asegura que todas las personas, incluidas aquellas con discapacidades, puedan acceder a la informaci\u00f3n y navegar sin dificultades. Este software ha sido desarrollado por ACCESIA SOLUCIONES SL (<a href=\"https:\/\/accesia.info\/\" target=\"_new\" rel=\"noopener\">https:\/\/accesia.info\/<\/a>).<\/p> <p>Por otro lado, se ha detectado algunos contenidos que por su naturaleza no son conformes con la accesibilidad. En concreto te informamos de que:<\/p> <ul> <li>Existen contenidos no textuales que pueden carecer de una alternativa textual, o que tienen una alternativa que no es adecuada [requisito n\u00famero 9.1.1.1 de la UNE-EN 301549:2022].<\/li> <li>Podr\u00edan darse errores relacionados con los v\u00eddeos, subt\u00edtulos y audiodescripciones y su acceso para todos los usuarios [requisitos n\u00famero 9.1.2.3 de la UNE-EN 301549:2022].<br><br><\/li> <\/ul> <p><strong>\u00bfC\u00f3mo facilita la navegaci\u00f3n el asistente de accesibilidad?<\/strong><\/p> <p>Las funciones de <strong>AYUDA VISUAL<\/strong> ofrecen estas herramientas:<\/p> <ul> <li>Activar Locuciones<\/li> <li>Modo Blanco y Negro<\/li> <li>Modo Contraste<\/li> <li>Destacar Foco<\/li> <li>Aumentar tama\u00f1o de la fuente<\/li> <li>Modo Legible<\/li> <li>Aumentar tama\u00f1o de la p\u00e1gina<\/li> <li>Cursor grande<\/li> <li>Sonido al hacer click<\/li> <li>Destacar enlaces<\/li> <li>Descripci\u00f3n de im\u00e1genes<\/li> <\/ul> <p>Las funciones de <strong>AYUDA AUDITIVA<\/strong> ofrecen estas herramientas:<\/p> <ul> <li>Activar o desactivar los videos en lengua de signos espa\u00f1ola<\/li> <\/ul> <p>Las funciones de <strong>AYUDA COGNITIVA<\/strong> ofrecen estas herramientas:<\/p> <ul> <li>Activar pictogramas<\/li> <li>Activar o desactivar videos de lengua de signos espa\u00f1ola<\/li> <li>Cursor grande<\/li> <li>Destacar enlaces<\/li> <li>Modo legible<\/li> <li>Modo dislexia<\/li> <li>Sonido al hacer click<\/li> <li>Descripci\u00f3n de im\u00e1genes<\/li> <\/ul> <p>Todos estos datos te los presentamos conforme a la AUTOEVALUACI\u00d3N que ha llevado a cabo el responsable del sitio web. Esta declaraci\u00f3n ha sido preparada el 12\/07\/2024 y ser\u00e1 revisada y actualizada peri\u00f3dicamente, como m\u00ednimo una vez al a\u00f1o tal y como obliga el art\u00edculo 15 del Real Decreto 1112\/2018.<\/p> <p>Puedes consultar la evaluaci\u00f3n realizada sobre la accesibilidad de la web en este enlace.<br><br><\/p> <p><strong>C\u00f3mo puedes comunicar con el responsable de esta web<\/strong><\/p> <p>El responsable de la web te facilita los siguientes medios de contacto:<\/p> <ul> <li>Email: <a rel=\"noopener\">ajuntament@xilxes.es<\/a><\/li> <li>Tel\u00e9fono: 964 59 00 02<\/li> <\/ul> <p>A trav\u00e9s de cualquiera de estos medios puedes informarnos de cualquier incumplimiento de los requisitos de accesibilidad o solicitar la informaci\u00f3n en materia de accesibilidad de nuestra web que necesites.<\/p> <p>El Ayuntamiento de Chilches ha dado competencias en materia de accesibilidad a [Nombre del Responsable]. Cualquier solicitud enviada a trav\u00e9s de los mecanismos de comunicaci\u00f3n que te hemos indicado ser\u00e1n conocidas y estudiadas con detalle.<br><br><\/p> <p><strong>C\u00f3mo puedes presentar una reclamaci\u00f3n relacionada con la accesibilidad de este sitio<\/strong><\/p> <p>En caso de que hayas notificado cualquier incidencia o incumplimiento de los requisitos de accesibilidad o de que hayas solicitado la informaci\u00f3n en materia de accesibilidad de nuestra web y la respuesta no haya resultado satisfactoria, puedes realizar una reclamaci\u00f3n a trav\u00e9s de este enlace.<\/p> <p>La reclamaci\u00f3n ser\u00e1 resuelta por el Ayuntamiento de Chilches y te ser\u00e1 notificada. La resoluci\u00f3n tendr\u00e1 lugar antes de 20 d\u00edas h\u00e1biles.<br><br><\/p> <p><strong>Compatibilidad<\/strong><\/p> <p>Este sitio se ha dise\u00f1ado adapt\u00e1ndose a los est\u00e1ndares y normativas vigentes en relaci\u00f3n a la accesibilidad, cumpliendo con los puntos de verificaci\u00f3n de prioridad 2 (AA) definidos en la especificaci\u00f3n de Pautas de Accesibilidad al Contenido en la Web (WCAG 2.1). Est\u00e1 optimizado para las \u00faltimas versiones vigentes de Chrome, Edge, Firefox, Safari y Opera. Est\u00e1 dise\u00f1ado para su correcta visualizaci\u00f3n en cualquier resoluci\u00f3n y dispositivo de escritorio, tabletas o m\u00f3viles (dise\u00f1o responsive). Se ha realizado utilizando HTML5 como lenguaje de marcado y hojas de estilo CSS 3 para su dise\u00f1o. Adem\u00e1s, se realiza un trabajo continuo de auditor\u00eda y revisi\u00f3n de contenidos para facilitar su interpretaci\u00f3n y mejorar la navegaci\u00f3n por el portal web.<\/p> <p>El sitio fue publicado en 14 de enero del 2023.<\/p> <p>Texto legal redactado por BUFETE ABOGADO AMIGO (<a href=\"https:\/\/www.abogadoamigo.com\/\" target=\"_new\" rel=\"noopener\">https:\/\/www.abogadoamigo.com\/<\/a>).<\/p>","_links":{"self":[{"href":"https:\/\/ayto3.accesia.info\/ca\/wp-json\/wp\/v2\/pages\/441","targetHints":{"allow":["GET"]}}],"collection":[{"href":"https:\/\/ayto3.accesia.info\/ca\/wp-json\/wp\/v2\/pages"}],"about":[{"href":"https:\/\/ayto3.accesia.info\/ca\/wp-json\/wp\/v2\/types\/page"}],"author":[{"embeddable":true,"href":"https:\/\/ayto3.accesia.info\/ca\/wp-json\/wp\/v2\/users\/1"}],"replies":[{"embeddable":true,"href":"https:\/\/ayto3.accesia.info\/ca\/wp-json\/wp\/v2\/comments?post=441"}],"version-history":[{"count":7,"href":"https:\/\/ayto3.accesia.info\/ca\/wp-json\/wp\/v2\/pages\/441\/revisions"}],"predecessor-version":[{"id":448,"href":"https:\/\/ayto3.accesia.info\/ca\/wp-json\/wp\/v2\/pages\/441\/revisions\/448"}],"wp:attachment":[{"href":"https:\/\/ayto3.accesia.info\/ca\/wp-json\/wp\/v2\/media?parent=441"}],"curies":[{"name":"wp","href":"https:\/\/api.w.org\/{rel}","templated":true}]}}