{"id":327,"date":"2024-09-03T16:53:29","date_gmt":"2024-09-03T16:53:29","guid":{"rendered":"https:\/\/ayto3.accesia.info\/?page_id=327"},"modified":"2024-09-11T06:08:33","modified_gmt":"2024-09-11T06:08:33","slug":"el-municipio","status":"publish","type":"page","link":"https:\/\/ayto3.accesia.info\/ca\/chilches\/el-municipio\/","title":{"rendered":"El municipi"},"content":{"rendered":"<!--themify_builder_content-->\n<div id=\"themify_builder_content-327\" data-postid=\"327\" class=\"themify_builder_content themify_builder_content-327 themify_builder tf_clear\">\n                    <div  data-lazy=\"1\" class=\"module_row themify_builder_row tb_wc9r000 tb_first tf_w\">\n                        <div class=\"row_inner col_align_top tb_col_count_1 tf_box tf_rel\">\n                        <div  data-lazy=\"1\" class=\"module_column tb-column col-full tb_g8dv005 first\">\n                    <!-- module text -->\n<div  class=\"module module-text tb_6vmv447\" data-lazy=\"1\">\n        <div  class=\"tb_text_wrap\">\n        <h1>El municipi<\/h1>\n<p>Chilches \u00e9s un poble situat a la Plana Baixa, una comarca a la prov\u00edncia de Castell\u00f3. El nostre clima \u00e9s c\u00e0lid, t\u00edpic de la costa mediterr\u00e0nia.<\/p>\n<p>Les nostres platges es troben a uns 3 quil\u00f2metres del nucli urb\u00e0 del municipi, al costat del nostre poblat mar\u00edtim.<\/p>\n<p>La nostra activitat econ\u00f2mica es basa en l&#039;agricultura i la ind\u00fastria principalment. T\u00edpics i famosos s\u00f3n els melons de Xilxes, cultivats a l&#039;estiu a la nostra marjal, a part de grans extensions de c\u00edtrics, clementines majorit\u00e0riament.<\/p>    <\/div>\n<\/div>\n<!-- \/module text -->        <\/div>\n                        <\/div>\n        <\/div>\n                        <div  data-lazy=\"1\" class=\"module_row themify_builder_row tb_9xkk935 tf_w\">\n                        <div class=\"row_inner col_align_top tb_col_count_1 tf_box tf_rel\">\n                        <div  data-lazy=\"1\" class=\"module_column tb-column col-full tb_kumz935 first\">\n                    <!-- module video -->\n<div  class=\"module module-video tb_wlif433 video-top\" data-lazy=\"1\">\n                    <div class=\"video-wrap-outer\">\n            <div class=\"video-wrap tf_rel tf_overflow\">\n                                    <noscript><iframe data-no-script src=\"https:\/\/www.youtube.com\/embed\/2rRN1aAa8s0?pip=1&playsinline=1&start=38&controls=0\" allow=\"accelerometer;encrypted-media;gyroscope;picture-in-picture;fullscreen\" class=\"tf_abs tf_w tf_h\"><\/iframe><\/noscript>\n                                <\/div>\n            <!-- \/video-wrap -->\n        <\/div>\n        <!-- \/video-wrap-outer -->\n            <\/div>\n        <\/div>\n                        <\/div>\n        <\/div>\n                        <div  data-lazy=\"1\" class=\"module_row themify_builder_row tb_xpln790 tf_w\">\n                        <div class=\"row_inner col_align_top tb_col_count_1 tf_box tf_rel\">\n                        <div  data-lazy=\"1\" class=\"module_column tb-column col-full tb_6ijh790 first\">\n                    <!-- module video -->\n<div  class=\"module module-video tb_zscw790 video-top\" data-lazy=\"1\">\n                    <div class=\"video-wrap-outer\">\n            <div class=\"video-wrap tf_rel tf_overflow\">\n                                    <noscript><iframe data-no-script src=\"https:\/\/www.youtube.com\/embed\/NnwVBbcDpzg?pip=1&playsinline=1&controls=0\" allow=\"accelerometer;encrypted-media;gyroscope;picture-in-picture;fullscreen\" class=\"tf_abs tf_w tf_h\"><\/iframe><\/noscript>\n                                <\/div>\n            <!-- \/video-wrap -->\n        <\/div>\n        <!-- \/video-wrap-outer -->\n            <\/div>\n        <\/div>\n                        <\/div>\n        <\/div>\n                        <div  data-lazy=\"1\" class=\"module_row themify_builder_row tb_epro153 tf_w\">\n            <span class=\"tb_row_frame_wrap tf_overflow tf_abs\" data-lazy=\"1\"><span class=\"tb_row_frame tb_row_frame_top  tf_abs tf_hide tf_overflow tf_w\"><\/span><\/span>            <div class=\"row_inner col_align_top tb_col_count_1 tf_box tf_rel\">\n                        <div  data-lazy=\"1\" class=\"module_column tb-column tb_20bk153 first\">\n                            <\/div>\n                        <\/div>\n        <\/div>\n        <\/div>\n<!--\/themify_builder_content-->","protected":false},"excerpt":{"rendered":"<p>El municipio Chilches es un pueblo situado en La Plana Baixa, una comarca en la provincia de Castell\u00f3. Nuestro clima es c\u00e1lido, t\u00edpico de la costa mediterr\u00e1nea. Nuestras playas se encuentran a unos 3 kil\u00f3metros del casco urbano del municipio, junto a nuestro poblado mar\u00edtimo. Nuestra actividad econ\u00f3mica se basa en la agricultura y la [&hellip;]<\/p>","protected":false},"author":1,"featured_media":0,"parent":325,"menu_order":0,"comment_status":"closed","ping_status":"closed","template":"","meta":{"footnotes":""},"class_list":["post-327","page","type-page","status-publish","hentry","has-post-title","has-post-date","has-post-category","has-post-tag","has-post-comment","has-post-author",""],"builder_content":"<h1>El municipio<\/h1> <p>Chilches es un pueblo situado en La Plana Baixa, una comarca en la provincia de Castell\u00f3. Nuestro clima es c\u00e1lido, t\u00edpico de la costa mediterr\u00e1nea.<\/p> <p>Nuestras playas se encuentran a unos 3 kil\u00f3metros del casco urbano del municipio, junto a nuestro poblado mar\u00edtimo.<\/p> <p>Nuestra actividad econ\u00f3mica se basa en la agricultura y la industria, principalmente. T\u00edpicos y famosos son los melones de Xilxes, cultivados en verano en nuestra marjal, a parte de grandes extensiones de c\u00edtricos, clementinas en su mayor\u00eda.<\/p>\n[embed]https:\/\/www.youtube.com\/watch?v=2rRN1aAa8s0&#038;t=74s[\/embed]\n[embed]https:\/\/www.youtube.com\/watch?v=NnwVBbcDpzg[\/embed]","_links":{"self":[{"href":"https:\/\/ayto3.accesia.info\/ca\/wp-json\/wp\/v2\/pages\/327","targetHints":{"allow":["GET"]}}],"collection":[{"href":"https:\/\/ayto3.accesia.info\/ca\/wp-json\/wp\/v2\/pages"}],"about":[{"href":"https:\/\/ayto3.accesia.info\/ca\/wp-json\/wp\/v2\/types\/page"}],"author":[{"embeddable":true,"href":"https:\/\/ayto3.accesia.info\/ca\/wp-json\/wp\/v2\/users\/1"}],"replies":[{"embeddable":true,"href":"https:\/\/ayto3.accesia.info\/ca\/wp-json\/wp\/v2\/comments?post=327"}],"version-history":[{"count":9,"href":"https:\/\/ayto3.accesia.info\/ca\/wp-json\/wp\/v2\/pages\/327\/revisions"}],"predecessor-version":[{"id":1100,"href":"https:\/\/ayto3.accesia.info\/ca\/wp-json\/wp\/v2\/pages\/327\/revisions\/1100"}],"up":[{"embeddable":true,"href":"https:\/\/ayto3.accesia.info\/ca\/wp-json\/wp\/v2\/pages\/325"}],"wp:attachment":[{"href":"https:\/\/ayto3.accesia.info\/ca\/wp-json\/wp\/v2\/media?parent=327"}],"curies":[{"name":"wp","href":"https:\/\/api.w.org\/{rel}","templated":true}]}}