{"id":325,"date":"2024-09-03T16:52:52","date_gmt":"2024-09-03T16:52:52","guid":{"rendered":"https:\/\/ayto3.accesia.info\/?page_id=325"},"modified":"2024-09-19T17:33:11","modified_gmt":"2024-09-19T17:33:11","slug":"chilches","status":"publish","type":"page","link":"https:\/\/ayto3.accesia.info\/ca\/chilches\/","title":{"rendered":"Xilxes"},"content":{"rendered":"<!--themify_builder_content-->\n<div id=\"themify_builder_content-325\" data-postid=\"325\" class=\"themify_builder_content themify_builder_content-325 themify_builder tf_clear\">\n                    <div  data-lazy=\"1\" class=\"module_row themify_builder_row tb_1xmy906 tb_first tf_w\">\n                        <div class=\"row_inner col_align_top tb_col_count_1 tf_box tf_rel\">\n                        <div  data-lazy=\"1\" class=\"module_column tb-column col-full tb_nw75906 first\">\n                    <!-- module text -->\n<div  class=\"module module-text tb_5ve3906\" data-lazy=\"1\">\n        <div  class=\"tb_text_wrap\">\n        <h1><span>Xilxes<\/span><\/h1>\n    <\/div>\n<\/div>\n<!-- \/module text -->        <div  data-lazy=\"1\" class=\"module_subrow themify_builder_sub_row tf_w col_align_top tb_col_count_3 tb_rqtz906\">\n                <div  data-lazy=\"1\" class=\"module_column sub_column col3-1 tb_t815906 first\">\n                    <!-- module image -->\n<div  class=\"module module-image tb_rx38906 image-top   tf_mw\" data-lazy=\"1\">\n        <div class=\"image-wrap tf_rel tf_mw\">\n            <a href=\"\/ca\/el-municipio\/\">\n                   <img loading=\"lazy\" decoding=\"async\" src=\"https:\/\/ayto3.accesia.info\/wp-content\/uploads\/2024\/09\/munici.svg\" width=\"80\" height=\"80\" class=\"wp-post-image wp-image-1587\" title=\"El municipi\" alt=\"Informaci\u00f3n general sobre Chilches y su historia.\">        <\/a>\n    \n        <\/div>\n    <!-- \/image-wrap -->\n    \n        <div class=\"image-content\">\n                    <h3 class=\"image-title\">\n                                    <a href=\"\/ca\/el-municipio\/\">\n                        El municipi                    <\/a>\n                            <\/h3>\n                        <div class=\"image-caption tb_text_wrap\">\n            Informaci\u00f3 general sobre Chilches i la seua hist\u00f2ria.        <\/div>\n        <!-- \/image-caption -->\n            <\/div>\n    <!-- \/image-content -->\n        <\/div>\n<!-- \/module image -->        <\/div>\n                    <div  data-lazy=\"1\" class=\"module_column sub_column col3-1 tb_a7yb906\">\n                    <!-- module image -->\n<div  class=\"module module-image tb_s93v906 image-top   tf_mw\" data-lazy=\"1\">\n        <div class=\"image-wrap tf_rel tf_mw\">\n            <a href=\"\/ca\/agenda\/\">\n                   <img loading=\"lazy\" decoding=\"async\" src=\"https:\/\/ayto3.accesia.info\/wp-content\/uploads\/2024\/09\/agend.svg\" width=\"80\" height=\"80\" class=\"wp-post-image wp-image-1585\" title=\"Agenda\" alt=\"Calendario de eventos y actividades locales.\">        <\/a>\n    \n        <\/div>\n    <!-- \/image-wrap -->\n    \n        <div class=\"image-content\">\n                    <h3 class=\"image-title\">\n                                    <a href=\"\/ca\/agenda\/\">\n                        Agenda                    <\/a>\n                            <\/h3>\n                        <div class=\"image-caption tb_text_wrap\">\n            Calendari d\u00b4esdeveniments i activitats locals.        <\/div>\n        <!-- \/image-caption -->\n            <\/div>\n    <!-- \/image-content -->\n        <\/div>\n<!-- \/module image -->        <\/div>\n                    <div  data-lazy=\"1\" class=\"module_column sub_column col3-1 tb_424h906 last\">\n                    <!-- module image -->\n<div  class=\"module module-image tb_0sxd87 image-top   tf_mw\" data-lazy=\"1\">\n        <div class=\"image-wrap tf_rel tf_mw\">\n            <a href=\"\/ca\/la-guia-util\/\">\n                   <img loading=\"lazy\" decoding=\"async\" src=\"https:\/\/ayto3.accesia.info\/wp-content\/uploads\/2024\/09\/guia-ut.svg\" width=\"80\" height=\"80\" class=\"wp-post-image wp-image-1584\" title=\"La guia \u00fatil\" alt=\"Informaci\u00f3n pr\u00e1ctica sobre servicios y recursos municipales.\">        <\/a>\n    \n        <\/div>\n    <!-- \/image-wrap -->\n    \n        <div class=\"image-content\">\n                    <h3 class=\"image-title\">\n                                    <a href=\"\/ca\/la-guia-util\/\">\n                        La guia \u00fatil                    <\/a>\n                            <\/h3>\n                        <div class=\"image-caption tb_text_wrap\">\n            Informaci\u00f3 pr\u00e0ctica sobre serveis i recursos municipals.        <\/div>\n        <!-- \/image-caption -->\n            <\/div>\n    <!-- \/image-content -->\n        <\/div>\n<!-- \/module image -->        <\/div>\n                    <\/div>\n                <div  data-lazy=\"1\" class=\"module_subrow themify_builder_sub_row tf_w col_align_top tb_col_count_3 tb_2kis87\">\n                <div  data-lazy=\"1\" class=\"module_column sub_column col3-1 tb_6shq87 first\">\n                    <!-- module image -->\n<div  class=\"module module-image tb_58k087 image-top   tf_mw\" data-lazy=\"1\">\n        <div class=\"image-wrap tf_rel tf_mw\">\n            <a href=\"http:\/\/www.xilxesturismo.es\/\" rel=\"noopener\" target=\"_blank\">\n                                   <span class=\"zoom\">\n                <svg  aria-label=\"Open\" class=\"tf_fa tf-ti-new-window\" role=\"img\"><use href=\"#tf-ti-new-window\"><\/use><\/svg>            <\/span>\n                    <img loading=\"lazy\" decoding=\"async\" src=\"https:\/\/ayto3.accesia.info\/wp-content\/uploads\/2024\/09\/turism.svg\" width=\"80\" height=\"80\" class=\"wp-post-image wp-image-1583\" title=\"Turisme\" alt=\"Enlace a la p\u00e1gina de turismo de Chilches\">        <\/a>\n    \n        <\/div>\n    <!-- \/image-wrap -->\n    \n        <div class=\"image-content\">\n                    <h3 class=\"image-title\">\n                                    <a href=\"http:\/\/www.xilxesturismo.es\/\" rel=\"noopener\" target=\"_blank\">\n                        Turisme                    <\/a>\n                            <\/h3>\n                        <div class=\"image-caption tb_text_wrap\">\n            Enlla\u00e7 a la p\u00e0gina de turisme de Xilxes        <\/div>\n        <!-- \/image-caption -->\n            <\/div>\n    <!-- \/image-content -->\n        <\/div>\n<!-- \/module image -->        <\/div>\n                    <div  data-lazy=\"1\" class=\"module_column sub_column col3-1 tb_8cqc87\">\n                    <!-- module image -->\n<div  class=\"module module-image tb_nih087 image-top   tf_mw\" data-lazy=\"1\">\n        <div class=\"image-wrap tf_rel tf_mw\">\n            <a href=\"\/ca\/instalaciones\/\">\n                   <img loading=\"lazy\" decoding=\"async\" src=\"https:\/\/ayto3.accesia.info\/wp-content\/uploads\/2024\/09\/instal.svg\" width=\"80\" height=\"80\" class=\"wp-post-image wp-image-1582\" title=\"Instal\u00b7lacions\" alt=\"Descripci\u00f3n e informaci\u00f3n de las infraestructuras y espacios p\u00fablicos.\">        <\/a>\n    \n        <\/div>\n    <!-- \/image-wrap -->\n    \n        <div class=\"image-content\">\n                    <h3 class=\"image-title\">\n                                    <a href=\"\/ca\/instalaciones\/\">\n                        Instal\u00b7lacions                    <\/a>\n                            <\/h3>\n                        <div class=\"image-caption tb_text_wrap\">\n            Descripci\u00f3 i informaci\u00f3 de les infraestructures i espais p\u00fablics.        <\/div>\n        <!-- \/image-caption -->\n            <\/div>\n    <!-- \/image-content -->\n        <\/div>\n<!-- \/module image -->        <\/div>\n                    <div  data-lazy=\"1\" class=\"module_column sub_column col3-1 tb_9mpy87 last\">\n                    <!-- module image -->\n<div  class=\"module module-image tb_l13n179 image-top   tf_mw\" data-lazy=\"1\">\n        <div class=\"image-wrap tf_rel tf_mw\">\n            <a href=\"https:\/\/www.avamet.org\/mxo_i.php?id=c06m053e01\" rel=\"noopener\" target=\"_blank\">\n                                   <span class=\"zoom\">\n                <svg  aria-label=\"Open\" class=\"tf_fa tf-ti-new-window\" role=\"img\"><use href=\"#tf-ti-new-window\"><\/use><\/svg>            <\/span>\n                    <img loading=\"lazy\" decoding=\"async\" src=\"https:\/\/ayto3.accesia.info\/wp-content\/uploads\/2024\/09\/eltiem.svg\" width=\"80\" height=\"80\" class=\"wp-post-image wp-image-1586\" title=\"El temps\" alt=\"Enlace al pron\u00f3stico meteorol\u00f3gico del municipio.\">        <\/a>\n    \n        <\/div>\n    <!-- \/image-wrap -->\n    \n        <div class=\"image-content\">\n                    <h3 class=\"image-title\">\n                                    <a href=\"https:\/\/www.avamet.org\/mxo_i.php?id=c06m053e01\" rel=\"noopener\" target=\"_blank\">\n                        El temps                    <\/a>\n                            <\/h3>\n                        <div class=\"image-caption tb_text_wrap\">\n            Enlla\u00e7 al pron\u00f2stic meteorol\u00f2gic del municipi.        <\/div>\n        <!-- \/image-caption -->\n            <\/div>\n    <!-- \/image-content -->\n        <\/div>\n<!-- \/module image -->        <\/div>\n                    <\/div>\n                <\/div>\n                        <\/div>\n        <\/div>\n        <\/div>\n<!--\/themify_builder_content-->","protected":false},"excerpt":{"rendered":"<p>Xilxes<\/p>","protected":false},"author":1,"featured_media":0,"parent":0,"menu_order":0,"comment_status":"closed","ping_status":"closed","template":"","meta":{"footnotes":""},"class_list":["post-325","page","type-page","status-publish","hentry","has-post-title","has-post-date","has-post-category","has-post-tag","has-post-comment","has-post-author",""],"builder_content":"<h1>Chilches<\/h1>\n<a href=\"\/el-municipio\/\"> <img src=\"https:\/\/ayto3.accesia.info\/wp-content\/uploads\/2024\/09\/munici.svg\" width=\"80\" height=\"80\" title=\"El municipio\" alt=\"Informaci\u00f3n general sobre Chilches y su historia.\"> <\/a> <h3> <a href=\"\/el-municipio\/\"> El municipio <\/a> <\/h3> Informaci\u00f3n general sobre Chilches y su historia.\n<a href=\"\/agenda\/\"> <img src=\"https:\/\/ayto3.accesia.info\/wp-content\/uploads\/2024\/09\/agend.svg\" width=\"80\" height=\"80\" title=\"Agenda\" alt=\"Calendario de eventos y actividades locales.\"> <\/a> <h3> <a href=\"\/agenda\/\"> Agenda <\/a> <\/h3> Calendario de eventos y actividades locales.\n<a href=\"\/la-guia-util\/\"> <img src=\"https:\/\/ayto3.accesia.info\/wp-content\/uploads\/2024\/09\/guia-ut.svg\" width=\"80\" height=\"80\" title=\"La gu\u00eda \u00fatil\" alt=\"Informaci\u00f3n pr\u00e1ctica sobre servicios y recursos municipales.\"> <\/a> <h3> <a href=\"\/la-guia-util\/\"> La gu\u00eda \u00fatil <\/a> <\/h3> Informaci\u00f3n pr\u00e1ctica sobre servicios y recursos municipales.\n<a href=\"http:\/\/www.xilxesturismo.es\/\" rel=\"noopener\" target=\"_blank\"> <svg aria-label=\"Open\" role=\"img\"><use href=\"#tf-ti-new-window\"><\/use><\/svg> <img src=\"https:\/\/ayto3.accesia.info\/wp-content\/uploads\/2024\/09\/turism.svg\" width=\"80\" height=\"80\" title=\"Turismo\" alt=\"Enlace a la p\u00e1gina de turismo de Chilches\"> <\/a> <h3> <a href=\"http:\/\/www.xilxesturismo.es\/\" rel=\"noopener\" target=\"_blank\"> Turismo <\/a> <\/h3> Enlace a la p\u00e1gina de turismo de Chilches\n<a href=\"\/instalaciones\/\"> <img src=\"https:\/\/ayto3.accesia.info\/wp-content\/uploads\/2024\/09\/instal.svg\" width=\"80\" height=\"80\" title=\"Instalaciones\" alt=\"Descripci\u00f3n e informaci\u00f3n de las infraestructuras y espacios p\u00fablicos.\"> <\/a> <h3> <a href=\"\/instalaciones\/\"> Instalaciones <\/a> <\/h3> Descripci\u00f3n e informaci\u00f3n de las infraestructuras y espacios p\u00fablicos.\n<a href=\"https:\/\/www.avamet.org\/mxo_i.php?id=c06m053e01\" rel=\"noopener\" target=\"_blank\"> <svg aria-label=\"Open\" role=\"img\"><use href=\"#tf-ti-new-window\"><\/use><\/svg> <img src=\"https:\/\/ayto3.accesia.info\/wp-content\/uploads\/2024\/09\/eltiem.svg\" width=\"80\" height=\"80\" title=\"El tiempo\" alt=\"Enlace al pron\u00f3stico meteorol\u00f3gico del municipio.\"> <\/a> <h3> <a href=\"https:\/\/www.avamet.org\/mxo_i.php?id=c06m053e01\" rel=\"noopener\" target=\"_blank\"> El tiempo <\/a> <\/h3> Enlace al pron\u00f3stico meteorol\u00f3gico del municipio.","_links":{"self":[{"href":"https:\/\/ayto3.accesia.info\/ca\/wp-json\/wp\/v2\/pages\/325","targetHints":{"allow":["GET"]}}],"collection":[{"href":"https:\/\/ayto3.accesia.info\/ca\/wp-json\/wp\/v2\/pages"}],"about":[{"href":"https:\/\/ayto3.accesia.info\/ca\/wp-json\/wp\/v2\/types\/page"}],"author":[{"embeddable":true,"href":"https:\/\/ayto3.accesia.info\/ca\/wp-json\/wp\/v2\/users\/1"}],"replies":[{"embeddable":true,"href":"https:\/\/ayto3.accesia.info\/ca\/wp-json\/wp\/v2\/comments?post=325"}],"version-history":[{"count":16,"href":"https:\/\/ayto3.accesia.info\/ca\/wp-json\/wp\/v2\/pages\/325\/revisions"}],"predecessor-version":[{"id":1589,"href":"https:\/\/ayto3.accesia.info\/ca\/wp-json\/wp\/v2\/pages\/325\/revisions\/1589"}],"wp:attachment":[{"href":"https:\/\/ayto3.accesia.info\/ca\/wp-json\/wp\/v2\/media?parent=325"}],"curies":[{"name":"wp","href":"https:\/\/api.w.org\/{rel}","templated":true}]}}