{"id":311,"date":"2024-09-03T16:50:35","date_gmt":"2024-09-03T16:50:35","guid":{"rendered":"https:\/\/ayto3.accesia.info\/?page_id=311"},"modified":"2024-09-11T06:20:22","modified_gmt":"2024-09-11T06:20:22","slug":"saluda-del-alcalde","status":"publish","type":"page","link":"https:\/\/ayto3.accesia.info\/ca\/ayuntamiento\/saluda-del-alcalde\/","title":{"rendered":"Saluda l&#039;alcalde"},"content":{"rendered":"<!--themify_builder_content-->\n<div id=\"themify_builder_content-311\" data-postid=\"311\" class=\"themify_builder_content themify_builder_content-311 themify_builder tf_clear\">\n                    <div  data-lazy=\"1\" class=\"module_row themify_builder_row tb_ia5b981 tb_first tf_w\">\n                        <div class=\"row_inner col_align_top tb_col_count_1 tf_box tf_rel\">\n                        <div  data-lazy=\"1\" class=\"module_column tb-column col-full tb_cwul982 first\">\n                    <!-- module text -->\n<div  class=\"module module-text tb_5joo983\" data-lazy=\"1\">\n        <div  class=\"tb_text_wrap\">\n        <h1>Salutaci\u00f3 de l&#039;alcalde<\/h1>    <\/div>\n<\/div>\n<!-- \/module text -->        <\/div>\n                        <\/div>\n        <\/div>\n                        <div  data-lazy=\"1\" class=\"module_row themify_builder_row tb_223v357 tf_w\">\n                        <div class=\"row_inner col_align_top tb_col_count_2 tf_box tf_rel\">\n                        <div  data-lazy=\"1\" class=\"module_column tb-column col3-2 tb_j9z3358 first\">\n                    <!-- module text -->\n<div  class=\"module module-text tb_44go336\" data-lazy=\"1\">\n        <div  class=\"tb_text_wrap\">\n        <p>Com a alcalde de Xilxes <b>vull donar-vos la benvinguda a aquesta web <\/b>que \u00e9s un espai de transpar\u00e8ncia i de conviv\u00e8ncia a la xarxa com Chilches ho \u00e9s per als que hem tingut la fortuna de cr\u00e9ixer als seus carrers o per als que, provinent d&#039;altres llocs, han fet del nostre municipi casa seva. Estem fent de Chilches un municipi <b>acollidor, hum\u00e0, segur, innovador i sostenible<\/b>, plenament d&#039;acord amb els valors hist\u00f2rics, art\u00edstics i naturals, un lloc de trobada, de cultura, de conviv\u00e8ncia, i volem fer-ho tamb\u00e9 des de la seva activitat econ\u00f2mica i d&#039;ocupaci\u00f3.<\/p>\n<p>Aquesta web municipal mant\u00e9 <b>obertes les portes de l&#039;Ajuntament<\/b>, com estan les de l&#039;alcaldia per afrontar els problemes i les expectatives de totes les persones de Chilches i d&#039;aquells que vulguin invertir al nostre municipi o visitar-lo.<\/p>\n<p>Chilches \u00e9s un gran punt de trobada, ho s\u00f3n els seus <b>platges<\/b>, i cadascuna de les seves <b>carrers <\/b>i <b>places <\/b>en tots els <b>racons<\/b> del municipi. Aquest car\u00e0cter <b>afable <\/b>i <b>acollidor <\/b>que ens caracteritza presideix tamb\u00e9 la meva relaci\u00f3 amb els Xilcheros i Chilcheras com a alcalde i la de tots els regidors que m&#039;acompanyen a l&#039;equip de govern.<b> Aquest web \u00e9s una porta dacc\u00e9s a uns serveis p\u00fablics municipals de qualitat<\/b>.<\/p>\n<p>A la corporaci\u00f3 municipal, l&#039;equip de govern i jo com a alcalde <b>obrim les portes de la casa comuna que \u00e9s l&#039;ajuntament a totes les persones sense distinci\u00f3 de barri, creences, edat o condici\u00f3<\/b> per posar l&#039;ajuntament al vostre abast i treballar junts per fer un poble millor. De la mateixa manera que sempre he escoltat als carrers de Chilches els ve\u00efns, obrim els despatxos municipals per escoltar-los ia trav\u00e9s de la proximitat i perman\u00e8ncia que possibiliten els mitjans tecnol\u00f2gics i xarxes socials, estenem el nostre esperit de servei p\u00fablic mitjan\u00e7ant aquesta web que possibilita un contacte personal amb l&#039;ajuntament i constitueix un canal permanent de suggeriment de millores, aix\u00ed com informaci\u00f3 sobre els recursos participatius en l&#039;\u00e0mbit social, cultural, econ\u00f2mic, ambiental i esportiu d&#039;aquest ajuntament.<\/p>\n<p>Sempre he cregut que <b>per millorar Chilches necessitem les idees de tots<\/b>, dels que treballem a l&#039;ajuntament, regidors i empleats p\u00fablics, i tamb\u00e9 de tots els ciutadans. <b>Tots estem convocats a aquesta extraordin\u00e0ria tasca de fer de la nostra poblaci\u00f3 un lloc cada dia millor<\/b>. Tots estem orgullosos de poder col\u00b7laborar en aquest objectiu i des d&#039;aqu\u00ed convido cada habitant i visitant del nostre municipi a utilitzar aquest web municipal i les seves xarxes socials.<\/p>\n<p><b>Benvinguts al vostre ajuntament digital, benvinguts al futur de Chilches.<\/b><\/p>    <\/div>\n<\/div>\n<!-- \/module text -->        <\/div>\n                    <div  data-lazy=\"1\" class=\"module_column tb-column col3-1 tb_22na358 last\">\n                    <!-- module image -->\n<div  class=\"module module-image tb_959j305 image-card-layout rounded  tf_mw\" data-lazy=\"1\">\n        <div class=\"image-wrap tf_rel tf_mw\">\n            <img loading=\"lazy\" decoding=\"async\" src=\"https:\/\/ayto3.accesia.info\/wp-content\/uploads\/2024\/09\/Ismael_sinfondo-679x663.png\" width=\"679\" height=\"663\" class=\"wp-post-image wp-image-460\" title=\"D. Ismael Minguet Teresa\" alt=\"Alcalde-Presidente del Excmo. Ayuntamiento de Chilches\" srcset=\"https:\/\/ayto3.accesia.info\/wp-content\/uploads\/2024\/09\/Ismael_sinfondo-679x663.png 679w, https:\/\/ayto3.accesia.info\/wp-content\/uploads\/2024\/09\/Ismael_sinfondo-12x12.png 12w\" sizes=\"auto, (max-width: 679px) 100vw, 679px\" \/>    \n        <\/div>\n    <!-- \/image-wrap -->\n    \n        <div class=\"image-content\">\n                    <h3 class=\"image-title\">\n                                    D. Ismael Minguet Teresa                            <\/h3>\n                        <div class=\"image-caption tb_text_wrap\">\n            Alcalde-President de l&#039;Excm. Ajuntament de Xilxes        <\/div>\n        <!-- \/image-caption -->\n            <\/div>\n    <!-- \/image-content -->\n        <\/div>\n<!-- \/module image -->        <\/div>\n                        <\/div>\n        <\/div>\n                        <div  data-lazy=\"1\" class=\"module_row themify_builder_row tb_zhtv66 tf_w\">\n            <span class=\"tb_row_frame_wrap tf_overflow tf_abs\" data-lazy=\"1\"><span class=\"tb_row_frame tb_row_frame_top  tf_abs tf_hide tf_overflow tf_w\"><\/span><\/span>            <div class=\"row_inner col_align_top tb_col_count_1 tf_box tf_rel\">\n                        <div  data-lazy=\"1\" class=\"module_column tb-column col-full tb_6e3q66 first\">\n                            <\/div>\n                        <\/div>\n        <\/div>\n        <\/div>\n<!--\/themify_builder_content-->","protected":false},"excerpt":{"rendered":"<p>Salutaci\u00f3 de l&#039;alcalde<\/p>","protected":false},"author":1,"featured_media":0,"parent":65,"menu_order":0,"comment_status":"closed","ping_status":"closed","template":"","meta":{"footnotes":""},"class_list":["post-311","page","type-page","status-publish","hentry","has-post-title","has-post-date","has-post-category","has-post-tag","has-post-comment","has-post-author",""],"builder_content":"<h1>Saludo del Alcalde<\/h1>\n<p>Como alcalde de Chilches <b>quiero daros la bienvenida a esta web <\/b>que es un espacio de transparencia y de convivencia en la red como Chilches lo es para quienes hemos tenido la fortuna de crecer en sus calles o para quienes, proviniendo de otros lugares, han hecho de nuestro municipio su hogar. Estamos haciendo de Chilches un municipio <b>acogedor, humano, seguro, innovador y sostenible<\/b>, plenamente acorde con sus valores hist\u00f3ricos, art\u00edsticos y naturales, un lugar de encuentro, de cultura, de convivencia, y queremos hacerlo tambi\u00e9n desde su actividad econ\u00f3mica y de empleo.<\/p> <p>Esta web municipal mantiene <b>abiertas las puertas del Ayuntamiento<\/b>, como est\u00e1n las de la alcald\u00eda para afrontar los problemas y las expectativas de todas las personas de Chilches y de aquellos que quieran invertir en nuestro municipio o visitarlo.<\/p> <p>Chilches es un gran punto de encuentro, lo son sus <b>playas<\/b>, y cada una de sus <b>calles <\/b>y <b>plazas <\/b>en todos los <b>rincones<\/b> del municipio. Ese car\u00e1cter <b>afable <\/b>y <b>acogedor <\/b>que nos caracteriza preside tambi\u00e9n mi relaci\u00f3n con los Chilcheros y Chilcheras como alcalde y la de todos los concejales que me acompa\u00f1an en el equipo de gobierno.<b> Esta web es una puerta de acceso a unos servicios p\u00fablicos municipales de calidad<\/b>.<\/p> <p>En la corporaci\u00f3n municipal, el equipo de gobierno y yo como alcalde <b>abrimos las puertas de la casa com\u00fan que es el ayuntamiento a todas las personas sin distinci\u00f3n de barrio, de creencias, de edad o condici\u00f3n<\/b> para poner el ayuntamiento a su alcance y trabajar juntos para hacer un pueblo mejor. De la misma forma que siempre he escuchado en las calles de Chilches a los vecinos, abrimos los despachos municipales para escucharlos y a trav\u00e9s de la cercan\u00eda y permanencia que posibilitan los medios tecnol\u00f3gicos y redes sociales, extendemos nuestro esp\u00edritu de servicio p\u00fablico mediante esta web que posibilita un contacto personal con el ayuntamiento y constituye un canal permanente de sugerencia de mejoras, as\u00ed como de informaci\u00f3n sobre los recursos participativos en el \u00e1mbito social, cultural, econ\u00f3mico, ambiental y deportivo de este ayuntamiento.<\/p> <p>Siempre he cre\u00eddo que <b>para mejorar Chilches necesitamos las ideas de todos<\/b>, de quienes trabajamos en el ayuntamiento, concejales y empleados p\u00fablicos, y tambi\u00e9n de todos los ciudadanos. <b>Todos estamos convocados a esta extraordinaria tarea de hacer de nuestra poblaci\u00f3n un lugar cada d\u00eda mejor<\/b>. Todos estamos orgullosos de poder colaborar en este objetivo y desde aqu\u00ed invito a cada habitante y visitante de nuestro municipio a que utilice esta web municipal y sus redes sociales para ello.<\/p> <p><b>Bienvenidos a vuestro ayuntamiento digital, bienvenidos al futuro de Chilches.<\/b><\/p>\n<img src=\"https:\/\/ayto3.accesia.info\/wp-content\/uploads\/2024\/09\/Ismael_sinfondo-679x663.png\" width=\"679\" height=\"663\" title=\"D. Ismael Minguet Teresa\" alt=\"Alcalde-Presidente del Excmo. Ayuntamiento de Chilches\" srcset=\"https:\/\/ayto3.accesia.info\/wp-content\/uploads\/2024\/09\/Ismael_sinfondo-679x663.png 679w, https:\/\/ayto3.accesia.info\/wp-content\/uploads\/2024\/09\/Ismael_sinfondo-12x12.png 12w\" sizes=\"(max-width: 679px) 100vw, 679px\" \/> <h3> D. Ismael Minguet Teresa <\/h3> Alcalde-Presidente del Excmo. Ayuntamiento de Chilches","_links":{"self":[{"href":"https:\/\/ayto3.accesia.info\/ca\/wp-json\/wp\/v2\/pages\/311","targetHints":{"allow":["GET"]}}],"collection":[{"href":"https:\/\/ayto3.accesia.info\/ca\/wp-json\/wp\/v2\/pages"}],"about":[{"href":"https:\/\/ayto3.accesia.info\/ca\/wp-json\/wp\/v2\/types\/page"}],"author":[{"embeddable":true,"href":"https:\/\/ayto3.accesia.info\/ca\/wp-json\/wp\/v2\/users\/1"}],"replies":[{"embeddable":true,"href":"https:\/\/ayto3.accesia.info\/ca\/wp-json\/wp\/v2\/comments?post=311"}],"version-history":[{"count":24,"href":"https:\/\/ayto3.accesia.info\/ca\/wp-json\/wp\/v2\/pages\/311\/revisions"}],"predecessor-version":[{"id":1109,"href":"https:\/\/ayto3.accesia.info\/ca\/wp-json\/wp\/v2\/pages\/311\/revisions\/1109"}],"up":[{"embeddable":true,"href":"https:\/\/ayto3.accesia.info\/ca\/wp-json\/wp\/v2\/pages\/65"}],"wp:attachment":[{"href":"https:\/\/ayto3.accesia.info\/ca\/wp-json\/wp\/v2\/media?parent=311"}],"curies":[{"name":"wp","href":"https:\/\/api.w.org\/{rel}","templated":true}]}}