{"id":295,"date":"2024-09-03T16:48:41","date_gmt":"2024-09-03T16:48:41","guid":{"rendered":"https:\/\/ayto3.accesia.info\/areas-municipales\/servicios-sociales-copy\/"},"modified":"2024-09-11T02:26:04","modified_gmt":"2024-09-11T02:26:04","slug":"agricultura","status":"publish","type":"page","link":"https:\/\/ayto3.accesia.info\/ca\/areas-municipales\/agricultura\/","title":{"rendered":"Agricultura"},"content":{"rendered":"<!--themify_builder_content-->\n<div id=\"themify_builder_content-295\" data-postid=\"295\" class=\"themify_builder_content themify_builder_content-295 themify_builder tf_clear\">\n                    <div  data-lazy=\"1\" class=\"module_row themify_builder_row tb_6o51945 tb_first tf_w\">\n                        <div class=\"row_inner col_align_top tb_col_count_2 tf_box tf_rel\">\n                        <div  data-lazy=\"1\" class=\"module_column tb-column col4-2 tb_nx9g945 first\">\n                    <!-- module text -->\n<div  class=\"module module-text tb_mys1945\" data-lazy=\"1\">\n        <div  class=\"tb_text_wrap\">\n        <h1>Agricultura<\/h1>\n<h3>Informaci\u00f3 general<\/h3>    <\/div>\n<\/div>\n<!-- \/module text -->        <div  data-lazy=\"1\" class=\"module_subrow themify_builder_sub_row tf_w col_align_middle gutter-none tb_col_count_2 tb_2b5l945\">\n                <div  data-lazy=\"1\" class=\"module_column sub_column tb_140i945 first\">\n                    <!-- module icon -->\n<div  class=\"module module-icon tb_sd7h945    icon_horizontal\" data-lazy=\"1\">\n            <div class=\"module-icon-item\">\n                                                                <em class=\"tf_box\" style=\"background-color:#a30a0a;color:#ffffff\"><svg  class=\"tf_fa tf-far-clock\" aria-hidden=\"true\"><use href=\"#tf-far-clock\"><\/use><\/svg><\/em>\n                                                        <\/div>\n    <\/div>\n<!-- \/module icon -->\n        <\/div>\n                    <div  data-lazy=\"1\" class=\"module_column sub_column tb_78uc945 last\">\n                    <!-- module text -->\n<div  class=\"module module-text tb_jz90945\" data-lazy=\"1\">\n        <div  class=\"tb_text_wrap\">\n        <p><span style=\"color: #343434; font-family: Arial; font-weight: bolder; font-size: 1em;\">Horari d&#039;Atenci\u00f3 al P\u00fablic:<\/span><br>De dilluns a divendres de 9.00 a 14.00 hores<br><\/p>    <\/div>\n<\/div>\n<!-- \/module text -->        <\/div>\n                    <\/div>\n                <div  data-lazy=\"1\" class=\"module_subrow themify_builder_sub_row tf_w col_align_middle gutter-none tb_col_count_2 tb_ktyq945\">\n                <div  data-lazy=\"1\" class=\"module_column sub_column tb_g81b945 first\">\n                    <!-- module icon -->\n<div  class=\"module module-icon tb_xef4945    icon_horizontal\" data-lazy=\"1\">\n            <div class=\"module-icon-item\">\n                                                                <em class=\"tf_box\" style=\"background-color:#a30a0a;color:#ffffff\"><svg  class=\"tf_fa tf-ti-direction-alt\" aria-hidden=\"true\"><use href=\"#tf-ti-direction-alt\"><\/use><\/svg><\/em>\n                                                        <\/div>\n    <\/div>\n<!-- \/module icon -->\n        <\/div>\n                    <div  data-lazy=\"1\" class=\"module_column sub_column tb_g22z945 last\">\n                    <!-- module text -->\n<div  class=\"module module-text tb_pda4945\" data-lazy=\"1\">\n        <div  class=\"tb_text_wrap\">\n        <p><span style=\"box-sizing: border-box; font-weight: bolder; color: #343434; font-family: Arial;\">Ubicaci\u00f3:<br><\/span><span style=\"color: #343434; font-family: Arial; font-size: 1em;\">Pl Espanya, 5<br><\/span><span style=\"color: #343434; font-family: Arial; font-size: 1em;\">CP: 12592 (Xilxes)<\/span><\/p>    <\/div>\n<\/div>\n<!-- \/module text -->        <\/div>\n                    <\/div>\n                <div  data-lazy=\"1\" class=\"module_subrow themify_builder_sub_row tf_w col_align_middle gutter-none tb_col_count_2 tb_pfhe945\">\n                <div  data-lazy=\"1\" class=\"module_column sub_column tb_pb8c945 first\">\n                    <!-- module icon -->\n<div  class=\"module module-icon tb_qwyd945    icon_horizontal\" data-lazy=\"1\">\n            <div class=\"module-icon-item\">\n                                                                <em class=\"tf_box\" style=\"background-color:#a30a0a;color:#ffffff\"><svg  class=\"tf_fa tf-fas-phone-alt\" aria-hidden=\"true\"><use href=\"#tf-fas-phone-alt\"><\/use><\/svg><\/em>\n                                                        <\/div>\n    <\/div>\n<!-- \/module icon -->\n        <\/div>\n                    <div  data-lazy=\"1\" class=\"module_column sub_column tb_0hm8945 last\">\n                    <!-- module text -->\n<div  class=\"module module-text tb_a6yo945\" data-lazy=\"1\">\n        <div  class=\"tb_text_wrap\">\n        <p><span style=\"color: #343434; font-family: Arial;\"><span style=\"font-weight: bold;\">Tel\u00e8fon<\/span>: <a href=\"tel:964590002\">964 590 002<\/a><\/span><\/p>    <\/div>\n<\/div>\n<!-- \/module text -->        <\/div>\n                    <\/div>\n                <div  data-lazy=\"1\" class=\"module_subrow themify_builder_sub_row tf_w col_align_middle gutter-none tb_col_count_2 tb_c386945\">\n                <div  data-lazy=\"1\" class=\"module_column sub_column tb_tscx945 first\">\n                    <!-- module icon -->\n<div  class=\"module module-icon tb_zmvo945    icon_horizontal\" data-lazy=\"1\">\n            <div class=\"module-icon-item\">\n                                                                <em class=\"tf_box\" style=\"background-color:#a30a0a;color:#ffffff\"><svg  class=\"tf_fa tf-fas-mail-bulk\" aria-hidden=\"true\"><use href=\"#tf-fas-mail-bulk\"><\/use><\/svg><\/em>\n                                                        <\/div>\n    <\/div>\n<!-- \/module icon -->\n        <\/div>\n                    <div  data-lazy=\"1\" class=\"module_column sub_column tb_d2g7945 last\">\n                    <!-- module text -->\n<div  class=\"module module-text tb_cvym945\" data-lazy=\"1\">\n        <div  class=\"tb_text_wrap\">\n        <p><span style=\"color: #343434; font-family: Arial; font-size: 1em;\"><b>Correu electr\u00f2nic: <\/b><a href=\"mailto:agricultura@xilxes.es\">agricultura@xilxes.es<\/a><\/span><\/p>    <\/div>\n<\/div>\n<!-- \/module text -->        <\/div>\n                    <\/div>\n                <\/div>\n                    <div  data-lazy=\"1\" class=\"module_column tb-column col4-2 tb_ub48945 last\">\n                    <!-- module image -->\n<div  class=\"module module-image tb_gf2e945 image-top rounded drop-shadow  auto_fullwidth tf_mw\" data-lazy=\"1\">\n        <div class=\"image-wrap tf_rel tf_mw\">\n            <img loading=\"lazy\" decoding=\"async\" src=\"https:\/\/ayto3.accesia.info\/wp-content\/uploads\/2024\/09\/agricultura-561x641.jpg\" width=\"561\" height=\"641\" class=\"wp-post-image wp-image-728\" title=\"Fotografia d&#039;un tractor treballant a un camp\" alt=\"Fotograf\u00eda de un tractor trabajando en un campo\">    \n        <\/div>\n    <!-- \/image-wrap -->\n    \n        <\/div>\n<!-- \/module image -->        <\/div>\n                        <\/div>\n        <\/div>\n                        <div  data-lazy=\"1\" class=\"module_row themify_builder_row tb_7yrb568 tf_w\">\n            <span class=\"tb_row_frame_wrap tf_overflow tf_abs\" data-lazy=\"1\"><span class=\"tb_row_frame tb_row_frame_top  tf_abs tf_hide tf_overflow tf_w\"><\/span><\/span>            <div class=\"row_inner col_align_top tb_col_count_1 tf_box tf_rel\">\n                        <div  data-lazy=\"1\" class=\"module_column tb-column col-full tb_hap4004 first\">\n                            <div  data-lazy=\"1\" class=\"module_subrow themify_builder_sub_row tf_w col_align_top gutter-none tb_col_count_2 tb_0e90770\">\n                <div  data-lazy=\"1\" class=\"module_column sub_column tb_mnp9070 first\">\n                    <!-- module text -->\n<div  class=\"module module-text tb_elma000\" data-lazy=\"1\">\n        <div  class=\"tb_text_wrap\">\n        <h3>Consell agrari municipal<\/h3><p>Arran de l&#039;entrada en vigor de la Llei 5\/1995, de 20 de mar\u00e7, van ser constitu\u00efts els Consells Agraris Municipals, a fi de fomentar la participaci\u00f3 dels \u00f2rgans de govern i els ciutadans, a l&#039;organitzaci\u00f3 del sector agrari.<\/p>    <\/div>\n<\/div>\n<!-- \/module text --><!-- module accordion -->\n<div  class=\"module module-accordion tb_ycdu467\" data-behavior=\"toggle\" data-lazy=\"1\" id=\"Acordeon1\">\n    \n    <ul class=\"ui module-accordion   black\">\n            <li class=\"builder-accordion-active\">\n            <div class=\"accordion-title tf_rel\">\n                <a href=\"#acc-ycdu467-0\" class=\"tb_title_accordion\" aria-controls=\"acc-ycdu467-0-content\" aria-expanded=\"true\">\n                    <i class=\"accordion-icon tf_hide\"><svg  class=\"tf_fa tf-ti-angle-right\" aria-hidden=\"true\"><use href=\"#tf-ti-angle-right\"><\/use><\/svg><\/i>                    <i class=\"accordion-active-icon\"><svg  class=\"tf_fa tf-ti-angle-down\" aria-hidden=\"true\"><use href=\"#tf-ti-angle-down\"><\/use><\/svg><\/i>                    President                <\/a>\n            <\/div><!-- .accordion-title -->\n            <div id=\"acc-ycdu467-0-content\" data-id=\"acc-ycdu467-0\" aria-hidden=\"false\" class=\"accordion-content tf_clearfix\">\n                        <div  data-lazy=\"1\" class=\"module_subrow themify_builder_sub_row tf_w col_align_top tb_col_count_1 tb_vdso483\" itemprop=\"text\">\n                <div  data-lazy=\"1\" class=\"module_column sub_column tb_y2ja483 first\">\n                    <!-- module text -->\n<div  class=\"module module-text tb_t135483\" data-lazy=\"1\">\n        <div  class=\"tb_text_wrap\">\n        <span style=\"color: rgb(52, 52, 52); font-family: Arial;\">D. Sergio Cherta Argudo<\/span>    <\/div>\n<\/div>\n<!-- \/module text -->        <\/div>\n                    <\/div>\n                    <\/div><!-- .accordion-content -->\n        <\/li>\n        <\/ul>\n\n<\/div><!-- \/module accordion --><!-- module accordion -->\n<div  class=\"module module-accordion tb_s3aa873\" data-behavior=\"toggle\" data-lazy=\"1\" id=\"Acordeon2\">\n    \n    <ul class=\"ui module-accordion   black\">\n            <li class=\"builder-accordion-active\">\n            <div class=\"accordion-title tf_rel\">\n                <a href=\"#acc-s3aa873-0\" class=\"tb_title_accordion\" aria-controls=\"acc-s3aa873-0-content\" aria-expanded=\"true\">\n                    <i class=\"accordion-icon tf_hide\"><svg  class=\"tf_fa tf-ti-angle-right\" aria-hidden=\"true\"><use href=\"#tf-ti-angle-right\"><\/use><\/svg><\/i>                    <i class=\"accordion-active-icon\"><svg  class=\"tf_fa tf-ti-angle-down\" aria-hidden=\"true\"><use href=\"#tf-ti-angle-down\"><\/use><\/svg><\/i>                    Secretaria                <\/a>\n            <\/div><!-- .accordion-title -->\n            <div id=\"acc-s3aa873-0-content\" data-id=\"acc-s3aa873-0\" aria-hidden=\"false\" class=\"accordion-content tf_clearfix\">\n                        <div  data-lazy=\"1\" class=\"module_subrow themify_builder_sub_row tf_w col_align_top tb_col_count_1 tb_3x0b873\" itemprop=\"text\">\n                <div  data-lazy=\"1\" class=\"module_column sub_column tb_rhgh873 first\">\n                    <!-- module text -->\n<div  class=\"module module-text tb_ozo2873\" data-lazy=\"1\">\n        <div  class=\"tb_text_wrap\">\n        <font color=\"#343434\" face=\"Arial\">Sra. Maria del Carmen Melchor<\/font><br>    <\/div>\n<\/div>\n<!-- \/module text -->        <\/div>\n                    <\/div>\n                    <\/div><!-- .accordion-content -->\n        <\/li>\n        <\/ul>\n\n<\/div><!-- \/module accordion -->        <\/div>\n                    <div  data-lazy=\"1\" class=\"module_column sub_column tb_gj4x040 last\">\n                    <!-- module accordion -->\n<div  class=\"module module-accordion tb_kc7q155\" data-behavior=\"toggle\" data-lazy=\"1\" id=\"Acordeon3\">\n    \n    <ul class=\"ui module-accordion   black\">\n            <li class=\"builder-accordion-active\">\n            <div class=\"accordion-title tf_rel\">\n                <a href=\"#acc-kc7q155-0\" class=\"tb_title_accordion\" aria-controls=\"acc-kc7q155-0-content\" aria-expanded=\"true\">\n                    <i class=\"accordion-icon tf_hide\"><svg  class=\"tf_fa tf-ti-angle-right\" aria-hidden=\"true\"><use href=\"#tf-ti-angle-right\"><\/use><\/svg><\/i>                    <i class=\"accordion-active-icon\"><svg  class=\"tf_fa tf-ti-angle-down\" aria-hidden=\"true\"><use href=\"#tf-ti-angle-down\"><\/use><\/svg><\/i>                    Vocals                <\/a>\n            <\/div><!-- .accordion-title -->\n            <div id=\"acc-kc7q155-0-content\" data-id=\"acc-kc7q155-0\" aria-hidden=\"false\" class=\"accordion-content tf_clearfix\">\n                        <div  data-lazy=\"1\" class=\"module_subrow themify_builder_sub_row tf_w col_align_top tb_col_count_1 tb_kmqc155\" itemprop=\"text\">\n                <div  data-lazy=\"1\" class=\"module_column sub_column tb_9ti0155 first\">\n                    <!-- module text -->\n<div  class=\"module module-text tb_4hvb155\" data-lazy=\"1\">\n        <div  class=\"tb_text_wrap\">\n        <div><font color=\"#343434\" face=\"Arial\">D. Manuel Blasco Felip<\/font><\/div><div><font color=\"#343434\" face=\"Arial\">Sr. Jos\u00e9 Manuel Navarro Arnau<\/font><\/div><div><font color=\"#343434\" face=\"Arial\">D. Guzm\u00e1n Vicente Hern\u00e1ndez<\/font><\/div><div><font color=\"#343434\" face=\"Arial\">D. Jos\u00e9 Parad\u00eds Guaita<\/font><\/div><div><font color=\"#343434\" face=\"Arial\">D. Isidre Mart\u00ednez D\u00edaz<\/font><\/div><div><font color=\"#343434\" face=\"Arial\">D. Pedro Talavera Soriano<br><\/font><\/div><div><font color=\"#343434\" face=\"Arial\">Sr. Jos\u00e9 Can\u00f3s Balaguer<\/font><\/div><div><font color=\"#343434\" face=\"Arial\">D. Joaqu\u00edn Manzano Sanz<\/font><\/div><div><font color=\"#343434\" face=\"Arial\">D. Jos\u00e9 L\u00f3pez Caballero<\/font><\/div><div><font color=\"#343434\" face=\"Arial\">D. Gil Mar\u00eda Campos Mangri\u00f1\u00e1n \u2013 com a t\u00e8cnic agr\u00edcola<\/font><\/div>    <\/div>\n<\/div>\n<!-- \/module text -->        <\/div>\n                    <\/div>\n                    <\/div><!-- .accordion-content -->\n        <\/li>\n        <\/ul>\n\n<\/div><!-- \/module accordion -->        <\/div>\n                    <\/div>\n                <div  data-lazy=\"1\" class=\"module_subrow themify_builder_sub_row tf_w col_align_top gutter-none tb_col_count_2 tb_mxv0215\">\n                <div  data-lazy=\"1\" class=\"module_column sub_column tb_3ptt215 first\">\n                    <!-- module text -->\n<div  class=\"module module-text tb_sy4z303\" data-lazy=\"1\">\n        <div  class=\"tb_text_wrap\">\n        <h3>Pla local de cremes i sol\u00b7licituds<\/h3><p>El Pla Local de Cremes estableix les normes i directrius per a l&#039;execuci\u00f3 de cremes controlades al municipi, assegurant que es realitzin de manera segura i responsable.&nbsp;<\/p><p>Mitjan\u00e7ant aquest apartat, els ciutadans poden con\u00e8ixer el proc\u00e9s per sol\u00b7licitar els permisos necessaris i complir les regulacions locals.<\/p>    <\/div>\n<\/div>\n<!-- \/module text --><!-- module buttons -->\n<div  class=\"module module-buttons tb_ydm4892 buttons-horizontal solid   rounded buttons-fullwidth\" data-lazy=\"1\">\n        <div class=\"module-buttons-item tf_in_flx\">\n                        <a href=\"http:\/\/www.112cv.gva.es\/es\/inicio\" class=\"ui builder_button tf_in_flx black\" target=\"_blank\" rel=\"noopener\" id=\"Boton1\">\n                                                Consulta el nivell de preemerg\u00e8ncia d&#039;incendis forestals - 112 Comunitat Valenciana                                        <\/a>\n                <\/div>\n            <\/div>\n<!-- \/module buttons -->\n        <\/div>\n                    <div  data-lazy=\"1\" class=\"module_column sub_column tb_z9ns215 last\">\n                    <!-- module text -->\n<div  class=\"module module-text tb_23yj215\" data-lazy=\"1\">\n        <div  class=\"tb_text_wrap\">\n        <p><span style=\"font-weight: bold;\">Sol\u00b7licitud crema rostolls:<\/span><\/p>    <\/div>\n<\/div>\n<!-- \/module text --><!-- module buttons -->\n<div  class=\"module module-buttons tb_knuu155 buttons-horizontal solid   rounded buttons-fullwidth\" data-lazy=\"1\">\n        <div class=\"module-buttons-item tf_in_flx\">\n                        <a href=\"http:\/\/www.112cv.gva.es\/es\/inicio\" class=\"ui builder_button tf_in_flx black\" target=\"_blank\" rel=\"noopener\" id=\"Boton1\">\n                                                Informaci\u00f3                                        <\/a>\n                <\/div>\n            <\/div>\n<!-- \/module buttons -->\n<!-- module buttons -->\n<div  class=\"module module-buttons tb_en2s605 buttons-horizontal solid   rounded buttons-fullwidth\" data-lazy=\"1\">\n        <div class=\"module-buttons-item tf_in_flx\">\n                        <a href=\"https:\/\/xilxes.sedelectronica.es\/dossier.1?x=wNQN3xZyqUq3G*jRQtrF3tRqgP7wonIOv5CC2E*uE9hr9kGKGQt2RAsw92T9ccLA4NDIidXZDXjMIu032mIakOhmpwcqc6hW\" class=\"ui builder_button tf_in_flx black\" target=\"_blank\" rel=\"noopener\" id=\"Boton1\">\n                                                Desc\u00e0rrega inst\u00e0ncia (emplenar i imprimir)                                        <\/a>\n                <\/div>\n            <\/div>\n<!-- \/module buttons -->\n<!-- module buttons -->\n<div  class=\"module module-buttons tb_p08b508 buttons-horizontal solid   rounded buttons-fullwidth\" data-lazy=\"1\">\n        <div class=\"module-buttons-item tf_in_flx\">\n                        <a href=\"https:\/\/xilxes.sedelectronica.es\/dossier.1.1?x=wNQN3xZyqUq3G*jRQtrF3tRqgP7wonIOv5CC2E*uE9hjcJs032KYc62*G3qjbAUor4NRUht5qOAcdbVI3u3QsA0kZd2ANANN98S4OVrWL3g\" class=\"ui builder_button tf_in_flx black\" target=\"_blank\" rel=\"noopener\" id=\"Boton1\">\n                                                Tramitaci\u00f3 electr\u00f2nica                                        <\/a>\n                <\/div>\n            <\/div>\n<!-- \/module buttons -->\n        <\/div>\n                    <\/div>\n                <\/div>\n                        <\/div>\n        <\/div>\n        <\/div>\n<!--\/themify_builder_content-->","protected":false},"excerpt":{"rendered":"<p>Agricultura Informaci\u00f3n general<\/p>","protected":false},"author":1,"featured_media":0,"parent":59,"menu_order":0,"comment_status":"closed","ping_status":"closed","template":"","meta":{"footnotes":""},"class_list":["post-295","page","type-page","status-publish","hentry","has-post-title","has-post-date","has-post-category","has-post-tag","has-post-comment","has-post-author",""],"builder_content":"<h1>Agricultura<\/h1> <h3>Informaci\u00f3n general<\/h3>\n<em style=\"background-color:#a30a0a;color:#ffffff\"><svg aria-hidden=\"true\"><use href=\"#tf-far-clock\"><\/use><\/svg><\/em>\n<p>Horario de Atenci\u00f3n al P\u00fablico:<br>De lunes a viernes de 9:00 a 14:00 horas<br><\/p>\n<em style=\"background-color:#a30a0a;color:#ffffff\"><svg aria-hidden=\"true\"><use href=\"#tf-ti-direction-alt\"><\/use><\/svg><\/em>\n<p>Ubicaci\u00f3n:<br>Pl Espa\u00f1a, 5<br>CP: 12592 (Chilches)<\/p>\n<em style=\"background-color:#a30a0a;color:#ffffff\"><svg aria-hidden=\"true\"><use href=\"#tf-fas-phone-alt\"><\/use><\/svg><\/em>\n<p>Tel\u00e9fono: <a href=\"tel:964590002\">964 590 002<\/a><\/p>\n<em style=\"background-color:#a30a0a;color:#ffffff\"><svg aria-hidden=\"true\"><use href=\"#tf-fas-mail-bulk\"><\/use><\/svg><\/em>\n<p><b>Correo electr\u00f3nico: <\/b><a href=\"mailto:agricultura@xilxes.es\">agricultura@xilxes.es<\/a><\/p>\n<img src=\"https:\/\/ayto3.accesia.info\/wp-content\/uploads\/2024\/09\/agricultura-561x641.jpg\" width=\"561\" height=\"641\" title=\"Fotograf\u00eda de un tractor trabajando en un campo\" alt=\"Fotograf\u00eda de un tractor trabajando en un campo\">\n<h3>Consejo agrario municipal<\/h3><p>A ra\u00edz de la entrada en vigor de la Ley 5\/1995, de 20 de marzo, fueron constituidos los Consejos Agrarios Municipales, con el fin de fomentar la participaci\u00f3n de los \u00f3rganos de gobierno y los ciudadanos, en la organizaci\u00f3n del sector agrario.<\/p>\n<ul><li><h4>Presidente<\/h4>D. Sergio Cherta Argudo<\/li><\/ul>\n<ul><li><h4>Secretar\u00eda<\/h4><font color=\"#343434\" face=\"Arial\">D\u00aa Mar\u00eda del Carmen Melchor<\/font><br><\/li><\/ul>\n<ul><li><h4>Vocales<\/h4><font color=\"#343434\" face=\"Arial\">D. Manuel Blasco Felip<\/font><font color=\"#343434\" face=\"Arial\">D. Jos\u00e9 Manuel Navarro Arnau<\/font><font color=\"#343434\" face=\"Arial\">D. Guzm\u00e1n Vicente Hern\u00e1ndez<\/font><font color=\"#343434\" face=\"Arial\">D. Jos\u00e9 Parad\u00eds Guaita<\/font><font color=\"#343434\" face=\"Arial\">D. Isidro Mart\u00ednez D\u00edaz<\/font><font color=\"#343434\" face=\"Arial\">D. Pedro Talavera Soriano<br><\/font><font color=\"#343434\" face=\"Arial\">D. Jos\u00e9 Can\u00f3s Balaguer<\/font><font color=\"#343434\" face=\"Arial\">D. Joaqu\u00edn Manzano Sanz<\/font><font color=\"#343434\" face=\"Arial\">D. Jos\u00e9 L\u00f3pez Caballero<\/font><font color=\"#343434\" face=\"Arial\">D. Gil Mar\u00eda Campos Mangri\u00f1\u00e1n \u2013 como t\u00e9cnico agr\u00edcola<\/font><\/li><\/ul>\n<h3>Plan local de quemas y solicitudes<\/h3><p>El Plan Local de Quemas establece las normas y directrices para la ejecuci\u00f3n de quemas controladas en el municipio, asegurando que se realicen de manera segura y responsable.&nbsp;<\/p><p>A trav\u00e9s de este apartado, los ciudadanos pueden conocer el proceso para solicitar los permisos necesarios y cumplir con las regulaciones locales.<\/p>\n<a href=\"http:\/\/www.112cv.gva.es\/es\/inicio\" target=\"_blank\" rel=\"noopener\" id=\"Boton1\"> Consulta el nivel de preemerg\u00e9ncia de incendios forestales - 112 Comunidad Valenciana <\/a>\n<p>Solicitud quema rastrojos:<\/p>\n<a href=\"http:\/\/www.112cv.gva.es\/es\/inicio\" target=\"_blank\" rel=\"noopener\" id=\"Boton1\"> Informaci\u00f3n <\/a>\n<a href=\"https:\/\/xilxes.sedelectronica.es\/dossier.1?x=wNQN3xZyqUq3G*jRQtrF3tRqgP7wonIOv5CC2E*uE9hr9kGKGQt2RAsw92T9ccLA4NDIidXZDXjMIu032mIakOhmpwcqc6hW\" target=\"_blank\" rel=\"noopener\" id=\"Boton1\"> Descarga instancia (rellenar e imprimir) <\/a>\n<a href=\"https:\/\/xilxes.sedelectronica.es\/dossier.1.1?x=wNQN3xZyqUq3G*jRQtrF3tRqgP7wonIOv5CC2E*uE9hjcJs032KYc62*G3qjbAUor4NRUht5qOAcdbVI3u3QsA0kZd2ANANN98S4OVrWL3g\" target=\"_blank\" rel=\"noopener\" id=\"Boton1\"> Tramitaci\u00f3n electr\u00f3nica <\/a>","_links":{"self":[{"href":"https:\/\/ayto3.accesia.info\/ca\/wp-json\/wp\/v2\/pages\/295","targetHints":{"allow":["GET"]}}],"collection":[{"href":"https:\/\/ayto3.accesia.info\/ca\/wp-json\/wp\/v2\/pages"}],"about":[{"href":"https:\/\/ayto3.accesia.info\/ca\/wp-json\/wp\/v2\/types\/page"}],"author":[{"embeddable":true,"href":"https:\/\/ayto3.accesia.info\/ca\/wp-json\/wp\/v2\/users\/1"}],"replies":[{"embeddable":true,"href":"https:\/\/ayto3.accesia.info\/ca\/wp-json\/wp\/v2\/comments?post=295"}],"version-history":[{"count":23,"href":"https:\/\/ayto3.accesia.info\/ca\/wp-json\/wp\/v2\/pages\/295\/revisions"}],"predecessor-version":[{"id":946,"href":"https:\/\/ayto3.accesia.info\/ca\/wp-json\/wp\/v2\/pages\/295\/revisions\/946"}],"up":[{"embeddable":true,"href":"https:\/\/ayto3.accesia.info\/ca\/wp-json\/wp\/v2\/pages\/59"}],"wp:attachment":[{"href":"https:\/\/ayto3.accesia.info\/ca\/wp-json\/wp\/v2\/media?parent=295"}],"curies":[{"name":"wp","href":"https:\/\/api.w.org\/{rel}","templated":true}]}}