{"id":281,"date":"2024-09-03T16:46:20","date_gmt":"2024-09-03T16:46:20","guid":{"rendered":"https:\/\/ayto3.accesia.info\/?page_id=281"},"modified":"2024-09-20T10:46:42","modified_gmt":"2024-09-20T10:46:42","slug":"hacienda-y-area-economica","status":"publish","type":"page","link":"https:\/\/ayto3.accesia.info\/ca\/areas-municipales\/hacienda-y-area-economica\/","title":{"rendered":"Hisenda i \u00e0rea econ\u00f2mica"},"content":{"rendered":"<!--themify_builder_content-->\n<div id=\"themify_builder_content-281\" data-postid=\"281\" class=\"themify_builder_content themify_builder_content-281 themify_builder tf_clear\">\n                    <div  data-lazy=\"1\" class=\"module_row themify_builder_row tb_ebr6545 tb_first tf_w\">\n                        <div class=\"row_inner col_align_top tb_col_count_2 tf_box tf_rel\">\n                        <div  data-lazy=\"1\" class=\"module_column tb-column col4-2 tb_9i5s070 first\">\n                    <!-- module text -->\n<div  class=\"module module-text tb_lgrg860\" data-lazy=\"1\">\n        <div  class=\"tb_text_wrap\">\n        <h1>Hisenda i \u00e0rea econ\u00f2mica<\/h1>\n<h3>Intervenci\u00f3-Tresoreria<br><br><strong style=\"color: rgb(0, 0, 0); font-size: 20px; letter-spacing: normal;\">Impresos<\/strong><\/h3>    <\/div>\n<\/div>\n<!-- \/module text --><!-- module buttons -->\n<div  class=\"module module-buttons tb_gnm4235 buttons-horizontal solid   rounded buttons-fullwidth\" data-lazy=\"1\">\n        <div class=\"module-buttons-item tf_in_flx\">\n                        <a href=\"https:\/\/xilxes.es\/wp-content\/uploads\/2024\/09\/Comunicacin_datos_bancarios_IBAN_Partic_Clasula_RGPD_LOPD.pdf\" class=\"ui builder_button tf_in_flx black\" target=\"_blank\" rel=\"noopener\" id=\"Boton1\">\n                                                Impr\u00e8s per a la comunicaci\u00f3 de dades banc\u00e0ries (particulars)                                        <\/a>\n                <\/div>\n            <\/div>\n<!-- \/module buttons -->\n<!-- module buttons -->\n<div  class=\"module module-buttons tb_b1ez522 buttons-horizontal solid   rounded buttons-fullwidth\" data-lazy=\"1\">\n        <div class=\"module-buttons-item tf_in_flx\">\n                        <a href=\"https:\/\/xilxes.es\/wp-content\/uploads\/2024\/09\/Comunicacin_datos_bancarios_IBAN_Emp_Clasula_RGPD_LOPD.pdf\" class=\"ui builder_button tf_in_flx black\" target=\"_blank\" rel=\"noopener\" id=\"Boton1\">\n                                                Impr\u00e8s per a la comunicaci\u00f3 de dades banc\u00e0ries (persones jur\u00eddiques)                                        <\/a>\n                <\/div>\n            <\/div>\n<!-- \/module buttons -->\n<!-- module buttons -->\n<div  class=\"module module-buttons tb_lge5966 buttons-horizontal solid   rounded buttons-fullwidth\" data-lazy=\"1\">\n        <div class=\"module-buttons-item tf_in_flx\">\n                        <a href=\"https:\/\/xilxes.es\/wp-content\/uploads\/2024\/09\/Solicitud_aplazamiento_fraccionamiento_v.pdf\" class=\"ui builder_button tf_in_flx black\" target=\"_blank\" rel=\"noopener\" id=\"Boton1\">\n                                                Impr\u00e8s per sol\u00b7licitar ajornament o fraccionament                                        <\/a>\n                <\/div>\n            <\/div>\n<!-- \/module buttons -->\n        <\/div>\n                    <div  data-lazy=\"1\" class=\"module_column tb-column col4-2 tb_ejvh551 last\">\n                    <!-- module image -->\n<div  class=\"module module-image tb_eawi833 image-top rounded drop-shadow  auto_fullwidth tf_mw\" data-lazy=\"1\">\n        <div class=\"image-wrap tf_rel tf_mw\">\n            <img loading=\"lazy\" decoding=\"async\" src=\"https:\/\/ayto3.accesia.info\/wp-content\/uploads\/2024\/09\/atencio_ciutadana-535x473.jpg\" width=\"535\" height=\"473\" class=\"wp-post-image wp-image-613\" title=\"Fotografia de l&#039;Oficina d&#039;atenci\u00f3 ciutadana de Chilches\" alt=\"Fotograf\u00eda de la Oficina de atenci\u00f3n ciudadana de Chilches\">    \n        <\/div>\n    <!-- \/image-wrap -->\n    \n        <\/div>\n<!-- \/module image -->        <\/div>\n                        <\/div>\n        <\/div>\n                        <div  data-lazy=\"1\" class=\"module_row themify_builder_row tb_kdgj868 tf_w\">\n                        <div class=\"row_inner col_align_top tb_col_count_1 tf_box tf_rel\">\n                        <div  data-lazy=\"1\" class=\"module_column tb-column col-full tb_nr1z868 first\">\n                    <!-- module text -->\n<div  class=\"module module-text tb_af80312\" data-lazy=\"1\">\n        <div  class=\"tb_text_wrap\">\n        <h2>Calendari del contribuent<\/h2>    <\/div>\n<\/div>\n<!-- \/module text --><!-- module text -->\n<div  class=\"module module-text tb_d3u1868\" data-lazy=\"1\">\n        <div  class=\"tb_text_wrap\">\n        <p>Els per\u00edodes de pagament dels tributs de venciment peri\u00f2dic corresponents a l&#039;exercici de 2024 s\u00f3n els seg\u00fcents:<br><\/p>\n<p><strong>1. Per\u00edodes de pagament dels tributs gestionats pel Servei de Gesti\u00f3, Inspecci\u00f3 i Recaptaci\u00f3 de la Diputaci\u00f3 Provincial:<\/strong><\/p>\n<p><b>Primer cobrament<\/b>: 15 de mar\u00e7 al 15 de maig (\u00e0ute de domiciliacions el 5 d&#039;abril)<\/p>\n<p>Impost sobre Vehicles de Tracci\u00f3 Mec\u00e0nica&nbsp; &nbsp;<\/p>\n<p><b>Segon cobrament<\/b>: 6 de maig al 8 de juliol (abonament de domiciliacions el 5 de juny)<\/p>\n<p>IBI Urbana (1r pagament, 50%)<\/p>\n<p><b>Tercer cobrament<\/b>: 5 de juliol al 5 de setembre (\u00e0ute de domiciliacions el 5 d&#039;agost)<\/p>\n<p>IBI Urbana (2n pagament, 50%)<\/p>\n<p>IBI R\u00fastica<\/p>\n<p>IBI Caracter\u00edstiques Especials<\/p>\n<p>Taxes (escombraries, residus i gual)<\/p>\n<p>Impost Activitats Econ\u00f2miques<br><br><\/p>\n<p><strong>2. Per\u00edodes de Pagament dels Tributs gestionats per la Societat de Foment Agr\u00edcola Castellonense, SA&nbsp;<\/strong>(Periodicitat Trimestral)<\/p>\n<p>Taxa per distribuci\u00f3 d&#039;aigua<\/p>\n<p>Taxa Clavegueram<\/p>    <\/div>\n<\/div>\n<!-- \/module text -->        <\/div>\n                        <\/div>\n        <\/div>\n                        <div  data-lazy=\"1\" class=\"module_row themify_builder_row tb_tm3c253 tf_w\">\n                        <div class=\"row_inner col_align_top tb_col_count_1 tf_box tf_rel\">\n                        <div  data-lazy=\"1\" class=\"module_column tb-column col-full tb_yzq3253 first\">\n                    <!-- module text -->\n<div  class=\"module module-text tb_39fx253\" data-lazy=\"1\">\n        <div  class=\"tb_text_wrap\">\n        <h2>Pagament tributs (Autoliquidacions i Liquidacions) i altres ingressos<br>municipals (Fiances i Sancions de car\u00e0cter tributari)<\/h2>    <\/div>\n<\/div>\n<!-- \/module text --><!-- module text -->\n<div  class=\"module module-text tb_17i1253\" data-lazy=\"1\">\n        <div  class=\"tb_text_wrap\">\n        <p><strong>1.- A Entitats Col\u00b7laboradores:<br><\/strong><br><strong>CAIXA RURAL XILXES<\/strong><br><strong>LA CAIXA (CAIXABANK SA)<\/strong><\/p>\n<ul>\n<li>Oficines i caixers autom\u00e0tics.<br><\/li>\n<li>Banca electr\u00f2nica \/ Banca on-line, si sou client.<br><\/li>\n<li>A la finestreta, presentant el document cobratori (autoliquidaci\u00f3, liquidaci\u00f3, carta de pagament) em\u00e8s per l&#039;Ajuntament (no cal ser client d&#039;aquestes entitats).<\/li>\n<\/ul>\n<p><br><strong>2.- A les oficines de l&#039;Ajuntament de Xilxes<\/strong><\/p>\n<ul>\n<li>A la finestreta d&#039;entrada, mitjan\u00e7ant targeta de cr\u00e8dit o d\u00e8bit (Visa, MasterCard, Maestro) de qualsevol entitat financera<br><br><\/li>\n<\/ul>\n<p><strong>3.- A la web municipal<\/strong><\/p>\n<ul>\n<li>Fent \u00fas del nostre TPVV (Terminal de Punt de Venda Virtual), mitjan\u00e7ant targeta de cr\u00e8dit o d\u00e8bit (Visa, MasterCard, Maestro) de qualsevol entitat financera.<br><\/li>\n<li>Per fer el pagament feu clic al logotip corresponent.<\/li>\n<\/ul>    <\/div>\n<\/div>\n<!-- \/module text -->        <div  data-lazy=\"1\" class=\"module_subrow themify_builder_sub_row tf_w col_align_top tb_col_count_2 tb_h3tw925 hide-desktop hide-tablet hide-tablet_landscape hide-mobile hide-on-stick\">\n                <div  data-lazy=\"1\" class=\"module_column sub_column col4-2 tb_3dcd925 first\">\n                    <!-- module image -->\n<div  class=\"module module-image tb_qcyq726 image-top   tf_mw\" data-lazy=\"1\">\n        <div class=\"image-wrap tf_rel tf_mw\">\n            <img loading=\"lazy\" decoding=\"async\" width=\"870\" height=\"352\" src=\"https:\/\/ayto3.accesia.info\/wp-content\/uploads\/2024\/09\/logo-redsys1-870x352-1.png\" class=\"wp-post-image wp-image-1601\" title=\"Logo Redsys\" alt=\"Logo Redsys\" srcset=\"https:\/\/ayto3.accesia.info\/wp-content\/uploads\/2024\/09\/logo-redsys1-870x352-1.png 870w, https:\/\/ayto3.accesia.info\/wp-content\/uploads\/2024\/09\/logo-redsys1-870x352-1-300x121.png 300w, https:\/\/ayto3.accesia.info\/wp-content\/uploads\/2024\/09\/logo-redsys1-870x352-1-768x311.png 768w, https:\/\/ayto3.accesia.info\/wp-content\/uploads\/2024\/09\/logo-redsys1-870x352-1-18x7.png 18w\" sizes=\"auto, (max-width: 870px) 100vw, 870px\" \/>    \n        <\/div>\n    <!-- \/image-wrap -->\n    \n        <\/div>\n<!-- \/module image -->        <\/div>\n                    <div  data-lazy=\"1\" class=\"module_column sub_column col4-2 tb_w4kf926 last\">\n                    <!-- module image -->\n<div  class=\"module module-image tb_lsrm28 image-top   tf_mw\" data-lazy=\"1\">\n        <div class=\"image-wrap tf_rel tf_mw\">\n            <img loading=\"lazy\" decoding=\"async\" src=\"https:\/\/ayto3.accesia.info\/wp-content\/uploads\/2024\/09\/logo-cajamar-250x187.png\" width=\"250\" height=\"187\" class=\"wp-post-image wp-image-1602\" title=\"Logo Cajamar\" alt=\"Logo Cajamar\" srcset=\"https:\/\/ayto3.accesia.info\/wp-content\/uploads\/2024\/09\/logo-cajamar-250x187.png 250w, https:\/\/ayto3.accesia.info\/wp-content\/uploads\/2024\/09\/logo-cajamar-300x225.png 300w, https:\/\/ayto3.accesia.info\/wp-content\/uploads\/2024\/09\/logo-cajamar-768x576.png 768w, https:\/\/ayto3.accesia.info\/wp-content\/uploads\/2024\/09\/logo-cajamar-16x12.png 16w, https:\/\/ayto3.accesia.info\/wp-content\/uploads\/2024\/09\/logo-cajamar.png 800w\" sizes=\"auto, (max-width: 250px) 100vw, 250px\" \/>    \n        <\/div>\n    <!-- \/image-wrap -->\n    \n        <\/div>\n<!-- \/module image -->        <\/div>\n                    <\/div>\n                <\/div>\n                        <\/div>\n        <\/div>\n                        <div  data-lazy=\"1\" class=\"module_row themify_builder_row tb_xmoh4 tf_w\">\n                        <div class=\"row_inner col_align_top tb_col_count_1 tf_box tf_rel\">\n                        <div  data-lazy=\"1\" class=\"module_column tb-column col-full tb_hr7p4 first\">\n                    <!-- module text -->\n<div  class=\"module module-text tb_i3yz4\" data-lazy=\"1\">\n        <div  class=\"tb_text_wrap\">\n        <h2>Punt general dentrada de factures electr\u00f2niques<\/h2>    <\/div>\n<\/div>\n<!-- \/module text --><!-- module text -->\n<div  class=\"module module-text tb_3lmy4\" data-lazy=\"1\">\n        <div  class=\"tb_text_wrap\">\n        <p>Per Decret d&#039;Alcaldia de data 11\/07\/2014, s&#039;ha acordat l&#039;adhesi\u00f3 a la plataforma electr\u00f2nica FACe \u2013 Punt General d&#039;Entrada de Factures Electr\u00f2niques de la Secretaria d&#039;Estat d&#039;Administracions P\u00fabliques, del Ministeri d&#039;Hisenda i Administracions P\u00fabliques, prevista a la llei 25\/2013, de 27 de desembre, d&#039;impuls de la factura electr\u00f2nica i la creaci\u00f3 del registre comptable de factures al Sector P\u00fablic ia l&#039;Ordre Ministerial HAP\/1074\/2014, de 24 de juny, per la qual es regulen les condicions t\u00e8cniques i funcionals que ha de reunir el Punt General dEntrada de Factures Electr\u00f2niques.<br><br>FACe \u00e9s un Portal web des del qual els prove\u00efdors de l&#039;Ajuntament podran enviar les factures electr\u00f2nicament.&nbsp;<\/p>\n<p>FACe permet tant l&#039;enviament de factures com la consulta de l&#039;estat de la tramitaci\u00f3 o l&#039;anul\u00b7laci\u00f3 de les ja enviades. Aix\u00ed mateix, disposa d&#039;una aplicaci\u00f3 de Gesti\u00f3 de Facturaci\u00f3 Electr\u00f2nica per generar factures electr\u00f2niques.<br><br><strong>A partir del 15 de gener del 2015 ser\u00e0 obligat\u00f2ria la presentaci\u00f3 de factura electr\u00f2nica a partir de 1.000,00 \u20ac<\/strong>, incloent impostos, sent potestatiu les inferiors a aquest import.<br><br>Enlla\u00e7 al Portal:&nbsp;<a title=\"FACe\" href=\"http:\/\/www.face.gob.es\/es\/\" target=\"_blank\" rel=\"noopener\">www.face.gob.es\/es\/<\/a><br><br>Els&nbsp;<strong>codis DIR3 d&#039;aquest Ajuntament<\/strong>, d&#039;acord amb la seva estructura organitzativa, s\u00f3n:<\/p>    <\/div>\n<\/div>\n<!-- \/module text -->        <div  data-lazy=\"1\" class=\"module_subrow themify_builder_sub_row tf_w col_align_top tb_col_count_1 tb_bgeg5\">\n                <div  data-lazy=\"1\" class=\"module_column sub_column col-full tb_1egi5 first\">\n                    <!-- module text -->\n<div  class=\"module module-text tb_1ij8148\" data-lazy=\"1\">\n        <div  class=\"tb_text_wrap\">\n        <p><span style=\"font-size: 1em;\">Codi de loficina comptable:<\/span><span style=\"font-size: 1em; white-space: pre;\">\t<\/span><b style=\"font-size: 1em;\">L01120537 <\/b><span style=\"font-size: 1em;\">Ajuntament de Xilxes<br><\/span><span style=\"font-size: 1em;\">Codi de l&#039;\u00f2rgan gestor:<\/span><span style=\"font-size: 1em; white-space: pre;\">\t<\/span><span style=\"font-size: 1em;\"><b>L01120537 <\/b>Ajuntament de Xilxes<br><\/span><span style=\"font-size: 1em;\">Codi de la unitat de tramitaci\u00f3:<\/span><span style=\"font-size: 1em; white-space: pre;\">\t<\/span><span style=\"font-size: 1em;\"><b>L01120537 <\/b>Ajuntament de Xilxes<\/span><\/p>    <\/div>\n<\/div>\n<!-- \/module text -->        <\/div>\n                    <\/div>\n                <\/div>\n                        <\/div>\n        <\/div>\n                        <div  data-lazy=\"1\" class=\"module_row themify_builder_row tb_mdnb97 tf_w\">\n            <span class=\"tb_row_frame_wrap tf_overflow tf_abs\" data-lazy=\"1\"><span class=\"tb_row_frame tb_row_frame_top  tf_abs tf_hide tf_overflow tf_w\"><\/span><\/span>            <div class=\"row_inner col_align_top tb_col_count_1 tf_box tf_rel\">\n                        <div  data-lazy=\"1\" class=\"module_column tb-column tb_w8ja472 first\">\n                            <\/div>\n                        <\/div>\n        <\/div>\n        <\/div>\n<!--\/themify_builder_content-->","protected":false},"excerpt":{"rendered":"<p>Hacienda y \u00e1rea econ\u00f3mica Intervenci\u00f3n-TesoreriaImpresos<\/p>","protected":false},"author":1,"featured_media":0,"parent":59,"menu_order":0,"comment_status":"closed","ping_status":"closed","template":"","meta":{"footnotes":""},"class_list":["post-281","page","type-page","status-publish","hentry","has-post-title","has-post-date","has-post-category","has-post-tag","has-post-comment","has-post-author",""],"builder_content":"<h1>Hacienda y \u00e1rea econ\u00f3mica<\/h1> <h3>Intervenci\u00f3n-Tesoreria<br><br><strong style=\"color: rgb(0, 0, 0); font-size: 20px; letter-spacing: normal;\">Impresos<\/strong><\/h3>\n<a href=\"https:\/\/xilxes.es\/wp-content\/uploads\/2024\/09\/Comunicacin_datos_bancarios_IBAN_Partic_Clasula_RGPD_LOPD.pdf\" target=\"_blank\" rel=\"noopener\" id=\"Boton1\"> Impreso para la comunicaci\u00f3n de datos bancarios (particulares) <\/a>\n<a href=\"https:\/\/xilxes.es\/wp-content\/uploads\/2024\/09\/Comunicacin_datos_bancarios_IBAN_Emp_Clasula_RGPD_LOPD.pdf\" target=\"_blank\" rel=\"noopener\" id=\"Boton1\"> Impreso para la comunicaci\u00f3n de datos bancarios (personas jur\u00eddicas) <\/a>\n<a href=\"https:\/\/xilxes.es\/wp-content\/uploads\/2024\/09\/Solicitud_aplazamiento_fraccionamiento_v.pdf\" target=\"_blank\" rel=\"noopener\" id=\"Boton1\"> Impreso para solicitar aplazamiento o fraccionamiento <\/a>\n<img src=\"https:\/\/ayto3.accesia.info\/wp-content\/uploads\/2024\/09\/atencio_ciutadana-535x473.jpg\" width=\"535\" height=\"473\" title=\"Fotograf\u00eda de la Oficina de atenci\u00f3n ciudadana de Chilches\" alt=\"Fotograf\u00eda de la Oficina de atenci\u00f3n ciudadana de Chilches\">\n<h2>Calendario del contribuyente<\/h2>\n<p>Los periodos de pago de los tributos de vencimiento peri\u00f3dico correspondientes al ejercicio de 2024, son los siguientes:<br><\/p> <p><strong>1. Periodos de pago de los tributos gestionados por el Servicio de Gesti\u00f3n, Inspecci\u00f3n y Recaudaci\u00f3n de la Diputaci\u00f3n Provincial:<\/strong><\/p> <p><b>Primer cobro<\/b>:&nbsp;15 de marzo al 15 de mayo (adeudo de domiciliaciones el 5 de abril)<\/p> <p>Impuesto sobre Veh\u00edculos de Tracci\u00f3n Mec\u00e1nica&nbsp; &nbsp;<\/p> <p><b>Segundo cobro<\/b>: 6 de mayo al 8 de julio (adeudo de domiciliaciones el 5 de junio)<\/p> <p>IBI Urbana (1\u00ba pago, 50%)<\/p> <p><b>Tercer cobro<\/b>: 5 de julio al 5 de septiembre (adeudo de domiciliaciones el 5 de agosto)<\/p> <p>IBI Urbana (2\u00ba pago, 50%)<\/p> <p>IBI R\u00fastica<\/p> <p>IBI Caracter\u00edsticas Especiales<\/p> <p>Tasas (basura, residuos y vado)<\/p> <p>Impuesto Actividades Econ\u00f3micas<br><br><\/p> <p><strong>2. Periodos de Pago de los Tributos gestionados por la Sociedad de Fomento Agr\u00edcola Castellonense, S.A.&nbsp;<\/strong>(Periodicidad Trimestral)<\/p> <p>Tasa por distribuci\u00f3n de Agua<\/p> <p>Tasa Alcantarillado<\/p>\n<h2>Pago tributos (Autoliquidaciones y Liquidaciones) y otros ingresos<br>municipales (Fianzas y Sanciones de car\u00e1cter tributario)<\/h2>\n<p><strong>1.- En Entidades Colaboradoras:<br><\/strong><br><strong>CAIXA RURAL XILXES<\/strong><br><strong>LA CAIXA (CAIXABANK SA)<\/strong><\/p> <ul> <li>Oficinas y cajeros autom\u00e1ticos.<br><\/li> <li>Banca electr\u00f3nica \/ Banca on-line, si usted es cliente.<br><\/li> <li>En ventanilla, presentando el documento cobratorio (autoliquidaci\u00f3n, liquidaci\u00f3n, carta de pago) emitido por el Ayuntamiento (no es necesario ser cliente de estas entidades).<\/li> <\/ul> <p><br><strong>2.- En las oficinas del Ayuntamiento de Chilches<\/strong><\/p> <ul> <li>En ventanilla de entrada, mediante tarjeta de cr\u00e9dito o d\u00e9bito (Visa, MasterCard, Maestro) de cualquier entidad financiera<br><br><\/li> <\/ul> <p><strong>3.- En la web municipal<\/strong><\/p> <ul> <li>Haciendo uso de nuestro TPVV (Terminal de Punto de Venta Virtual), mediante tarjeta de cr\u00e9dito o d\u00e9bito (Visa, MasterCard, Maestro) de cualquier entidad financiera.<br><\/li> <li>Para proceder al pago haga clic en el logotipo correspondiente.<\/li> <\/ul>\n<img src=\"https:\/\/ayto3.accesia.info\/wp-content\/uploads\/2024\/09\/logo-redsys1-870x352-1.png\" title=\"Logo Redsys\" alt=\"Logo Redsys\" srcset=\"https:\/\/ayto3.accesia.info\/wp-content\/uploads\/2024\/09\/logo-redsys1-870x352-1.png 870w, https:\/\/ayto3.accesia.info\/wp-content\/uploads\/2024\/09\/logo-redsys1-870x352-1-300x121.png 300w, https:\/\/ayto3.accesia.info\/wp-content\/uploads\/2024\/09\/logo-redsys1-870x352-1-768x311.png 768w, https:\/\/ayto3.accesia.info\/wp-content\/uploads\/2024\/09\/logo-redsys1-870x352-1-18x7.png 18w\" sizes=\"(max-width: 870px) 100vw, 870px\" \/>\n<img src=\"https:\/\/ayto3.accesia.info\/wp-content\/uploads\/2024\/09\/logo-cajamar-250x187.png\" width=\"250\" height=\"187\" title=\"Logo Cajamar\" alt=\"Logo Cajamar\" srcset=\"https:\/\/ayto3.accesia.info\/wp-content\/uploads\/2024\/09\/logo-cajamar-250x187.png 250w, https:\/\/ayto3.accesia.info\/wp-content\/uploads\/2024\/09\/logo-cajamar-300x225.png 300w, https:\/\/ayto3.accesia.info\/wp-content\/uploads\/2024\/09\/logo-cajamar-768x576.png 768w, https:\/\/ayto3.accesia.info\/wp-content\/uploads\/2024\/09\/logo-cajamar-16x12.png 16w, https:\/\/ayto3.accesia.info\/wp-content\/uploads\/2024\/09\/logo-cajamar.png 800w\" sizes=\"(max-width: 250px) 100vw, 250px\" \/>\n<h2>Punto general de entrada de facturas electr\u00f3nicas<\/h2>\n<p>Por Decreto de Alcald\u00eda de fecha 11\/07\/2014, se ha acordado la adhesi\u00f3n a la plataforma electr\u00f3nica \u00abFACe \u2013 Punto General de Entrada de Facturas Electr\u00f3nicas\u00bb de la Secretar\u00eda de Estado de Administraciones P\u00fablicas, del Ministerio de Hacienda y Administraciones P\u00fablicas, prevista en la ley 25\/2013, de 27 de diciembre, de impulso de la factura electr\u00f3nica y la creaci\u00f3n del registro contable de facturas en el Sector P\u00fablico y en la Orden Ministerial HAP\/1074\/2014, de 24 de junio, por la que se regulan las condiciones t\u00e9cnicas y funcionales que debe reunir el Punto General de Entrada de Facturas Electr\u00f3nicas.<br><br>FACe es un Portal web desde el cual los proveedores del Ayuntamiento podr\u00e1n remitir sus facturas electr\u00f3nicamente.&nbsp;<\/p> <p>FACe permite tanto el env\u00edo de facturas como la consulta del estado de su tramitaci\u00f3n o la anulaci\u00f3n de las ya enviadas. Asimismo dispone de una aplicaci\u00f3n de Gesti\u00f3n de Facturaci\u00f3n Electr\u00f3nica para generar facturas electr\u00f3nicas.<br><br><strong>A partir del 15 de enero de 2015 ser\u00e1 obligatoria la presentaci\u00f3n de factura electr\u00f3nica a partir de 1.000,00 \u20ac<\/strong>, incluyendo impuestos, siendo potestativo las inferiores a dicho importe.<br><br>Enlace al Portal:&nbsp;<a title=\"FACe\" href=\"http:\/\/www.face.gob.es\/es\/\" target=\"_blank\" rel=\"noopener\">www.face.gob.es\/es\/<\/a><br><br>Los&nbsp;<strong>c\u00f3digos DIR3 de este Ayuntamiento<\/strong>, de acuerdo con su estructura organizativa, son:<\/p>\n<p>C\u00f3digo de la oficina contable: <b style=\"font-size: 1em;\">L01120537 <\/b>Ayuntamiento de Chilches<br>C\u00f3digo del \u00f3rgano gestor: <b>L01120537 <\/b>Ayuntamiento de Chilches<br>C\u00f3digo de la unidad de tramitaci\u00f3n: <b>L01120537 <\/b>Ayuntamiento de Chilches<\/p>","_links":{"self":[{"href":"https:\/\/ayto3.accesia.info\/ca\/wp-json\/wp\/v2\/pages\/281","targetHints":{"allow":["GET"]}}],"collection":[{"href":"https:\/\/ayto3.accesia.info\/ca\/wp-json\/wp\/v2\/pages"}],"about":[{"href":"https:\/\/ayto3.accesia.info\/ca\/wp-json\/wp\/v2\/types\/page"}],"author":[{"embeddable":true,"href":"https:\/\/ayto3.accesia.info\/ca\/wp-json\/wp\/v2\/users\/1"}],"replies":[{"embeddable":true,"href":"https:\/\/ayto3.accesia.info\/ca\/wp-json\/wp\/v2\/comments?post=281"}],"version-history":[{"count":33,"href":"https:\/\/ayto3.accesia.info\/ca\/wp-json\/wp\/v2\/pages\/281\/revisions"}],"predecessor-version":[{"id":1604,"href":"https:\/\/ayto3.accesia.info\/ca\/wp-json\/wp\/v2\/pages\/281\/revisions\/1604"}],"up":[{"embeddable":true,"href":"https:\/\/ayto3.accesia.info\/ca\/wp-json\/wp\/v2\/pages\/59"}],"wp:attachment":[{"href":"https:\/\/ayto3.accesia.info\/ca\/wp-json\/wp\/v2\/media?parent=281"}],"curies":[{"name":"wp","href":"https:\/\/api.w.org\/{rel}","templated":true}]}}