{"id":232,"date":"2024-09-02T19:46:36","date_gmt":"2024-09-02T19:46:36","guid":{"rendered":"https:\/\/ayto3.accesia.info\/ajuntament-copy\/"},"modified":"2024-09-11T06:07:04","modified_gmt":"2024-09-11T06:07:04","slug":"servicios-sociales","status":"publish","type":"page","link":"https:\/\/ayto3.accesia.info\/ca\/areas-municipales\/servicios-sociales\/","title":{"rendered":"Serveis socials"},"content":{"rendered":"<!--themify_builder_content-->\n<div id=\"themify_builder_content-232\" data-postid=\"232\" class=\"themify_builder_content themify_builder_content-232 themify_builder tf_clear\">\n                    <div  data-lazy=\"1\" class=\"module_row themify_builder_row tb_4jhb085 tb_first tf_w\">\n                        <div class=\"row_inner col_align_top tb_col_count_1 tf_box tf_rel\">\n                        <div  data-lazy=\"1\" class=\"module_column tb-column tb_a1ax814 first\">\n                            <\/div>\n                        <\/div>\n        <\/div>\n                        <div  data-lazy=\"1\" class=\"module_row themify_builder_row tb_x0vv240 tf_w\">\n                        <div class=\"row_inner col_align_top tb_col_count_2 tf_box tf_rel\">\n                        <div  data-lazy=\"1\" class=\"module_column tb-column col4-2 tb_bzf3240 first\">\n                    <!-- module text -->\n<div  class=\"module module-text tb_gczi240\" data-lazy=\"1\">\n        <div  class=\"tb_text_wrap\">\n        <h1>Serveis socials<\/h1>\n<h3>Informaci\u00f3 general<\/h3>    <\/div>\n<\/div>\n<!-- \/module text -->        <div  data-lazy=\"1\" class=\"module_subrow themify_builder_sub_row tf_w col_align_middle gutter-none tb_col_count_2 tb_1acw240\">\n                <div  data-lazy=\"1\" class=\"module_column sub_column tb_9b21240 first\">\n                    <!-- module icon -->\n<div  class=\"module module-icon tb_sdoc240    icon_horizontal\" data-lazy=\"1\">\n            <div class=\"module-icon-item\">\n                                                                <em class=\"tf_box\" style=\"background-color:#a30a0a;color:#ffffff\"><svg  class=\"tf_fa tf-far-clock\" aria-hidden=\"true\"><use href=\"#tf-far-clock\"><\/use><\/svg><\/em>\n                                                        <\/div>\n    <\/div>\n<!-- \/module icon -->\n        <\/div>\n                    <div  data-lazy=\"1\" class=\"module_column sub_column tb_966n240 last\">\n                    <!-- module text -->\n<div  class=\"module module-text tb_0ow9240\" data-lazy=\"1\">\n        <div  class=\"tb_text_wrap\">\n        <p><span style=\"color: #343434; font-family: Arial; font-weight: bolder; font-size: 1em;\">Horari d&#039;Atenci\u00f3 al P\u00fablic:<br><\/span><span style=\"font-size: 1em;\"><br><span style=\"font-weight: bold;\">Treballadora social:<\/span><br>Dilluns de 9 a 11 i de 12 a 14 hores\u00a0<br><\/span><span style=\"font-size: 1em;\">Dimecres de 9 a 11 i de 12 a 14 hores\u00a0<br><\/span><\/p>\n<p>Tardes amb cita pr\u00e8via.\u00a0<span style=\"font-size: 1em;\">Possibilitat de ser at\u00e8s fora daquest horari per\u00f2 sempre amb cita pr\u00e8via concertada directament amb la treballadora social al tel\u00e8fon del departament.<\/span><\/p>\n<p><span style=\"font-weight: bold;\">Psic\u00f2loga:\u00a0<\/span>amb cita pr\u00e8via<\/p>    <\/div>\n<\/div>\n<!-- \/module text -->        <\/div>\n                    <\/div>\n                <div  data-lazy=\"1\" class=\"module_subrow themify_builder_sub_row tf_w col_align_middle gutter-none tb_col_count_2 tb_3zgv240\">\n                <div  data-lazy=\"1\" class=\"module_column sub_column tb_sti5240 first\">\n                    <!-- module icon -->\n<div  class=\"module module-icon tb_o5zl240    icon_horizontal\" data-lazy=\"1\">\n            <div class=\"module-icon-item\">\n                                                                <em class=\"tf_box\" style=\"background-color:#a30a0a;color:#ffffff\"><svg  class=\"tf_fa tf-ti-direction-alt\" aria-hidden=\"true\"><use href=\"#tf-ti-direction-alt\"><\/use><\/svg><\/em>\n                                                        <\/div>\n    <\/div>\n<!-- \/module icon -->\n        <\/div>\n                    <div  data-lazy=\"1\" class=\"module_column sub_column tb_s7yk240 last\">\n                    <!-- module text -->\n<div  class=\"module module-text tb_refn240\" data-lazy=\"1\">\n        <div  class=\"tb_text_wrap\">\n        <p><span style=\"box-sizing: border-box; font-weight: bolder; color: #343434; font-family: Arial;\">Ubicaci\u00f3:<\/span><span style=\"font-size: 1em;\"><span style=\"color: #343434; font-family: Arial;\"><span style=\"font-weight: bolder;\"><br><\/span><\/span><\/span><span style=\"color: #343434; font-family: Arial;\">C\/ Arquitecte Roman\u00ed, 3<\/span><br style=\"box-sizing: border-box; color: #343434; font-family: Arial;\"><span style=\"color: #343434; font-family: Arial;\">CP: 12592 (Xilxes)<\/span><\/p>    <\/div>\n<\/div>\n<!-- \/module text -->        <\/div>\n                    <\/div>\n                <div  data-lazy=\"1\" class=\"module_subrow themify_builder_sub_row tf_w col_align_middle gutter-none tb_col_count_2 tb_4ysb240\">\n                <div  data-lazy=\"1\" class=\"module_column sub_column tb_xnwz240 first\">\n                    <!-- module icon -->\n<div  class=\"module module-icon tb_zxnw240    icon_horizontal\" data-lazy=\"1\">\n            <div class=\"module-icon-item\">\n                                                                <em class=\"tf_box\" style=\"background-color:#a30a0a;color:#ffffff\"><svg  class=\"tf_fa tf-fas-phone-alt\" aria-hidden=\"true\"><use href=\"#tf-fas-phone-alt\"><\/use><\/svg><\/em>\n                                                        <\/div>\n    <\/div>\n<!-- \/module icon -->\n        <\/div>\n                    <div  data-lazy=\"1\" class=\"module_column sub_column tb_sxbu240 last\">\n                    <!-- module text -->\n<div  class=\"module module-text tb_cs3q240\" data-lazy=\"1\">\n        <div  class=\"tb_text_wrap\">\n        <p><span style=\"color: #343434; font-family: Arial;\"><span style=\"font-weight: bold;\">Tel\u00e8fon<\/span>: <a href=\"tel:964583344\">964 583 344<\/a><\/span><\/p>    <\/div>\n<\/div>\n<!-- \/module text -->        <\/div>\n                    <\/div>\n                <div  data-lazy=\"1\" class=\"module_subrow themify_builder_sub_row tf_w col_align_middle gutter-none tb_col_count_2 tb_y0hz240\">\n                <div  data-lazy=\"1\" class=\"module_column sub_column tb_qjir240 first\">\n                    <!-- module icon -->\n<div  class=\"module module-icon tb_pxg1240    icon_horizontal\" data-lazy=\"1\">\n            <div class=\"module-icon-item\">\n                                                                <em class=\"tf_box\" style=\"background-color:#a30a0a;color:#ffffff\"><svg  class=\"tf_fa tf-fas-print\" aria-hidden=\"true\"><use href=\"#tf-fas-print\"><\/use><\/svg><\/em>\n                                                        <\/div>\n    <\/div>\n<!-- \/module icon -->\n        <\/div>\n                    <div  data-lazy=\"1\" class=\"module_column sub_column tb_pl6r240 last\">\n                    <!-- module text -->\n<div  class=\"module module-text tb_0eui240\" data-lazy=\"1\">\n        <div  class=\"tb_text_wrap\">\n        <p><span style=\"color: #343434; font-family: Arial; font-size: 1em;\"><b>Fax: <\/b>964 590 425<\/span><\/p>    <\/div>\n<\/div>\n<!-- \/module text -->        <\/div>\n                    <\/div>\n                <\/div>\n                    <div  data-lazy=\"1\" class=\"module_column tb-column col4-2 tb_4xu6240 last\">\n                    <!-- module image -->\n<div  class=\"module module-image tb_g50v240 image-top rounded drop-shadow  auto_fullwidth tf_mw\" data-lazy=\"1\">\n        <div class=\"image-wrap tf_rel tf_mw\">\n            <img loading=\"lazy\" decoding=\"async\" src=\"https:\/\/ayto3.accesia.info\/wp-content\/uploads\/2024\/09\/serveis_socials-554x880.jpeg\" width=\"554\" height=\"880\" class=\"wp-post-image wp-image-680\" title=\"Instal\u00b7lacions serveis socials\" alt=\"Fotograf\u00eda de Instalaciones servicios sociales\">    \n        <\/div>\n    <!-- \/image-wrap -->\n    \n        <\/div>\n<!-- \/module image -->        <\/div>\n                        <\/div>\n        <\/div>\n                        <div  data-lazy=\"1\" class=\"module_row themify_builder_row tb_8rtl522 tf_w\">\n            <span class=\"tb_row_frame_wrap tf_overflow tf_abs\" data-lazy=\"1\"><span class=\"tb_row_frame tb_row_frame_top  tf_abs tf_hide tf_overflow tf_w\"><\/span><\/span>            <div class=\"row_inner col_align_top tb_col_count_1 tf_box tf_rel\">\n                        <div  data-lazy=\"1\" class=\"module_column tb-column col-full tb_oo6g050 first\">\n                            <\/div>\n                        <\/div>\n        <\/div>\n        <\/div>\n<!--\/themify_builder_content-->","protected":false},"excerpt":{"rendered":"<p>Servicios sociales Informaci\u00f3n general<\/p>","protected":false},"author":1,"featured_media":0,"parent":59,"menu_order":0,"comment_status":"closed","ping_status":"closed","template":"","meta":{"footnotes":""},"class_list":["post-232","page","type-page","status-publish","hentry","has-post-title","has-post-date","has-post-category","has-post-tag","has-post-comment","has-post-author",""],"builder_content":"<h1>Servicios sociales<\/h1> <h3>Informaci\u00f3n general<\/h3>\n<em style=\"background-color:#a30a0a;color:#ffffff\"><svg aria-hidden=\"true\"><use href=\"#tf-far-clock\"><\/use><\/svg><\/em>\n<p>Horario de Atenci\u00f3n al P\u00fablico:<br><br>Trabajadora social:<br>Lunes de 9 a 11 y de 12 a 14 horas\u00a0<br>Mi\u00e9rcoles de 9 a 11 y de 12 a 14 horas\u00a0<br><\/p> <p>Tardes con cita previa.\u00a0Posibilidad de ser atendido fuera de este horario pero siempre con cita previa concertada directamente con la trabajadora social al tel\u00e9fono del departamento.<\/p> <p>Psic\u00f3loga:\u00a0con cita previa<\/p>\n<em style=\"background-color:#a30a0a;color:#ffffff\"><svg aria-hidden=\"true\"><use href=\"#tf-ti-direction-alt\"><\/use><\/svg><\/em>\n<p>Ubicaci\u00f3n:<br>C\/ Arquitecto Roman\u00ed, 3<br style=\"box-sizing: border-box; color: #343434; font-family: Arial;\">CP: 12592 (Chilches)<\/p>\n<em style=\"background-color:#a30a0a;color:#ffffff\"><svg aria-hidden=\"true\"><use href=\"#tf-fas-phone-alt\"><\/use><\/svg><\/em>\n<p>Tel\u00e9fono: <a href=\"tel:964583344\">964 583 344<\/a><\/p>\n<em style=\"background-color:#a30a0a;color:#ffffff\"><svg aria-hidden=\"true\"><use href=\"#tf-fas-print\"><\/use><\/svg><\/em>\n<p><b>Fax: <\/b>964 590 425<\/p>\n<img src=\"https:\/\/ayto3.accesia.info\/wp-content\/uploads\/2024\/09\/serveis_socials-554x880.jpeg\" width=\"554\" height=\"880\" title=\"Instalaciones servicios sociales\" alt=\"Fotograf\u00eda de Instalaciones servicios sociales\">","_links":{"self":[{"href":"https:\/\/ayto3.accesia.info\/ca\/wp-json\/wp\/v2\/pages\/232","targetHints":{"allow":["GET"]}}],"collection":[{"href":"https:\/\/ayto3.accesia.info\/ca\/wp-json\/wp\/v2\/pages"}],"about":[{"href":"https:\/\/ayto3.accesia.info\/ca\/wp-json\/wp\/v2\/types\/page"}],"author":[{"embeddable":true,"href":"https:\/\/ayto3.accesia.info\/ca\/wp-json\/wp\/v2\/users\/1"}],"replies":[{"embeddable":true,"href":"https:\/\/ayto3.accesia.info\/ca\/wp-json\/wp\/v2\/comments?post=232"}],"version-history":[{"count":27,"href":"https:\/\/ayto3.accesia.info\/ca\/wp-json\/wp\/v2\/pages\/232\/revisions"}],"predecessor-version":[{"id":1097,"href":"https:\/\/ayto3.accesia.info\/ca\/wp-json\/wp\/v2\/pages\/232\/revisions\/1097"}],"up":[{"embeddable":true,"href":"https:\/\/ayto3.accesia.info\/ca\/wp-json\/wp\/v2\/pages\/59"}],"wp:attachment":[{"href":"https:\/\/ayto3.accesia.info\/ca\/wp-json\/wp\/v2\/media?parent=232"}],"curies":[{"name":"wp","href":"https:\/\/api.w.org\/{rel}","templated":true}]}}