{"id":185,"date":"2024-09-02T19:14:35","date_gmt":"2024-09-02T19:14:35","guid":{"rendered":"https:\/\/ayto3.accesia.info\/?page_id=185"},"modified":"2024-09-18T04:57:11","modified_gmt":"2024-09-18T04:57:11","slug":"noticias","status":"publish","type":"page","link":"https:\/\/ayto3.accesia.info\/ca\/noticias\/","title":{"rendered":"Not\u00edcies"},"content":{"rendered":"<!--themify_builder_content-->\n<div id=\"themify_builder_content-185\" data-postid=\"185\" class=\"themify_builder_content themify_builder_content-185 themify_builder tf_clear\">\n                    <div  data-lazy=\"1\" class=\"module_row themify_builder_row tb_lr6c772 tb_first tf_w\">\n                        <div class=\"row_inner col_align_top tb_col_count_1 tf_box tf_rel\">\n                        <div  data-lazy=\"1\" class=\"module_column tb-column col-full tb_ozq2774 first\">\n                    <!-- module text -->\n<div  class=\"module module-text tb_b2xj979\" data-lazy=\"1\">\n        <div  class=\"tb_text_wrap\">\n        <h1><span>Not\u00edcies<\/span><\/h1>\n    <\/div>\n<\/div>\n<!-- \/module text -->        <div  data-lazy=\"1\" class=\"module_subrow themify_builder_sub_row tf_w col_align_top tb_col_count_1 tb_x9tv709\">\n                <div  data-lazy=\"1\" class=\"module_column sub_column col-full tb_j6bs709 first\">\n                    <!-- module post -->\n<div  class=\"module module-post tb_pqkc709\">\n    <div  class=\"builder-posts-wrap loops-wrapper grid3 tf_clear tf_clearfix\" data-lazy=\"1\">\n    <article id=\"post-1190\" class=\"post tf_clearfix post-1190 type-post status-publish format-standard has-post-thumbnail hentry category-uncategorized has-post-title has-post-date has-post-category has-post-tag has-post-comment has-post-author\">\n\t    \n\t                <figure class=\"post-image tf_clearfix\">\n                                                            <a href=\"https:\/\/ayto3.accesia.info\/ca\/xilxes-abre-una-bolsa-de-trabajo-para-la-contratacion-temporal-de-peones-del-servicio-de-limpieza-viaria-y-de-playas\/\">\n                                        <img loading=\"lazy\" decoding=\"async\" src=\"https:\/\/ayto3.accesia.info\/wp-content\/uploads\/2024\/09\/limpieza-1024x572-700x450.jpg\" width=\"700\" height=\"450\" class=\"wp-post-image wp-image-1191\" title=\"neteja\" alt=\"limpieza\">                                                                    <\/a>\n                                                                <\/figure>\n                    \t<div class=\"post-content\">\n\t\t<div class=\"post-content-inner\">\n\n\t\t\t\t\t\t\t\t<div class=\"post-date-wrap post-date-inline\">\n\t\t<time class=\"post-date entry-date updated\" datetime=\"2024-09-19\">\n\t\t\t\t\t<span class=\"year\">setembre 19, 2024<\/span>\n\t\t\t\t<\/time>\n\t<\/div><!-- .post-date-wrap -->\n\t\t\t\t\n\t\t\t<h2 class=\"post-title entry-title\"><a href=\"https:\/\/ayto3.accesia.info\/ca\/xilxes-abre-una-bolsa-de-trabajo-para-la-contratacion-temporal-de-peones-del-servicio-de-limpieza-viaria-y-de-playas\/\">Xilxes obre una borsa de treball per a la contractaci\u00f3 temporal de peons del servei de neteja vi\u00e0ria i de platges<\/a><\/h2>\n\t\t\t\n\t\t\t\n\t\t\t        <div class=\"entry-content\">\n\n        \n            \n                \n            \n        <\/div><!-- \/.entry-content -->\n        \n\t\t<\/div>\n\t\t<!-- \/.post-content-inner -->\n\t<\/div>\n\t<!-- \/.post-content -->\n\t\n<\/article>\n<!-- \/.post -->\n<article id=\"post-1186\" class=\"post tf_clearfix post-1186 type-post status-publish format-standard has-post-thumbnail hentry category-uncategorized has-post-title has-post-date has-post-category has-post-tag has-post-comment has-post-author\">\n\t    \n\t                <figure class=\"post-image tf_clearfix\">\n                                                            <a href=\"https:\/\/ayto3.accesia.info\/ca\/xilxes-aprueba-la-convocatoria-de-un-concurso-oposicion-para-la-contratacion-de-un-agente-de-empleo-y-desarrollo-local\/\">\n                                        <img loading=\"lazy\" decoding=\"async\" src=\"https:\/\/ayto3.accesia.info\/wp-content\/uploads\/2024\/09\/EXAMEN-1024x683-700x450.jpg\" width=\"700\" height=\"450\" class=\"wp-post-image wp-image-1187\" title=\"EXAMEN\" alt=\"EXAMEN\" srcset=\"https:\/\/ayto3.accesia.info\/wp-content\/uploads\/2024\/09\/EXAMEN-1024x683-700x450.jpg 700w, https:\/\/ayto3.accesia.info\/wp-content\/uploads\/2024\/09\/EXAMEN-18x12.jpg 18w\" sizes=\"auto, (max-width: 700px) 100vw, 700px\" \/>                                                                    <\/a>\n                                                                <\/figure>\n                    \t<div class=\"post-content\">\n\t\t<div class=\"post-content-inner\">\n\n\t\t\t\t\t\t\t\t<div class=\"post-date-wrap post-date-inline\">\n\t\t<time class=\"post-date entry-date updated\" datetime=\"2024-09-18\">\n\t\t\t\t\t<span class=\"year\">setembre 18, 2024<\/span>\n\t\t\t\t<\/time>\n\t<\/div><!-- .post-date-wrap -->\n\t\t\t\t\n\t\t\t<h2 class=\"post-title entry-title\"><a href=\"https:\/\/ayto3.accesia.info\/ca\/xilxes-aprueba-la-convocatoria-de-un-concurso-oposicion-para-la-contratacion-de-un-agente-de-empleo-y-desarrollo-local\/\">Xilxes aprova la convocat\u00f2ria d&#039;un concurs oposici\u00f3 per a la contractaci\u00f3 d&#039;un agent d&#039;ocupaci\u00f3 i desenvolupament local<\/a><\/h2>\n\t\t\t\n\t\t\t\n\t\t\t        <div class=\"entry-content\">\n\n        \n            \n                \n            \n        <\/div><!-- \/.entry-content -->\n        \n\t\t<\/div>\n\t\t<!-- \/.post-content-inner -->\n\t<\/div>\n\t<!-- \/.post-content -->\n\t\n<\/article>\n<!-- \/.post -->\n<article id=\"post-1174\" class=\"post tf_clearfix post-1174 type-post status-publish format-standard has-post-thumbnail hentry category-uncategorized has-post-title has-post-date has-post-category has-post-tag has-post-comment has-post-author\">\n\t    \n\t                <figure class=\"post-image tf_clearfix\">\n                                                            <a href=\"https:\/\/ayto3.accesia.info\/ca\/chilches-celebra-las-fiestas-de-san-roque-del-9-al-20-de-agosto\/\">\n                                        <img loading=\"lazy\" decoding=\"async\" src=\"https:\/\/ayto3.accesia.info\/wp-content\/uploads\/2024\/09\/FestesSantRoc23-700x450.png\" width=\"700\" height=\"450\" class=\"wp-post-image wp-image-1175\" title=\"FestesSantRoc23\" alt=\"FestesSantRoc23\">                                                                    <\/a>\n                                                                <\/figure>\n                    \t<div class=\"post-content\">\n\t\t<div class=\"post-content-inner\">\n\n\t\t\t\t\t\t\t\t<div class=\"post-date-wrap post-date-inline\">\n\t\t<time class=\"post-date entry-date updated\" datetime=\"2024-09-17\">\n\t\t\t\t\t<span class=\"year\">setembre 17, 2024<\/span>\n\t\t\t\t<\/time>\n\t<\/div><!-- .post-date-wrap -->\n\t\t\t\t\n\t\t\t<h2 class=\"post-title entry-title\"><a href=\"https:\/\/ayto3.accesia.info\/ca\/chilches-celebra-las-fiestas-de-san-roque-del-9-al-20-de-agosto\/\">Chilches celebra les Festes de Sant Roc del 9 al 20 d&#039;agost<\/a><\/h2>\n\t\t\t\n\t\t\t\n\t\t\t        <div class=\"entry-content\">\n\n        \n            \n                \n            \n        <\/div><!-- \/.entry-content -->\n        \n\t\t<\/div>\n\t\t<!-- \/.post-content-inner -->\n\t<\/div>\n\t<!-- \/.post-content -->\n\t\n<\/article>\n<!-- \/.post -->\n<article id=\"post-1182\" class=\"post tf_clearfix post-1182 type-post status-publish format-standard has-post-thumbnail hentry category-uncategorized has-post-title has-post-date has-post-category has-post-tag has-post-comment has-post-author\">\n\t    \n\t                <figure class=\"post-image tf_clearfix\">\n                                                            <a href=\"https:\/\/ayto3.accesia.info\/ca\/xilxes-aprueba-en-pleno-destinar-93-000-euros-del-remanente-para-el-pago-de-becas-la-accesibilidad-de-la-pasarela-y-el-mantenimiento-de-las-playas\/\">\n                                        <img loading=\"lazy\" decoding=\"async\" src=\"https:\/\/ayto3.accesia.info\/wp-content\/uploads\/2024\/09\/Ajuntament-1024x683-700x450.jpg\" width=\"700\" height=\"450\" class=\"wp-post-image wp-image-1183\" title=\"Ajuntament\" alt=\"Ajuntament\" srcset=\"https:\/\/ayto3.accesia.info\/wp-content\/uploads\/2024\/09\/Ajuntament-1024x683-700x450.jpg 700w, https:\/\/ayto3.accesia.info\/wp-content\/uploads\/2024\/09\/Ajuntament-18x12.jpg 18w\" sizes=\"auto, (max-width: 700px) 100vw, 700px\" \/>                                                                    <\/a>\n                                                                <\/figure>\n                    \t<div class=\"post-content\">\n\t\t<div class=\"post-content-inner\">\n\n\t\t\t\t\t\t\t\t<div class=\"post-date-wrap post-date-inline\">\n\t\t<time class=\"post-date entry-date updated\" datetime=\"2024-09-15\">\n\t\t\t\t\t<span class=\"year\">setembre 15, 2024<\/span>\n\t\t\t\t<\/time>\n\t<\/div><!-- .post-date-wrap -->\n\t\t\t\t\n\t\t\t<h2 class=\"post-title entry-title\"><a href=\"https:\/\/ayto3.accesia.info\/ca\/xilxes-aprueba-en-pleno-destinar-93-000-euros-del-remanente-para-el-pago-de-becas-la-accesibilidad-de-la-pasarela-y-el-mantenimiento-de-las-playas\/\">Xilxes aprova en ple destinar 93.000 euros del romanent per al pagament de beques, l&#039;accessibilitat de la passarel\u00b7la i el manteniment de les platges<\/a><\/h2>\n\t\t\t\n\t\t\t\n\t\t\t        <div class=\"entry-content\">\n\n        \n            \n                \n            \n        <\/div><!-- \/.entry-content -->\n        \n\t\t<\/div>\n\t\t<!-- \/.post-content-inner -->\n\t<\/div>\n\t<!-- \/.post-content -->\n\t\n<\/article>\n<!-- \/.post -->\n<article id=\"post-1194\" class=\"post tf_clearfix post-1194 type-post status-publish format-standard has-post-thumbnail hentry category-uncategorized has-post-title has-post-date has-post-category has-post-tag has-post-comment has-post-author\">\n\t    \n\t                <figure class=\"post-image tf_clearfix\">\n                                                            <a href=\"https:\/\/ayto3.accesia.info\/ca\/xilxes-recibe-el-reconocimiento-de-municipio-turistico-de-singularidad-de-la-comunitat-valenciana\/\">\n                                        <img loading=\"lazy\" decoding=\"async\" src=\"https:\/\/ayto3.accesia.info\/wp-content\/uploads\/2024\/09\/Xilxes-1024x342-700x450.jpg\" width=\"700\" height=\"450\" class=\"wp-post-image wp-image-1195\" title=\"Xilxes\" alt=\"Xilxes\">                                                                    <\/a>\n                                                                <\/figure>\n                    \t<div class=\"post-content\">\n\t\t<div class=\"post-content-inner\">\n\n\t\t\t\t\t\t\t\t<div class=\"post-date-wrap post-date-inline\">\n\t\t<time class=\"post-date entry-date updated\" datetime=\"2024-09-13\">\n\t\t\t\t\t<span class=\"year\">setembre 13, 2024<\/span>\n\t\t\t\t<\/time>\n\t<\/div><!-- .post-date-wrap -->\n\t\t\t\t\n\t\t\t<h2 class=\"post-title entry-title\"><a href=\"https:\/\/ayto3.accesia.info\/ca\/xilxes-recibe-el-reconocimiento-de-municipio-turistico-de-singularidad-de-la-comunitat-valenciana\/\">Xilxes rep el reconeixement de municipi tur\u00edstic de singularitat de la Comunitat Valenciana<\/a><\/h2>\n\t\t\t\n\t\t\t\n\t\t\t        <div class=\"entry-content\">\n\n        \n            \n                \n            \n        <\/div><!-- \/.entry-content -->\n        \n\t\t<\/div>\n\t\t<!-- \/.post-content-inner -->\n\t<\/div>\n\t<!-- \/.post-content -->\n\t\n<\/article>\n<!-- \/.post -->\n<article id=\"post-1211\" class=\"post tf_clearfix post-1211 type-post status-publish format-standard has-post-thumbnail hentry category-uncategorized has-post-title has-post-date has-post-category has-post-tag has-post-comment has-post-author\">\n\t    \n\t                <figure class=\"post-image tf_clearfix\">\n                                                            <a href=\"https:\/\/ayto3.accesia.info\/ca\/la-cofradia-dels-dolors-de-xilxes-recibe-el-agradecimiento-de-incliva-por-su-apoyo-a-la-investigacion\/\">\n                                        <img loading=\"lazy\" decoding=\"async\" src=\"https:\/\/ayto3.accesia.info\/wp-content\/uploads\/2024\/09\/COFRADIA_DOLORS-1024x525-700x450.jpg\" width=\"700\" height=\"450\" class=\"wp-post-image wp-image-1212\" title=\"COFRADIA_DOLORS\" alt=\"COFRADIA_DOLORS\">                                                                    <\/a>\n                                                                <\/figure>\n                    \t<div class=\"post-content\">\n\t\t<div class=\"post-content-inner\">\n\n\t\t\t\t\t\t\t\t<div class=\"post-date-wrap post-date-inline\">\n\t\t<time class=\"post-date entry-date updated\" datetime=\"2024-09-12\">\n\t\t\t\t\t<span class=\"year\">setembre 12, 2024<\/span>\n\t\t\t\t<\/time>\n\t<\/div><!-- .post-date-wrap -->\n\t\t\t\t\n\t\t\t<h2 class=\"post-title entry-title\"><a href=\"https:\/\/ayto3.accesia.info\/ca\/la-cofradia-dels-dolors-de-xilxes-recibe-el-agradecimiento-de-incliva-por-su-apoyo-a-la-investigacion\/\">La Confraria dels Dolors de Xilxes rep l&#039;agra\u00efment d&#039;Incliva pel seu suport a la investigaci\u00f3<\/a><\/h2>\n\t\t\t\n\t\t\t\n\t\t\t        <div class=\"entry-content\">\n\n        \n            \n                \n            \n        <\/div><!-- \/.entry-content -->\n        \n\t\t<\/div>\n\t\t<!-- \/.post-content-inner -->\n\t<\/div>\n\t<!-- \/.post-content -->\n\t\n<\/article>\n<!-- \/.post -->\n    <\/div><!-- .builder-posts-wrap -->\n                                <link rel=\"prefetch\" as=\"document\" href=\"https:\/\/ayto3.accesia.info\/ca\/wp-json\/wp\/v2\/pages\/185\/page\/2\/\"\/><div class=\"pagenav tf_clear tf_box tf_textr tf_clearfix\"> <span class=\"number current\">1<\/span> <a href=\"https:\/\/ayto3.accesia.info\/ca\/wp-json\/wp\/v2\/pages\/185\/page\/2\/\" class=\"number\">2<\/a> <a href=\"https:\/\/ayto3.accesia.info\/ca\/wp-json\/wp\/v2\/pages\/185\/page\/3\/\" class=\"number\">3<\/a> <a href=\"https:\/\/ayto3.accesia.info\/ca\/wp-json\/wp\/v2\/pages\/185\/page\/4\/\" class=\"number\">4<\/a><a href=\"https:\/\/ayto3.accesia.info\/ca\/wp-json\/wp\/v2\/pages\/185\/page\/2\/\"  class=\"number nextp\">\u203a<\/a><a href=\"https:\/\/ayto3.accesia.info\/ca\/wp-json\/wp\/v2\/pages\/185\/page\/20\/\" title=\"\u00bb\" class=\"number lastp\">\u00bb<\/a><\/div>                <\/div>\n<!-- \/module post -->\n            <\/div>\n                    <\/div>\n                <\/div>\n                        <\/div>\n        <\/div>\n                        <div  data-lazy=\"1\" class=\"module_row themify_builder_row tb_lkmz646 tf_w\">\n            <span class=\"tb_row_frame_wrap tf_overflow tf_abs\" data-lazy=\"1\"><span class=\"tb_row_frame tb_row_frame_top  tf_abs tf_hide tf_overflow tf_w\"><\/span><\/span>            <div class=\"row_inner col_align_top tb_col_count_1 tf_box tf_rel\">\n                        <div  data-lazy=\"1\" class=\"module_column tb-column tb_ooaq646 first\">\n                            <\/div>\n                        <\/div>\n        <\/div>\n        <\/div>\n<!--\/themify_builder_content-->","protected":false},"excerpt":{"rendered":"<p>Not\u00edcies<\/p>","protected":false},"author":1,"featured_media":0,"parent":0,"menu_order":0,"comment_status":"closed","ping_status":"closed","template":"","meta":{"footnotes":""},"class_list":["post-185","page","type-page","status-publish","hentry","has-post-title","has-post-date","has-post-category","has-post-tag","has-post-comment","has-post-author",""],"builder_content":"<h1>Noticias<\/h1>","_links":{"self":[{"href":"https:\/\/ayto3.accesia.info\/ca\/wp-json\/wp\/v2\/pages\/185","targetHints":{"allow":["GET"]}}],"collection":[{"href":"https:\/\/ayto3.accesia.info\/ca\/wp-json\/wp\/v2\/pages"}],"about":[{"href":"https:\/\/ayto3.accesia.info\/ca\/wp-json\/wp\/v2\/types\/page"}],"author":[{"embeddable":true,"href":"https:\/\/ayto3.accesia.info\/ca\/wp-json\/wp\/v2\/users\/1"}],"replies":[{"embeddable":true,"href":"https:\/\/ayto3.accesia.info\/ca\/wp-json\/wp\/v2\/comments?post=185"}],"version-history":[{"count":9,"href":"https:\/\/ayto3.accesia.info\/ca\/wp-json\/wp\/v2\/pages\/185\/revisions"}],"predecessor-version":[{"id":1159,"href":"https:\/\/ayto3.accesia.info\/ca\/wp-json\/wp\/v2\/pages\/185\/revisions\/1159"}],"wp:attachment":[{"href":"https:\/\/ayto3.accesia.info\/ca\/wp-json\/wp\/v2\/media?parent=185"}],"curies":[{"name":"wp","href":"https:\/\/api.w.org\/{rel}","templated":true}]}}